{"id":14495,"date":"2014-03-28T11:27:19","date_gmt":"2014-03-28T11:27:19","guid":{"rendered":"https:\/\/bridge300.qodeinteractive.com\/?page_id=14495"},"modified":"2025-04-17T13:46:02","modified_gmt":"2025-04-17T13:46:02","slug":"quality","status":"publish","type":"page","link":"https:\/\/dexoprofile.eu\/en\/quality\/","title":{"rendered":"Quality"},"content":{"rendered":"\t\t<div data-elementor-type=\"wp-page\" data-elementor-id=\"14495\" class=\"elementor elementor-14495\">\n\t\t\t\t<div class=\"elementor-element elementor-element-1e0dfa8 e-flex e-con-boxed parallax_section_no qode_elementor_container_no e-con e-parent\" data-id=\"1e0dfa8\" data-element_type=\"container\">\n\t\t\t\t\t<div class=\"e-con-inner\">\n\t\t<div class=\"elementor-element elementor-element-100e0c0 e-flex e-con-boxed parallax_section_no qode_elementor_container_no e-con e-child\" data-id=\"100e0c0\" data-element_type=\"container\" data-settings=\"{&quot;background_background&quot;:&quot;classic&quot;}\">\n\t\t\t\t\t<div class=\"e-con-inner\">\n\t\t\t\t\t<\/div>\n\t\t\t\t<\/div>\n\t\t\t\t\t<\/div>\n\t\t\t\t<\/div>\n\t\t<div class=\"elementor-element elementor-element-4c2c362 e-flex e-con-boxed parallax_section_no qode_elementor_container_no e-con e-parent\" data-id=\"4c2c362\" data-element_type=\"container\" data-settings=\"{&quot;background_background&quot;:&quot;classic&quot;}\">\n\t\t\t\t\t<div class=\"e-con-inner\">\n\t\t\t\t<div class=\"elementor-element elementor-element-3115412 elementor-widget__width-initial elementor-widget elementor-widget-heading\" data-id=\"3115412\" data-element_type=\"widget\" data-widget_type=\"heading.default\">\n\t\t\t\t<div class=\"elementor-widget-container\">\n\t\t\t\t\t<h2 class=\"elementor-heading-title elementor-size-default\">Quality at all stages<\/h2>\t\t\t\t<\/div>\n\t\t\t\t<\/div>\n\t\t\t\t\t<\/div>\n\t\t\t\t<\/div>\n\t\t<div class=\"elementor-element elementor-element-a1f316d e-flex e-con-boxed parallax_section_no qode_elementor_container_no e-con e-parent\" data-id=\"a1f316d\" data-element_type=\"container\">\n\t\t\t\t\t<div class=\"e-con-inner\">\n\t\t\t\t<div class=\"elementor-element elementor-element-f6492bd elementor-widget elementor-widget-text-editor\" data-id=\"f6492bd\" data-element_type=\"widget\" data-widget_type=\"text-editor.default\">\n\t\t\t\t<div class=\"elementor-widget-container\">\n\t\t\t\t\t\t\t\t\t<p style=\"text-align: left;\">Our organization has ISO 9001 certification, it means that we had demonstrated its ability to consistently provide products and services that meet customer and regulatory requirements. It also signifies that our organization has implemented processes for continual improvement of the quality management system.<\/p>\t\t\t\t\t\t\t\t<\/div>\n\t\t\t\t<\/div>\n\t\t\t\t\t<\/div>\n\t\t\t\t<\/div>\n\t\t\t\t<section class=\"elementor-section elementor-inner-section elementor-element elementor-element-3d2283a elementor-section-boxed elementor-section-height-default elementor-section-height-default parallax_section_no qode_elementor_container_no\" data-id=\"3d2283a\" data-element_type=\"section\">\n\t\t\t\t\t\t<div class=\"elementor-container elementor-column-gap-no\">\n\t\t\t\t\t<div class=\"elementor-column elementor-col-100 elementor-inner-column elementor-element elementor-element-77a2aa7\" data-id=\"77a2aa7\" data-element_type=\"column\">\n\t\t\t<div class=\"elementor-widget-wrap elementor-element-populated\">\n\t\t\t\t\t\t<div class=\"elementor-element elementor-element-c492131 elementor-invisible elementor-widget elementor-widget-bridge_circles\" data-id=\"c492131\" data-element_type=\"widget\" data-settings=\"{&quot;_animation&quot;:&quot;fadeIn&quot;}\" data-widget_type=\"bridge_circles.default\">\n\t\t\t\t<div class=\"elementor-widget-container\">\n\t\t\t\t\t\n        <ul class=\"q_circles_holder five_columns no_line\" >\n\n            <li class=\"q_circle_outer\"><span class=\"q_circle_inner\"><span class=\"q_circle_inner2\" style=\"\"><i class=\"fa fa-check fa-3x\" style=\"\"><\/i><\/span><\/span><div class=\"q_circle_text_holder\"><h3 class=\"q_circle_title\" style=\"\">prior check<\/h3><p class=\"q_circle_text\" style=\"\">This involves checking raw materials when they arrive from suppliers to ensure they meet quality standards and specifications.<\/p><\/div><\/li><li class=\"q_circle_outer\"><span class=\"q_circle_inner\"><span class=\"q_circle_inner2\" style=\"\"><i class=\"fa fa-cogs fa-3x\" style=\"\"><\/i><\/span><\/span><div class=\"q_circle_text_holder\"><h3 class=\"q_circle_title\" style=\"\">in-process check<\/h3><p class=\"q_circle_text\" style=\"\">These checks at various stages of the production process are conducted to ensure that the items meet specified quality standards and requirements before proceeding to the next stage.<\/p><\/div><\/li><li class=\"q_circle_outer\"><span class=\"q_circle_inner\"><span class=\"q_circle_inner2\" style=\"\"><i class=\"fa fa-check-square-o fa-3x\" style=\"\"><\/i><\/span><\/span><div class=\"q_circle_text_holder\"><h3 class=\"q_circle_title\" style=\"\">final check<\/h3><p class=\"q_circle_text\" style=\"\">A final quality check is a crucial step in the manufacturing process where products are thoroughly examined before being released to customers.<\/p><\/div><\/li><li class=\"q_circle_outer\"><span class=\"q_circle_inner\"><span class=\"q_circle_inner2\" style=\"\"><i class=\"fa fa-file-o fa-3x\" style=\"\"><\/i><\/span><\/span><div class=\"q_circle_text_holder\"><h3 class=\"q_circle_title\" style=\"\">documentation<\/h3><p class=\"q_circle_text\" style=\"\">Documentation is a critical aspect of ensuring that products leaving the factory meet the required standards and specifications.<\/p><\/div><\/li><li class=\"q_circle_outer\"><span class=\"q_circle_inner\"><span class=\"q_circle_inner2\" style=\"\"><i class=\"fa fa-commenting-o fa-3x\" style=\"\"><\/i><\/span><\/span><div class=\"q_circle_text_holder\"><h3 class=\"q_circle_title\" style=\"\">feedback<\/h3><p class=\"q_circle_text\" style=\"\">Feedback is a valuable source of information that can drive continuous improvement and enhance overall product quality.<\/p><\/div><\/li>\n        <\/ul>\n\n        \t\t\t\t<\/div>\n\t\t\t\t<\/div>\n\t\t\t\t\t<\/div>\n\t\t<\/div>\n\t\t\t\t\t<\/div>\n\t\t<\/section>\n\t\t\t\t<section class=\"elementor-section elementor-top-section elementor-element elementor-element-5cdb2a7 elementor-section-boxed elementor-section-height-default elementor-section-height-default parallax_section_no qode_elementor_container_no\" data-id=\"5cdb2a7\" data-element_type=\"section\" data-settings=\"{&quot;background_background&quot;:&quot;classic&quot;}\">\n\t\t\t\t\t\t<div class=\"elementor-container elementor-column-gap-default\">\n\t\t\t\t\t<div class=\"elementor-column elementor-col-100 elementor-top-column elementor-element elementor-element-6ed5612f\" data-id=\"6ed5612f\" data-element_type=\"column\">\n\t\t\t<div class=\"elementor-widget-wrap elementor-element-populated\">\n\t\t\t\t\t\t<section class=\"elementor-section elementor-inner-section elementor-element elementor-element-13703c2 qode_elementor_container_inner elementor-section-boxed elementor-section-height-default elementor-section-height-default parallax_section_no\" data-id=\"13703c2\" data-element_type=\"section\">\n\t\t\t\t\t\t<div class=\"elementor-container elementor-column-gap-no\">\n\t\t\t\t\t<div class=\"elementor-column elementor-col-100 elementor-inner-column elementor-element elementor-element-b147213\" data-id=\"b147213\" data-element_type=\"column\">\n\t\t\t<div class=\"elementor-widget-wrap elementor-element-populated\">\n\t\t\t\t\t\t<div class=\"elementor-element elementor-element-2acd68dc elementor-widget elementor-widget-text-editor\" data-id=\"2acd68dc\" data-element_type=\"widget\" data-widget_type=\"text-editor.default\">\n\t\t\t\t<div class=\"elementor-widget-container\">\n\t\t\t\t\t\t\t\t\t<h2 style=\"text-align: center;\"><span style=\"color: #ffffff;\">declarations<\/span><\/h2>\t\t\t\t\t\t\t\t<\/div>\n\t\t\t\t<\/div>\n\t\t\t\t\t<\/div>\n\t\t<\/div>\n\t\t\t\t\t<\/div>\n\t\t<\/section>\n\t\t\t\t<section class=\"elementor-section elementor-inner-section elementor-element elementor-element-d61bb81 qode_elementor_container_inner elementor-section-boxed elementor-section-height-default elementor-section-height-default parallax_section_no\" data-id=\"d61bb81\" data-element_type=\"section\">\n\t\t\t\t\t\t<div class=\"elementor-container elementor-column-gap-default\">\n\t\t\t\t\t<div class=\"elementor-column elementor-col-25 elementor-inner-column elementor-element elementor-element-698ef149\" data-id=\"698ef149\" data-element_type=\"column\">\n\t\t\t<div class=\"elementor-widget-wrap elementor-element-populated\">\n\t\t\t\t\t\t<div class=\"elementor-element elementor-element-a22bac5 elementor-invisible elementor-widget elementor-widget-bridge_service_table\" data-id=\"a22bac5\" data-element_type=\"widget\" data-settings=\"{&quot;_animation&quot;:&quot;zoomIn&quot;}\" data-widget_type=\"bridge_service_table.default\">\n\t\t\t\t<div class=\"elementor-widget-container\">\n\t\t\t\t\t<div class='service_table_holder'><ul class='service_table_inner'><li class='service_table_title_holder ' style=''><div class='service_table_title_inner'><div class='service_table_title_inner2'><h3 class='service_title' style=''>CD profiles<\/h3><i class=\"qode_icon_font_awesome fa fa-download fa-3x\" style=\"\" ><\/i><\/div><\/div><\/li><li class='service_table_content' style=''><ul><li><span style=\"color: #005f9c;\"><strong><a style=\"color: #005f9c;\" href=\"https:\/\/dexoprofile.eu\/wp-content\/uploads\/2024\/04\/DECLARATION-OF-PERFORMANCE_Gypsum-Board-Metal-Profiles_CD_EN_v2.pdf\">Declaration_CD_profiles.pdf<\/a><\/strong><\/span><\/li><li>Tensile Strength - &gt;250 n\/mm2<\/li><li>Fire Resistance - A1<\/li><li>Raw Material - DX51D + Z100<\/li><\/ul><\/li><\/ul><\/div>\t\t\t\t<\/div>\n\t\t\t\t<\/div>\n\t\t\t\t\t<\/div>\n\t\t<\/div>\n\t\t\t\t<div class=\"elementor-column elementor-col-25 elementor-inner-column elementor-element elementor-element-8fcbe83\" data-id=\"8fcbe83\" data-element_type=\"column\">\n\t\t\t<div class=\"elementor-widget-wrap elementor-element-populated\">\n\t\t\t\t\t\t<div class=\"elementor-element elementor-element-a52f3d9 elementor-invisible elementor-widget elementor-widget-bridge_service_table\" data-id=\"a52f3d9\" data-element_type=\"widget\" data-settings=\"{&quot;_animation&quot;:&quot;zoomIn&quot;}\" data-widget_type=\"bridge_service_table.default\">\n\t\t\t\t<div class=\"elementor-widget-container\">\n\t\t\t\t\t<div class='service_table_holder'><ul class='service_table_inner'><li class='service_table_title_holder ' style=''><div class='service_table_title_inner'><div class='service_table_title_inner2'><h3 class='service_title' style=''>ud profiles<\/h3><i class=\"qode_icon_font_awesome fa fa-download fa-3x\" style=\"\" ><\/i><\/div><\/div><\/li><li class='service_table_content' style=''><ul><li><span style=\"color: #005f9c;\"><strong><a style=\"color: #005f9c;\" href=\"https:\/\/dexoprofile.eu\/wp-content\/uploads\/2024\/04\/DECLARATION-OF-PERFORMANCE_Gypsum-Board-Metal-Profiles_UD_EN_v2.pdf\">Declaration_UD_profiles.pdf<\/a><\/strong><\/span><\/li><li>Tensile Strength - &gt;250 n\/mm2<\/li><li>Fire Resistance - A1<\/li><li>Raw Material - DX51D + Z100<\/li><\/ul><\/li><\/ul><\/div>\t\t\t\t<\/div>\n\t\t\t\t<\/div>\n\t\t\t\t\t<\/div>\n\t\t<\/div>\n\t\t\t\t<div class=\"elementor-column elementor-col-25 elementor-inner-column elementor-element elementor-element-6fe09bf\" data-id=\"6fe09bf\" data-element_type=\"column\">\n\t\t\t<div class=\"elementor-widget-wrap elementor-element-populated\">\n\t\t\t\t\t\t<div class=\"elementor-element elementor-element-393c130 elementor-invisible elementor-widget elementor-widget-bridge_service_table\" data-id=\"393c130\" data-element_type=\"widget\" data-settings=\"{&quot;_animation&quot;:&quot;zoomIn&quot;}\" data-widget_type=\"bridge_service_table.default\">\n\t\t\t\t<div class=\"elementor-widget-container\">\n\t\t\t\t\t<div class='service_table_holder'><ul class='service_table_inner'><li class='service_table_title_holder ' style=''><div class='service_table_title_inner'><div class='service_table_title_inner2'><h3 class='service_title' style=''>cw profiles<\/h3><i class=\"qode_icon_font_awesome fa fa-download fa-3x\" style=\"\" ><\/i><\/div><\/div><\/li><li class='service_table_content' style=''><ul><li><span style=\"color: #005f9c;\"><strong><a style=\"color: #005f9c;\" href=\"https:\/\/dexoprofile.eu\/wp-content\/uploads\/2024\/04\/DECLARATION-OF-PERFORMANCE_Gypsum-Board-Metal-Profiles_CW_EN_v2.pdf\">Declaration_CW_profiles.pdf<\/a><\/strong><\/span><\/li><li>Tensile Strength - &gt;250 n\/mm2<\/li><li>Fire Resistance - A1<\/li><li>Raw Material - DX51D + Z100<\/li><\/ul><\/li><\/ul><\/div>\t\t\t\t<\/div>\n\t\t\t\t<\/div>\n\t\t\t\t\t<\/div>\n\t\t<\/div>\n\t\t\t\t<div class=\"elementor-column elementor-col-25 elementor-inner-column elementor-element elementor-element-7072e89\" data-id=\"7072e89\" data-element_type=\"column\">\n\t\t\t<div class=\"elementor-widget-wrap elementor-element-populated\">\n\t\t\t\t\t\t<div class=\"elementor-element elementor-element-abeb015 elementor-invisible elementor-widget elementor-widget-bridge_service_table\" data-id=\"abeb015\" data-element_type=\"widget\" data-settings=\"{&quot;_animation&quot;:&quot;zoomIn&quot;}\" data-widget_type=\"bridge_service_table.default\">\n\t\t\t\t<div class=\"elementor-widget-container\">\n\t\t\t\t\t<div class='service_table_holder'><ul class='service_table_inner'><li class='service_table_title_holder ' style=''><div class='service_table_title_inner'><div class='service_table_title_inner2'><h3 class='service_title' style=''>uw profiles<\/h3><i class=\"qode_icon_font_awesome fa fa-download fa-3x\" style=\"\" ><\/i><\/div><\/div><\/li><li class='service_table_content' style=''><ul><li><span style=\"color: #005f9c;\"><strong><a style=\"color: #005f9c;\" href=\"https:\/\/dexoprofile.eu\/wp-content\/uploads\/2024\/04\/DECLARATION-OF-PERFORMANCE_Gypsum-Board-Metal-Profiles_UW_EN_v2.pdf\">Declaration_UW_profiles.pdf<\/a><\/strong><\/span><\/li><li>Tensile Strength - &gt;250 n\/mm2<\/li><li>Fire Resistance - A1<\/li><li>Raw Material - DX51D + Z100<\/li><\/ul><\/li><\/ul><\/div>\t\t\t\t<\/div>\n\t\t\t\t<\/div>\n\t\t\t\t\t<\/div>\n\t\t<\/div>\n\t\t\t\t\t<\/div>\n\t\t<\/section>\n\t\t\t\t\t<\/div>\n\t\t<\/div>\n\t\t\t\t\t<\/div>\n\t\t<\/section>\n\t\t<div class=\"elementor-element elementor-element-dfb4bd5 e-flex e-con-boxed parallax_section_no qode_elementor_container_no e-con e-parent\" data-id=\"dfb4bd5\" data-element_type=\"container\">\n\t\t\t\t\t<div class=\"e-con-inner\">\n\t\t\t\t\t<\/div>\n\t\t\t\t<\/div>\n\t\t\t\t<\/div>\n\t\t","protected":false},"excerpt":{"rendered":"<p>Quality at all stages Our organization has ISO 9001 certification, it means that we had demonstrated its ability to consistently provide products and services that meet customer and regulatory requirements. It also signifies that our organization has implemented processes for continual improvement of the quality&#8230;<\/p>\n","protected":false},"author":1,"featured_media":0,"parent":0,"menu_order":0,"comment_status":"open","ping_status":"open","template":"full_width.php","meta":{"om_disable_all_campaigns":false,"_monsterinsights_skip_tracking":false,"_monsterinsights_sitenote_active":false,"_monsterinsights_sitenote_note":"","_monsterinsights_sitenote_category":0,"_uf_show_specific_survey":0,"_uf_disable_surveys":false,"footnotes":""},"class_list":["post-14495","page","type-page","status-publish","hentry"],"aioseo_notices":[],"yoast_head":"<!-- This site is optimized with the Yoast SEO plugin v22.3 - https:\/\/yoast.com\/wordpress\/plugins\/seo\/ -->\n<title>Quality - Dexoprofile<\/title>\n<meta name=\"robots\" content=\"index, follow, max-snippet:-1, max-image-preview:large, max-video-preview:-1\" \/>\n<link rel=\"canonical\" href=\"https:\/\/dexoprofile.eu\/en\/quality\/\" \/>\n<meta property=\"og:locale\" content=\"en_US\" \/>\n<meta property=\"og:type\" content=\"article\" \/>\n<meta property=\"og:title\" content=\"Quality - Dexoprofile\" \/>\n<meta property=\"og:description\" content=\"Quality at all stages Our organization has ISO 9001 certification, it means that we had demonstrated its ability to consistently provide products and services that meet customer and regulatory requirements. It also signifies that our organization has implemented processes for continual improvement of the quality...\" \/>\n<meta property=\"og:url\" content=\"https:\/\/dexoprofile.eu\/en\/quality\/\" \/>\n<meta property=\"og:site_name\" content=\"Dexoprofile\" \/>\n<meta property=\"article:modified_time\" content=\"2025-04-17T13:46:02+00:00\" \/>\n<meta name=\"twitter:card\" content=\"summary_large_image\" \/>\n<meta name=\"twitter:label1\" content=\"Est. reading time\" \/>\n\t<meta name=\"twitter:data1\" content=\"1 minute\" \/>\n<script type=\"application\/ld+json\" class=\"yoast-schema-graph\">{\"@context\":\"https:\/\/schema.org\",\"@graph\":[{\"@type\":\"WebPage\",\"@id\":\"https:\/\/dexoprofile.eu\/en\/quality\/\",\"url\":\"https:\/\/dexoprofile.eu\/en\/quality\/\",\"name\":\"Quality - Dexoprofile\",\"isPartOf\":{\"@id\":\"https:\/\/dexoprofile.eu\/en\/#website\"},\"datePublished\":\"2014-03-28T11:27:19+00:00\",\"dateModified\":\"2025-04-17T13:46:02+00:00\",\"breadcrumb\":{\"@id\":\"https:\/\/dexoprofile.eu\/en\/quality\/#breadcrumb\"},\"inLanguage\":\"en-US\",\"potentialAction\":[{\"@type\":\"ReadAction\",\"target\":[\"https:\/\/dexoprofile.eu\/en\/quality\/\"]}]},{\"@type\":\"BreadcrumbList\",\"@id\":\"https:\/\/dexoprofile.eu\/en\/quality\/#breadcrumb\",\"itemListElement\":[{\"@type\":\"ListItem\",\"position\":1,\"name\":\"Home\",\"item\":\"https:\/\/dexoprofile.eu\/en\/\"},{\"@type\":\"ListItem\",\"position\":2,\"name\":\"Quality\"}]},{\"@type\":\"WebSite\",\"@id\":\"https:\/\/dexoprofile.eu\/en\/#website\",\"url\":\"https:\/\/dexoprofile.eu\/en\/\",\"name\":\"Dexoprofile\",\"description\":\"DEXO PROFILE - standartini\u0173 ir nestandartini\u0173 matmen\u0173 GK profiliai pagaminti Lietuvoje. CD, UD, CW, UW gipso kartono montavimo profiliai, kuriuos galite u\u017esisakyti tiesiai i\u0161 gamyklos sand\u0117lio. Gaminame standartini\u0173 ir nestandartini\u0173 matmen\u0173 profilius. Vykdome projektinius u\u017esakymus.\",\"publisher\":{\"@id\":\"https:\/\/dexoprofile.eu\/en\/#organization\"},\"potentialAction\":[{\"@type\":\"SearchAction\",\"target\":{\"@type\":\"EntryPoint\",\"urlTemplate\":\"https:\/\/dexoprofile.eu\/en\/?s={search_term_string}\"},\"query-input\":\"required name=search_term_string\"}],\"inLanguage\":\"en-US\"},{\"@type\":\"Organization\",\"@id\":\"https:\/\/dexoprofile.eu\/en\/#organization\",\"name\":\"Dexoprofile\",\"url\":\"https:\/\/dexoprofile.eu\/en\/\",\"logo\":{\"@type\":\"ImageObject\",\"inLanguage\":\"en-US\",\"@id\":\"https:\/\/dexoprofile.eu\/en\/#\/schema\/logo\/image\/\",\"url\":\"https:\/\/dexoprofile.eu\/wp-content\/uploads\/2024\/03\/lll.png\",\"contentUrl\":\"https:\/\/dexoprofile.eu\/wp-content\/uploads\/2024\/03\/lll.png\",\"width\":1080,\"height\":1080,\"caption\":\"Dexoprofile\"},\"image\":{\"@id\":\"https:\/\/dexoprofile.eu\/en\/#\/schema\/logo\/image\/\"}}]}<\/script>\n<!-- \/ Yoast SEO plugin. -->","yoast_head_json":{"title":"Quality - Dexoprofile","robots":{"index":"index","follow":"follow","max-snippet":"max-snippet:-1","max-image-preview":"max-image-preview:large","max-video-preview":"max-video-preview:-1"},"canonical":"https:\/\/dexoprofile.eu\/en\/quality\/","og_locale":"en_US","og_type":"article","og_title":"Quality - Dexoprofile","og_description":"Quality at all stages Our organization has ISO 9001 certification, it means that we had demonstrated its ability to consistently provide products and services that meet customer and regulatory requirements. It also signifies that our organization has implemented processes for continual improvement of the quality...","og_url":"https:\/\/dexoprofile.eu\/en\/quality\/","og_site_name":"Dexoprofile","article_modified_time":"2025-04-17T13:46:02+00:00","twitter_card":"summary_large_image","twitter_misc":{"Est. reading time":"1 minute"},"schema":{"@context":"https:\/\/schema.org","@graph":[{"@type":"WebPage","@id":"https:\/\/dexoprofile.eu\/en\/quality\/","url":"https:\/\/dexoprofile.eu\/en\/quality\/","name":"Quality - Dexoprofile","isPartOf":{"@id":"https:\/\/dexoprofile.eu\/en\/#website"},"datePublished":"2014-03-28T11:27:19+00:00","dateModified":"2025-04-17T13:46:02+00:00","breadcrumb":{"@id":"https:\/\/dexoprofile.eu\/en\/quality\/#breadcrumb"},"inLanguage":"en-US","potentialAction":[{"@type":"ReadAction","target":["https:\/\/dexoprofile.eu\/en\/quality\/"]}]},{"@type":"BreadcrumbList","@id":"https:\/\/dexoprofile.eu\/en\/quality\/#breadcrumb","itemListElement":[{"@type":"ListItem","position":1,"name":"Home","item":"https:\/\/dexoprofile.eu\/en\/"},{"@type":"ListItem","position":2,"name":"Quality"}]},{"@type":"WebSite","@id":"https:\/\/dexoprofile.eu\/en\/#website","url":"https:\/\/dexoprofile.eu\/en\/","name":"Dexoprofile","description":"DEXO PROFILE - standartini\u0173 ir nestandartini\u0173 matmen\u0173 GK profiliai pagaminti Lietuvoje. CD, UD, CW, UW gipso kartono montavimo profiliai, kuriuos galite u\u017esisakyti tiesiai i\u0161 gamyklos sand\u0117lio. Gaminame standartini\u0173 ir nestandartini\u0173 matmen\u0173 profilius. Vykdome projektinius u\u017esakymus.","publisher":{"@id":"https:\/\/dexoprofile.eu\/en\/#organization"},"potentialAction":[{"@type":"SearchAction","target":{"@type":"EntryPoint","urlTemplate":"https:\/\/dexoprofile.eu\/en\/?s={search_term_string}"},"query-input":"required name=search_term_string"}],"inLanguage":"en-US"},{"@type":"Organization","@id":"https:\/\/dexoprofile.eu\/en\/#organization","name":"Dexoprofile","url":"https:\/\/dexoprofile.eu\/en\/","logo":{"@type":"ImageObject","inLanguage":"en-US","@id":"https:\/\/dexoprofile.eu\/en\/#\/schema\/logo\/image\/","url":"https:\/\/dexoprofile.eu\/wp-content\/uploads\/2024\/03\/lll.png","contentUrl":"https:\/\/dexoprofile.eu\/wp-content\/uploads\/2024\/03\/lll.png","width":1080,"height":1080,"caption":"Dexoprofile"},"image":{"@id":"https:\/\/dexoprofile.eu\/en\/#\/schema\/logo\/image\/"}}]}},"_links":{"self":[{"href":"https:\/\/dexoprofile.eu\/en\/wp-json\/wp\/v2\/pages\/14495","targetHints":{"allow":["GET"]}}],"collection":[{"href":"https:\/\/dexoprofile.eu\/en\/wp-json\/wp\/v2\/pages"}],"about":[{"href":"https:\/\/dexoprofile.eu\/en\/wp-json\/wp\/v2\/types\/page"}],"author":[{"embeddable":true,"href":"https:\/\/dexoprofile.eu\/en\/wp-json\/wp\/v2\/users\/1"}],"replies":[{"embeddable":true,"href":"https:\/\/dexoprofile.eu\/en\/wp-json\/wp\/v2\/comments?post=14495"}],"version-history":[{"count":91,"href":"https:\/\/dexoprofile.eu\/en\/wp-json\/wp\/v2\/pages\/14495\/revisions"}],"predecessor-version":[{"id":24495,"href":"https:\/\/dexoprofile.eu\/en\/wp-json\/wp\/v2\/pages\/14495\/revisions\/24495"}],"wp:attachment":[{"href":"https:\/\/dexoprofile.eu\/en\/wp-json\/wp\/v2\/media?parent=14495"}],"curies":[{"name":"wp","href":"https:\/\/api.w.org\/{rel}","templated":true}]}}