{"id":1452,"date":"2013-10-16T12:05:38","date_gmt":"2013-10-16T12:05:38","guid":{"rendered":"https:\/\/bridge300.qodeinteractive.com\/?page_id=1452"},"modified":"2025-08-13T06:33:44","modified_gmt":"2025-08-13T06:33:44","slug":"contact","status":"publish","type":"page","link":"https:\/\/dexoprofile.eu\/en\/contact\/","title":{"rendered":"Contact Us"},"content":{"rendered":"\t\t<div data-elementor-type=\"wp-page\" data-elementor-id=\"1452\" class=\"elementor elementor-1452\">\n\t\t\t\t<div class=\"elementor-element elementor-element-89983d4 e-flex e-con-boxed parallax_section_no qode_elementor_container_no e-con e-parent\" data-id=\"89983d4\" data-element_type=\"container\">\n\t\t\t\t\t<div class=\"e-con-inner\">\n\t\t\t\t\t<\/div>\n\t\t\t\t<\/div>\n\t\t<div class=\"elementor-element elementor-element-c724652 e-con-full e-flex parallax_section_no qode_elementor_container_no e-con e-parent\" data-id=\"c724652\" data-element_type=\"container\">\n\t\t<div class=\"elementor-element elementor-element-741900e e-con-full e-flex parallax_section_no qode_elementor_container_no e-con e-child\" data-id=\"741900e\" data-element_type=\"container\">\n\t\t\t\t<div class=\"elementor-element elementor-element-a637862 elementor-widget elementor-widget-text-editor\" data-id=\"a637862\" data-element_type=\"widget\" data-widget_type=\"text-editor.default\">\n\t\t\t\t<div class=\"elementor-widget-container\">\n\t\t\t\t\t\t\t\t\t<h3>contact us with any questions you may have about profile production and orders!<\/h3>\t\t\t\t\t\t\t\t<\/div>\n\t\t\t\t<\/div>\n\t\t\t\t<div class=\"elementor-element elementor-element-71d1aa3 elementor-widget elementor-widget-text-editor\" data-id=\"71d1aa3\" data-element_type=\"widget\" data-widget_type=\"text-editor.default\">\n\t\t\t\t<div class=\"elementor-widget-container\">\n\t\t\t\t\t\t\t\t\t<p><strong>DEXO PROFILE manufacturer and representative:<\/strong><\/p><p>UAB Joldija<\/p><p>Tikslo str. 10, Kaunas district<\/p><p>LT-54311, Lithuania<\/p><p>Email: <span style=\"color: #005f9c;\"><a style=\"color: #005f9c;\" href=\"mailto:info@dexoprofile.eu\">info@dexoprofile.eu<\/a><\/span><\/p><p>Phone: +370 612 58 263<\/p>\t\t\t\t\t\t\t\t<\/div>\n\t\t\t\t<\/div>\n\t\t\t\t<div class=\"elementor-element elementor-element-98ee320 elementor-widget__width-initial elementor-widget elementor-widget-google_maps\" data-id=\"98ee320\" data-element_type=\"widget\" data-widget_type=\"google_maps.default\">\n\t\t\t\t<div class=\"elementor-widget-container\">\n\t\t\t\t\t\t\t<div class=\"elementor-custom-embed\">\n\t\t\t<iframe loading=\"lazy\"\n\t\t\t\t\tsrc=\"https:\/\/maps.google.com\/maps?q=Tikslo%20g.%2010&#038;t=m&#038;z=11&#038;output=embed&#038;iwloc=near\"\n\t\t\t\t\ttitle=\"Tikslo g. 10\"\n\t\t\t\t\taria-label=\"Tikslo g. 10\"\n\t\t\t><\/iframe>\n\t\t<\/div>\n\t\t\t\t\t\t<\/div>\n\t\t\t\t<\/div>\n\t\t\t\t<\/div>\n\t\t<div class=\"elementor-element elementor-element-23e4d72 e-con-full e-flex parallax_section_no qode_elementor_container_no e-con e-child\" data-id=\"23e4d72\" data-element_type=\"container\">\n\t\t\t\t<div class=\"elementor-element elementor-element-611742c elementor-widget elementor-widget-text-editor\" data-id=\"611742c\" data-element_type=\"widget\" data-widget_type=\"text-editor.default\">\n\t\t\t\t<div class=\"elementor-widget-container\">\n\t\t\t\t\t\t\t\t\t<h3>We are the manufacturer, so you can buy the profiles you need without intermediaries, directly from our factory.<\/h3><p>\u00a0<\/p><h3>Contact us and we will offer you highly flexible solutions for the production and delivery of profiles in standard and non-standard dimensions to your facilities.<\/h3>\t\t\t\t\t\t\t\t<\/div>\n\t\t\t\t<\/div>\n\t\t\t\t<div class=\"elementor-element elementor-element-f5ea218 elementor-widget elementor-widget-qi_addons_for_elementor_contact_form_7\" data-id=\"f5ea218\" data-element_type=\"widget\" data-widget_type=\"qi_addons_for_elementor_contact_form_7.default\">\n\t\t\t\t<div class=\"elementor-widget-container\">\n\t\t\t\t\t<div class=\"qodef-shortcode qodef-m  qodef-qi-contact-form-7 \">\n\t\n<div class=\"wpcf7 no-js\" id=\"wpcf7-f19593-o1\" lang=\"en-US\" dir=\"ltr\">\n<div class=\"screen-reader-response\"><p role=\"status\" aria-live=\"polite\" aria-atomic=\"true\"><\/p> <ul><\/ul><\/div>\n<form action=\"\/en\/wp-json\/wp\/v2\/pages\/1452#wpcf7-f19593-o1\" method=\"post\" class=\"wpcf7-form init\" aria-label=\"Contact form\" novalidate=\"novalidate\" data-status=\"init\">\n<div style=\"display: none;\">\n<input type=\"hidden\" name=\"_wpcf7\" value=\"19593\" \/>\n<input type=\"hidden\" name=\"_wpcf7_version\" value=\"5.9.3\" \/>\n<input type=\"hidden\" name=\"_wpcf7_locale\" value=\"en_US\" \/>\n<input type=\"hidden\" name=\"_wpcf7_unit_tag\" value=\"wpcf7-f19593-o1\" \/>\n<input type=\"hidden\" name=\"_wpcf7_container_post\" value=\"0\" \/>\n<input type=\"hidden\" name=\"_wpcf7_posted_data_hash\" value=\"\" \/>\n<\/div>\n<label> First name\n    <span class=\"wpcf7-form-control-wrap\" data-name=\"first-name\"><input size=\"40\" class=\"wpcf7-form-control wpcf7-text wpcf7-validates-as-required\" autocomplete=\"first-name\" aria-required=\"true\" aria-invalid=\"false\" value=\"\" type=\"text\" name=\"first-name\" \/><\/span> <\/label>\n\n<label> Last name\n    <span class=\"wpcf7-form-control-wrap\" data-name=\"last-name\"><input size=\"40\" class=\"wpcf7-form-control wpcf7-text wpcf7-validates-as-required\" autocomplete=\"last-name\" aria-required=\"true\" aria-invalid=\"false\" value=\"\" type=\"text\" name=\"last-name\" \/><\/span> <\/label>\n\n<label> Email\n    <span class=\"wpcf7-form-control-wrap\" data-name=\"email\"><input size=\"40\" class=\"wpcf7-form-control wpcf7-email wpcf7-validates-as-required wpcf7-text wpcf7-validates-as-email\" autocomplete=\"email\" aria-required=\"true\" aria-invalid=\"false\" value=\"\" type=\"email\" name=\"email\" \/><\/span> <\/label>\n\n<label> Phone\n    <span class=\"wpcf7-form-control-wrap\" data-name=\"Phone\"><input size=\"40\" class=\"wpcf7-form-control wpcf7-tel wpcf7-text wpcf7-validates-as-tel\" aria-invalid=\"false\" value=\"\" type=\"tel\" name=\"Phone\" \/><\/span> <\/label>\n\n<label> Message\n    <span class=\"wpcf7-form-control-wrap\" data-name=\"message\"><textarea cols=\"40\" rows=\"10\" class=\"wpcf7-form-control wpcf7-textarea\" aria-invalid=\"false\" name=\"message\"><\/textarea><\/span> <\/label>\n\n<span class=\"wpcf7-form-control-wrap\" data-name=\"agree-policy\"><span class=\"wpcf7-form-control wpcf7-acceptance\"><span class=\"wpcf7-list-item\"><label><input type=\"checkbox\" name=\"agree-policy\" value=\"1\" aria-invalid=\"false\" \/><span class=\"wpcf7-list-item-label\">I have read and agreed to the terms of data processing and the <a href=\"\/en\/privacy-policy\">privacy policy<\/a>.<\/span><\/label><\/span><\/span><\/span>\n\n<input class=\"wpcf7-form-control wpcf7-submit has-spinner\" type=\"submit\" value=\"Submit\" \/><div class=\"wpcf7-response-output\" aria-hidden=\"true\"><\/div>\n<\/form>\n<\/div>\n<\/div>\n\t\t\t\t<\/div>\n\t\t\t\t<\/div>\n\t\t\t\t<\/div>\n\t\t\t\t<\/div>\n\t\t\t\t<\/div>\n\t\t","protected":false},"excerpt":{"rendered":"<p>contact us with any questions you may have about profile production and orders! DEXO PROFILE manufacturer and representative: UAB Joldija Tikslo str. 10, Kaunas district LT-54311, Lithuania Email: info@dexoprofile.eu Phone: +370 612 58 263 We are the manufacturer, so you can buy the profiles you&#8230;<\/p>\n","protected":false},"author":1,"featured_media":0,"parent":0,"menu_order":0,"comment_status":"open","ping_status":"open","template":"","meta":{"om_disable_all_campaigns":false,"_monsterinsights_skip_tracking":false,"_monsterinsights_sitenote_active":false,"_monsterinsights_sitenote_note":"","_monsterinsights_sitenote_category":0,"_uf_show_specific_survey":0,"_uf_disable_surveys":false,"footnotes":""},"class_list":["post-1452","page","type-page","status-publish","hentry"],"aioseo_notices":[],"yoast_head":"<!-- This site is optimized with the Yoast SEO plugin v22.3 - https:\/\/yoast.com\/wordpress\/plugins\/seo\/ -->\n<title>Contact Us - Dexoprofile<\/title>\n<meta name=\"robots\" content=\"index, follow, max-snippet:-1, max-image-preview:large, max-video-preview:-1\" \/>\n<link rel=\"canonical\" href=\"https:\/\/dexoprofile.eu\/en\/contact\/\" \/>\n<meta property=\"og:locale\" content=\"en_US\" \/>\n<meta property=\"og:type\" content=\"article\" \/>\n<meta property=\"og:title\" content=\"Contact Us - Dexoprofile\" \/>\n<meta property=\"og:description\" content=\"contact us with any questions you may have about profile production and orders! DEXO PROFILE manufacturer and representative: UAB Joldija Tikslo str. 10, Kaunas district LT-54311, Lithuania Email: info@dexoprofile.eu Phone: +370 612 58 263 We are the manufacturer, so you can buy the profiles you...\" \/>\n<meta property=\"og:url\" content=\"https:\/\/dexoprofile.eu\/en\/contact\/\" \/>\n<meta property=\"og:site_name\" content=\"Dexoprofile\" \/>\n<meta property=\"article:modified_time\" content=\"2025-08-13T06:33:44+00:00\" \/>\n<meta name=\"twitter:card\" content=\"summary_large_image\" \/>\n<meta name=\"twitter:label1\" content=\"Est. reading time\" \/>\n\t<meta name=\"twitter:data1\" content=\"1 minute\" \/>\n<script type=\"application\/ld+json\" class=\"yoast-schema-graph\">{\"@context\":\"https:\/\/schema.org\",\"@graph\":[{\"@type\":\"WebPage\",\"@id\":\"https:\/\/dexoprofile.eu\/en\/contact\/\",\"url\":\"https:\/\/dexoprofile.eu\/en\/contact\/\",\"name\":\"Contact Us - Dexoprofile\",\"isPartOf\":{\"@id\":\"https:\/\/dexoprofile.eu\/en\/#website\"},\"datePublished\":\"2013-10-16T12:05:38+00:00\",\"dateModified\":\"2025-08-13T06:33:44+00:00\",\"breadcrumb\":{\"@id\":\"https:\/\/dexoprofile.eu\/en\/contact\/#breadcrumb\"},\"inLanguage\":\"en-US\",\"potentialAction\":[{\"@type\":\"ReadAction\",\"target\":[\"https:\/\/dexoprofile.eu\/en\/contact\/\"]}]},{\"@type\":\"BreadcrumbList\",\"@id\":\"https:\/\/dexoprofile.eu\/en\/contact\/#breadcrumb\",\"itemListElement\":[{\"@type\":\"ListItem\",\"position\":1,\"name\":\"Home\",\"item\":\"https:\/\/dexoprofile.eu\/en\/\"},{\"@type\":\"ListItem\",\"position\":2,\"name\":\"Contact Us\"}]},{\"@type\":\"WebSite\",\"@id\":\"https:\/\/dexoprofile.eu\/en\/#website\",\"url\":\"https:\/\/dexoprofile.eu\/en\/\",\"name\":\"Dexoprofile\",\"description\":\"DEXO PROFILE - standartini\u0173 ir nestandartini\u0173 matmen\u0173 GK profiliai pagaminti Lietuvoje. CD, UD, CW, UW gipso kartono montavimo profiliai, kuriuos galite u\u017esisakyti tiesiai i\u0161 gamyklos sand\u0117lio. Gaminame standartini\u0173 ir nestandartini\u0173 matmen\u0173 profilius. Vykdome projektinius u\u017esakymus.\",\"publisher\":{\"@id\":\"https:\/\/dexoprofile.eu\/en\/#organization\"},\"potentialAction\":[{\"@type\":\"SearchAction\",\"target\":{\"@type\":\"EntryPoint\",\"urlTemplate\":\"https:\/\/dexoprofile.eu\/en\/?s={search_term_string}\"},\"query-input\":\"required name=search_term_string\"}],\"inLanguage\":\"en-US\"},{\"@type\":\"Organization\",\"@id\":\"https:\/\/dexoprofile.eu\/en\/#organization\",\"name\":\"Dexoprofile\",\"url\":\"https:\/\/dexoprofile.eu\/en\/\",\"logo\":{\"@type\":\"ImageObject\",\"inLanguage\":\"en-US\",\"@id\":\"https:\/\/dexoprofile.eu\/en\/#\/schema\/logo\/image\/\",\"url\":\"https:\/\/dexoprofile.eu\/wp-content\/uploads\/2024\/03\/lll.png\",\"contentUrl\":\"https:\/\/dexoprofile.eu\/wp-content\/uploads\/2024\/03\/lll.png\",\"width\":1080,\"height\":1080,\"caption\":\"Dexoprofile\"},\"image\":{\"@id\":\"https:\/\/dexoprofile.eu\/en\/#\/schema\/logo\/image\/\"}}]}<\/script>\n<!-- \/ Yoast SEO plugin. -->","yoast_head_json":{"title":"Contact Us - Dexoprofile","robots":{"index":"index","follow":"follow","max-snippet":"max-snippet:-1","max-image-preview":"max-image-preview:large","max-video-preview":"max-video-preview:-1"},"canonical":"https:\/\/dexoprofile.eu\/en\/contact\/","og_locale":"en_US","og_type":"article","og_title":"Contact Us - Dexoprofile","og_description":"contact us with any questions you may have about profile production and orders! DEXO PROFILE manufacturer and representative: UAB Joldija Tikslo str. 10, Kaunas district LT-54311, Lithuania Email: info@dexoprofile.eu Phone: +370 612 58 263 We are the manufacturer, so you can buy the profiles you...","og_url":"https:\/\/dexoprofile.eu\/en\/contact\/","og_site_name":"Dexoprofile","article_modified_time":"2025-08-13T06:33:44+00:00","twitter_card":"summary_large_image","twitter_misc":{"Est. reading time":"1 minute"},"schema":{"@context":"https:\/\/schema.org","@graph":[{"@type":"WebPage","@id":"https:\/\/dexoprofile.eu\/en\/contact\/","url":"https:\/\/dexoprofile.eu\/en\/contact\/","name":"Contact Us - Dexoprofile","isPartOf":{"@id":"https:\/\/dexoprofile.eu\/en\/#website"},"datePublished":"2013-10-16T12:05:38+00:00","dateModified":"2025-08-13T06:33:44+00:00","breadcrumb":{"@id":"https:\/\/dexoprofile.eu\/en\/contact\/#breadcrumb"},"inLanguage":"en-US","potentialAction":[{"@type":"ReadAction","target":["https:\/\/dexoprofile.eu\/en\/contact\/"]}]},{"@type":"BreadcrumbList","@id":"https:\/\/dexoprofile.eu\/en\/contact\/#breadcrumb","itemListElement":[{"@type":"ListItem","position":1,"name":"Home","item":"https:\/\/dexoprofile.eu\/en\/"},{"@type":"ListItem","position":2,"name":"Contact Us"}]},{"@type":"WebSite","@id":"https:\/\/dexoprofile.eu\/en\/#website","url":"https:\/\/dexoprofile.eu\/en\/","name":"Dexoprofile","description":"DEXO PROFILE - standartini\u0173 ir nestandartini\u0173 matmen\u0173 GK profiliai pagaminti Lietuvoje. CD, UD, CW, UW gipso kartono montavimo profiliai, kuriuos galite u\u017esisakyti tiesiai i\u0161 gamyklos sand\u0117lio. Gaminame standartini\u0173 ir nestandartini\u0173 matmen\u0173 profilius. Vykdome projektinius u\u017esakymus.","publisher":{"@id":"https:\/\/dexoprofile.eu\/en\/#organization"},"potentialAction":[{"@type":"SearchAction","target":{"@type":"EntryPoint","urlTemplate":"https:\/\/dexoprofile.eu\/en\/?s={search_term_string}"},"query-input":"required name=search_term_string"}],"inLanguage":"en-US"},{"@type":"Organization","@id":"https:\/\/dexoprofile.eu\/en\/#organization","name":"Dexoprofile","url":"https:\/\/dexoprofile.eu\/en\/","logo":{"@type":"ImageObject","inLanguage":"en-US","@id":"https:\/\/dexoprofile.eu\/en\/#\/schema\/logo\/image\/","url":"https:\/\/dexoprofile.eu\/wp-content\/uploads\/2024\/03\/lll.png","contentUrl":"https:\/\/dexoprofile.eu\/wp-content\/uploads\/2024\/03\/lll.png","width":1080,"height":1080,"caption":"Dexoprofile"},"image":{"@id":"https:\/\/dexoprofile.eu\/en\/#\/schema\/logo\/image\/"}}]}},"_links":{"self":[{"href":"https:\/\/dexoprofile.eu\/en\/wp-json\/wp\/v2\/pages\/1452","targetHints":{"allow":["GET"]}}],"collection":[{"href":"https:\/\/dexoprofile.eu\/en\/wp-json\/wp\/v2\/pages"}],"about":[{"href":"https:\/\/dexoprofile.eu\/en\/wp-json\/wp\/v2\/types\/page"}],"author":[{"embeddable":true,"href":"https:\/\/dexoprofile.eu\/en\/wp-json\/wp\/v2\/users\/1"}],"replies":[{"embeddable":true,"href":"https:\/\/dexoprofile.eu\/en\/wp-json\/wp\/v2\/comments?post=1452"}],"version-history":[{"count":78,"href":"https:\/\/dexoprofile.eu\/en\/wp-json\/wp\/v2\/pages\/1452\/revisions"}],"predecessor-version":[{"id":25023,"href":"https:\/\/dexoprofile.eu\/en\/wp-json\/wp\/v2\/pages\/1452\/revisions\/25023"}],"wp:attachment":[{"href":"https:\/\/dexoprofile.eu\/en\/wp-json\/wp\/v2\/media?parent=1452"}],"curies":[{"name":"wp","href":"https:\/\/api.w.org\/{rel}","templated":true}]}}