{"id":24343,"date":"2025-04-14T07:31:12","date_gmt":"2025-04-14T07:31:12","guid":{"rendered":"https:\/\/dexoprofile.eu\/profiliai-pagal-montavimo-paskirti\/"},"modified":"2026-04-29T06:53:26","modified_gmt":"2026-04-29T06:53:26","slug":"profiliai-pagal-montavimo-paskirti","status":"publish","type":"page","link":"https:\/\/dexoprofile.eu\/en\/profiliai-pagal-montavimo-paskirti\/","title":{"rendered":"Pasterboard profiles by installation"},"content":{"rendered":"","protected":false},"excerpt":{"rendered":"","protected":false},"author":2,"featured_media":0,"parent":0,"menu_order":0,"comment_status":"closed","ping_status":"closed","template":"","meta":{"om_disable_all_campaigns":false,"_monsterinsights_skip_tracking":false,"_monsterinsights_sitenote_active":false,"_monsterinsights_sitenote_note":"","_monsterinsights_sitenote_category":0,"_uf_show_specific_survey":0,"_uf_disable_surveys":false,"footnotes":""},"class_list":["post-24343","page","type-page","status-publish","hentry"],"aioseo_notices":[],"yoast_head":"<!-- This site is optimized with the Yoast SEO plugin v22.3 - https:\/\/yoast.com\/wordpress\/plugins\/seo\/ -->\n<title>Pasterboard profiles by installation type (UD, CD, UW, CW) - Dexoprofile.eu<\/title>\n<meta name=\"description\" content=\"DEXO PROFILE high-quality drywall profiles by installation type. Profile thickness ranges from 4 to 6 mm, with custom lengths available.\" \/>\n<meta name=\"robots\" content=\"index, follow, max-snippet:-1, max-image-preview:large, max-video-preview:-1\" \/>\n<link rel=\"canonical\" href=\"https:\/\/dexoprofile.eu\/en\/profiliai-pagal-montavimo-paskirti\/\" \/>\n<meta property=\"og:locale\" content=\"en_US\" \/>\n<meta property=\"og:type\" content=\"article\" \/>\n<meta property=\"og:title\" content=\"Pasterboard profiles by installation type (UD, CD, UW, CW) - Dexoprofile.eu\" \/>\n<meta property=\"og:description\" content=\"DEXO PROFILE high-quality drywall profiles by installation type. Profile thickness ranges from 4 to 6 mm, with custom lengths available.\" \/>\n<meta property=\"og:url\" content=\"https:\/\/dexoprofile.eu\/en\/profiliai-pagal-montavimo-paskirti\/\" \/>\n<meta property=\"og:site_name\" content=\"Dexoprofile\" \/>\n<meta property=\"article:modified_time\" content=\"2026-04-29T06:53:26+00:00\" \/>\n<meta name=\"twitter:card\" content=\"summary_large_image\" \/>\n<script type=\"application\/ld+json\" class=\"yoast-schema-graph\">{\"@context\":\"https:\/\/schema.org\",\"@graph\":[{\"@type\":\"WebPage\",\"@id\":\"https:\/\/dexoprofile.eu\/en\/profiliai-pagal-montavimo-paskirti\/\",\"url\":\"https:\/\/dexoprofile.eu\/en\/profiliai-pagal-montavimo-paskirti\/\",\"name\":\"Pasterboard profiles by installation type (UD, CD, UW, CW) - Dexoprofile.eu\",\"isPartOf\":{\"@id\":\"https:\/\/dexoprofile.eu\/en\/#website\"},\"datePublished\":\"2025-04-14T07:31:12+00:00\",\"dateModified\":\"2026-04-29T06:53:26+00:00\",\"description\":\"DEXO PROFILE high-quality drywall profiles by installation type. Profile thickness ranges from 4 to 6 mm, with custom lengths available.\",\"breadcrumb\":{\"@id\":\"https:\/\/dexoprofile.eu\/en\/profiliai-pagal-montavimo-paskirti\/#breadcrumb\"},\"inLanguage\":\"en-US\",\"potentialAction\":[{\"@type\":\"ReadAction\",\"target\":[\"https:\/\/dexoprofile.eu\/en\/profiliai-pagal-montavimo-paskirti\/\"]}]},{\"@type\":\"BreadcrumbList\",\"@id\":\"https:\/\/dexoprofile.eu\/en\/profiliai-pagal-montavimo-paskirti\/#breadcrumb\",\"itemListElement\":[{\"@type\":\"ListItem\",\"position\":1,\"name\":\"Home\",\"item\":\"https:\/\/dexoprofile.eu\/en\/\"},{\"@type\":\"ListItem\",\"position\":2,\"name\":\"Pasterboard profiles by installation\"}]},{\"@type\":\"WebSite\",\"@id\":\"https:\/\/dexoprofile.eu\/en\/#website\",\"url\":\"https:\/\/dexoprofile.eu\/en\/\",\"name\":\"Dexoprofile\",\"description\":\"DEXO PROFILE - standartini\u0173 ir nestandartini\u0173 matmen\u0173 GK profiliai pagaminti Lietuvoje. CD, UD, CW, UW gipso kartono montavimo profiliai, kuriuos galite u\u017esisakyti tiesiai i\u0161 gamyklos sand\u0117lio. Gaminame standartini\u0173 ir nestandartini\u0173 matmen\u0173 profilius. Vykdome projektinius u\u017esakymus.\",\"publisher\":{\"@id\":\"https:\/\/dexoprofile.eu\/en\/#organization\"},\"potentialAction\":[{\"@type\":\"SearchAction\",\"target\":{\"@type\":\"EntryPoint\",\"urlTemplate\":\"https:\/\/dexoprofile.eu\/en\/?s={search_term_string}\"},\"query-input\":\"required name=search_term_string\"}],\"inLanguage\":\"en-US\"},{\"@type\":\"Organization\",\"@id\":\"https:\/\/dexoprofile.eu\/en\/#organization\",\"name\":\"Dexoprofile\",\"url\":\"https:\/\/dexoprofile.eu\/en\/\",\"logo\":{\"@type\":\"ImageObject\",\"inLanguage\":\"en-US\",\"@id\":\"https:\/\/dexoprofile.eu\/en\/#\/schema\/logo\/image\/\",\"url\":\"https:\/\/dexoprofile.eu\/wp-content\/uploads\/2024\/03\/lll.png\",\"contentUrl\":\"https:\/\/dexoprofile.eu\/wp-content\/uploads\/2024\/03\/lll.png\",\"width\":1080,\"height\":1080,\"caption\":\"Dexoprofile\"},\"image\":{\"@id\":\"https:\/\/dexoprofile.eu\/en\/#\/schema\/logo\/image\/\"}}]}<\/script>\n<!-- \/ Yoast SEO plugin. -->","yoast_head_json":{"title":"Pasterboard profiles by installation type (UD, CD, UW, CW) - Dexoprofile.eu","description":"DEXO PROFILE high-quality drywall profiles by installation type. Profile thickness ranges from 4 to 6 mm, with custom lengths available.","robots":{"index":"index","follow":"follow","max-snippet":"max-snippet:-1","max-image-preview":"max-image-preview:large","max-video-preview":"max-video-preview:-1"},"canonical":"https:\/\/dexoprofile.eu\/en\/profiliai-pagal-montavimo-paskirti\/","og_locale":"en_US","og_type":"article","og_title":"Pasterboard profiles by installation type (UD, CD, UW, CW) - Dexoprofile.eu","og_description":"DEXO PROFILE high-quality drywall profiles by installation type. Profile thickness ranges from 4 to 6 mm, with custom lengths available.","og_url":"https:\/\/dexoprofile.eu\/en\/profiliai-pagal-montavimo-paskirti\/","og_site_name":"Dexoprofile","article_modified_time":"2026-04-29T06:53:26+00:00","twitter_card":"summary_large_image","schema":{"@context":"https:\/\/schema.org","@graph":[{"@type":"WebPage","@id":"https:\/\/dexoprofile.eu\/en\/profiliai-pagal-montavimo-paskirti\/","url":"https:\/\/dexoprofile.eu\/en\/profiliai-pagal-montavimo-paskirti\/","name":"Pasterboard profiles by installation type (UD, CD, UW, CW) - Dexoprofile.eu","isPartOf":{"@id":"https:\/\/dexoprofile.eu\/en\/#website"},"datePublished":"2025-04-14T07:31:12+00:00","dateModified":"2026-04-29T06:53:26+00:00","description":"DEXO PROFILE high-quality drywall profiles by installation type. Profile thickness ranges from 4 to 6 mm, with custom lengths available.","breadcrumb":{"@id":"https:\/\/dexoprofile.eu\/en\/profiliai-pagal-montavimo-paskirti\/#breadcrumb"},"inLanguage":"en-US","potentialAction":[{"@type":"ReadAction","target":["https:\/\/dexoprofile.eu\/en\/profiliai-pagal-montavimo-paskirti\/"]}]},{"@type":"BreadcrumbList","@id":"https:\/\/dexoprofile.eu\/en\/profiliai-pagal-montavimo-paskirti\/#breadcrumb","itemListElement":[{"@type":"ListItem","position":1,"name":"Home","item":"https:\/\/dexoprofile.eu\/en\/"},{"@type":"ListItem","position":2,"name":"Pasterboard profiles by installation"}]},{"@type":"WebSite","@id":"https:\/\/dexoprofile.eu\/en\/#website","url":"https:\/\/dexoprofile.eu\/en\/","name":"Dexoprofile","description":"DEXO PROFILE - standartini\u0173 ir nestandartini\u0173 matmen\u0173 GK profiliai pagaminti Lietuvoje. CD, UD, CW, UW gipso kartono montavimo profiliai, kuriuos galite u\u017esisakyti tiesiai i\u0161 gamyklos sand\u0117lio. Gaminame standartini\u0173 ir nestandartini\u0173 matmen\u0173 profilius. Vykdome projektinius u\u017esakymus.","publisher":{"@id":"https:\/\/dexoprofile.eu\/en\/#organization"},"potentialAction":[{"@type":"SearchAction","target":{"@type":"EntryPoint","urlTemplate":"https:\/\/dexoprofile.eu\/en\/?s={search_term_string}"},"query-input":"required name=search_term_string"}],"inLanguage":"en-US"},{"@type":"Organization","@id":"https:\/\/dexoprofile.eu\/en\/#organization","name":"Dexoprofile","url":"https:\/\/dexoprofile.eu\/en\/","logo":{"@type":"ImageObject","inLanguage":"en-US","@id":"https:\/\/dexoprofile.eu\/en\/#\/schema\/logo\/image\/","url":"https:\/\/dexoprofile.eu\/wp-content\/uploads\/2024\/03\/lll.png","contentUrl":"https:\/\/dexoprofile.eu\/wp-content\/uploads\/2024\/03\/lll.png","width":1080,"height":1080,"caption":"Dexoprofile"},"image":{"@id":"https:\/\/dexoprofile.eu\/en\/#\/schema\/logo\/image\/"}}]}},"_links":{"self":[{"href":"https:\/\/dexoprofile.eu\/en\/wp-json\/wp\/v2\/pages\/24343","targetHints":{"allow":["GET"]}}],"collection":[{"href":"https:\/\/dexoprofile.eu\/en\/wp-json\/wp\/v2\/pages"}],"about":[{"href":"https:\/\/dexoprofile.eu\/en\/wp-json\/wp\/v2\/types\/page"}],"author":[{"embeddable":true,"href":"https:\/\/dexoprofile.eu\/en\/wp-json\/wp\/v2\/users\/2"}],"replies":[{"embeddable":true,"href":"https:\/\/dexoprofile.eu\/en\/wp-json\/wp\/v2\/comments?post=24343"}],"version-history":[{"count":2,"href":"https:\/\/dexoprofile.eu\/en\/wp-json\/wp\/v2\/pages\/24343\/revisions"}],"predecessor-version":[{"id":25162,"href":"https:\/\/dexoprofile.eu\/en\/wp-json\/wp\/v2\/pages\/24343\/revisions\/25162"}],"wp:attachment":[{"href":"https:\/\/dexoprofile.eu\/en\/wp-json\/wp\/v2\/media?parent=24343"}],"curies":[{"name":"wp","href":"https:\/\/api.w.org\/{rel}","templated":true}]}}