{"id":21626,"date":"2014-03-28T11:27:19","date_gmt":"2014-03-28T11:27:19","guid":{"rendered":"https:\/\/dexoprofile.eu\/kvalitate\/"},"modified":"2025-04-18T07:51:57","modified_gmt":"2025-04-18T07:51:57","slug":"kvalitate","status":"publish","type":"page","link":"https:\/\/dexoprofile.eu\/lv\/kvalitate\/","title":{"rendered":"Kvalit\u0101te"},"content":{"rendered":"\t\t<div data-elementor-type=\"wp-page\" data-elementor-id=\"21626\" class=\"elementor elementor-21626 elementor-14495\">\n\t\t\t\t<div class=\"elementor-element elementor-element-297d70b e-flex e-con-boxed parallax_section_no qode_elementor_container_no e-con e-parent\" data-id=\"297d70b\" data-element_type=\"container\">\n\t\t\t\t\t<div class=\"e-con-inner\">\n\t\t<div class=\"elementor-element elementor-element-368ac58 e-flex e-con-boxed parallax_section_no qode_elementor_container_no e-con e-child\" data-id=\"368ac58\" data-element_type=\"container\" data-settings=\"{&quot;background_background&quot;:&quot;classic&quot;}\">\n\t\t\t\t\t<div class=\"e-con-inner\">\n\t\t\t\t\t<\/div>\n\t\t\t\t<\/div>\n\t\t\t\t\t<\/div>\n\t\t\t\t<\/div>\n\t\t<div class=\"elementor-element elementor-element-21d4858 e-flex e-con-boxed parallax_section_no qode_elementor_container_no e-con e-parent\" data-id=\"21d4858\" data-element_type=\"container\">\n\t\t\t\t\t<div class=\"e-con-inner\">\n\t\t\t\t<div class=\"elementor-element elementor-element-3e0e451 elementor-widget__width-initial elementor-widget elementor-widget-heading\" data-id=\"3e0e451\" data-element_type=\"widget\" data-widget_type=\"heading.default\">\n\t\t\t\t<div class=\"elementor-widget-container\">\n\t\t\t\t\t<h2 class=\"elementor-heading-title elementor-size-default\">Kvalit\u0101te ik uz so\u013ca<\/h2>\t\t\t\t<\/div>\n\t\t\t\t<\/div>\n\t\t\t\t\t<\/div>\n\t\t\t\t<\/div>\n\t\t<div class=\"elementor-element elementor-element-1162a65 e-flex e-con-boxed parallax_section_no qode_elementor_container_no e-con e-parent\" data-id=\"1162a65\" data-element_type=\"container\">\n\t\t\t\t\t<div class=\"e-con-inner\">\n\t\t<div class=\"elementor-element elementor-element-529b41b e-flex e-con-boxed parallax_section_no qode_elementor_container_no e-con e-child\" data-id=\"529b41b\" data-element_type=\"container\">\n\t\t\t\t\t<div class=\"e-con-inner\">\n\t\t\t\t<div class=\"elementor-element elementor-element-540a647 elementor-widget elementor-widget-text-editor\" data-id=\"540a647\" data-element_type=\"widget\" data-widget_type=\"text-editor.default\">\n\t\t\t\t<div class=\"elementor-widget-container\">\n\t\t\t\t\t\t\t\t\t<p style=\"text-align: left;\">M\u016bsu uz\u0146\u0113mums ir sertific\u0113ts ISO 9001:2015 &#8211; glob\u0101ls standarts, kas apliecina Joldija ap\u0146em\u0161anos nodro\u0161in\u0101t augstas kvalit\u0101tes produktus un pakalpojumus. \u0160is sertifik\u0101ts nodro\u0161ina, ka m\u016bsu vad\u012bbas sist\u0113ma atbilst starptautiski atz\u012btai kvalit\u0101tes praksei un aptver visus aspektus, s\u0101kot no m\u0113be\u013cu furnit\u016bras ra\u017eo\u0161anas un p\u0101rdo\u0161anas l\u012bdz pat to pieg\u0101dei un iepako\u0161anai.<\/p><p style=\"text-align: left;\">Iev\u0113rojot \u0161os stingros standartus, Joldija nep\u0101rtraukti uzlabo procesus, palielina klientu apmierin\u0101t\u012bbu un turpina tiekties uz izcil\u012bbu visos savas darb\u012bbas aspektos.<\/p>\t\t\t\t\t\t\t\t<\/div>\n\t\t\t\t<\/div>\n\t\t\t\t\t<\/div>\n\t\t\t\t<\/div>\n\t\t\t\t\t<\/div>\n\t\t\t\t<\/div>\n\t\t\t\t<section class=\"elementor-section elementor-inner-section elementor-element elementor-element-74cec126 elementor-section-boxed elementor-section-height-default elementor-section-height-default parallax_section_no qode_elementor_container_no\" data-id=\"74cec126\" data-element_type=\"section\">\n\t\t\t\t\t\t<div class=\"elementor-container elementor-column-gap-no\">\n\t\t\t\t\t<div class=\"elementor-column elementor-col-100 elementor-inner-column elementor-element elementor-element-6282c01e\" data-id=\"6282c01e\" data-element_type=\"column\">\n\t\t\t<div class=\"elementor-widget-wrap elementor-element-populated\">\n\t\t\t\t\t\t<div class=\"elementor-element elementor-element-623ad51b elementor-invisible elementor-widget elementor-widget-bridge_circles\" data-id=\"623ad51b\" data-element_type=\"widget\" data-settings=\"{&quot;_animation&quot;:&quot;fadeIn&quot;}\" data-widget_type=\"bridge_circles.default\">\n\t\t\t\t<div class=\"elementor-widget-container\">\n\t\t\t\t\t\n        <ul class=\"q_circles_holder five_columns no_line\" >\n\n            <li class=\"q_circle_outer\"><span class=\"q_circle_inner\"><span class=\"q_circle_inner2\" style=\"\"><i class=\"fa fa-check fa-3x\" style=\"\"><\/i><\/span><\/span><div class=\"q_circle_text_holder\"><h3 class=\"q_circle_title\" style=\"\">S\u0101kotn\u0113j\u0101 p\u0101rbaude<\/h3><p class=\"q_circle_text\" style=\"\">Tas ietver ien\u0101ko\u0161o izejvielu p\u0101rbaudi, lai nodro\u0161in\u0101tu to atbilst\u012bbu paredz\u0113tajiem kvalit\u0101tes standartiem un specifik\u0101cij\u0101m.<\/p><\/div><\/li><li class=\"q_circle_outer\"><span class=\"q_circle_inner\"><span class=\"q_circle_inner2\" style=\"\"><i class=\"fa fa-cogs fa-3x\" style=\"\"><\/i><\/span><\/span><div class=\"q_circle_text_holder\"><h3 class=\"q_circle_title\" style=\"\">Starpposma p\u0101rbaude<\/h3><p class=\"q_circle_text\" style=\"\">Lai p\u0101rliecin\u0101tos, ka produkti atbilst noteiktajiem kvalit\u0101tes standartiem un pras\u012bb\u0101m, tiek veiktas p\u0101rbaudes procesa laik\u0101, pirms tie tiek virz\u012bti uz n\u0101kamo posmu.<\/p><\/div><\/li><li class=\"q_circle_outer\"><span class=\"q_circle_inner\"><span class=\"q_circle_inner2\" style=\"\"><i class=\"fa fa-check-square-o fa-3x\" style=\"\"><\/i><\/span><\/span><div class=\"q_circle_text_holder\"><h3 class=\"q_circle_title\" style=\"\">Gal\u012bg\u0101   p\u0101rbaude<\/h3><p class=\"q_circle_text\" style=\"\">Gal\u012bg\u0101 kvalit\u0101tes p\u0101rbaude ir b\u016btisks ra\u017eo\u0161anas procesa posms, kur\u0101 izstr\u0101d\u0101jumi tiek r\u016bp\u012bgi p\u0101rbaud\u012bti pirms nodo\u0161anas klientiem.<\/p><\/div><\/li><li class=\"q_circle_outer\"><span class=\"q_circle_inner\"><span class=\"q_circle_inner2\" style=\"\"><i class=\"fa fa-file-o fa-3x\" style=\"\"><\/i><\/span><\/span><div class=\"q_circle_text_holder\"><h3 class=\"q_circle_title\" style=\"\">Dokument\u0101cija<\/h3><p class=\"q_circle_text\" style=\"\">Iesniegt\u0101 dokument\u0101cija nodro\u0161ina, ka no r\u016bpn\u012bcas izvestie produkti atbilst nepiecie\u0161amajiem standartiem un specifik\u0101cij\u0101m.<\/p><\/div><\/li><li class=\"q_circle_outer\"><span class=\"q_circle_inner\"><span class=\"q_circle_inner2\" style=\"\"><i class=\"fa fa-commenting-o fa-3x\" style=\"\"><\/i><\/span><\/span><div class=\"q_circle_text_holder\"><h3 class=\"q_circle_title\" style=\"\">Atsauksmes<\/h3><p class=\"q_circle_text\" style=\"\">Atgriezenisk\u0101 saite ir v\u0113rt\u012bgs inform\u0101cijas avots, kas veicina nep\u0101rtrauktu uzlabo\u0161anos un uzlabo produkta visp\u0101r\u0113jo kvalit\u0101ti.<\/p><\/div><\/li>\n        <\/ul>\n\n        \t\t\t\t<\/div>\n\t\t\t\t<\/div>\n\t\t\t\t\t<\/div>\n\t\t<\/div>\n\t\t\t\t\t<\/div>\n\t\t<\/section>\n\t\t\t\t<section class=\"elementor-section elementor-top-section elementor-element elementor-element-5cdb2a7 elementor-section-boxed elementor-section-height-default elementor-section-height-default parallax_section_no qode_elementor_container_no\" data-id=\"5cdb2a7\" data-element_type=\"section\" data-settings=\"{&quot;background_background&quot;:&quot;classic&quot;}\">\n\t\t\t\t\t\t<div class=\"elementor-container elementor-column-gap-default\">\n\t\t\t\t\t<div class=\"elementor-column elementor-col-100 elementor-top-column elementor-element elementor-element-6ed5612f\" data-id=\"6ed5612f\" data-element_type=\"column\">\n\t\t\t<div class=\"elementor-widget-wrap elementor-element-populated\">\n\t\t\t\t\t\t<section class=\"elementor-section elementor-inner-section elementor-element elementor-element-13703c2 qode_elementor_container_inner elementor-section-boxed elementor-section-height-default elementor-section-height-default parallax_section_no\" data-id=\"13703c2\" data-element_type=\"section\">\n\t\t\t\t\t\t<div class=\"elementor-container elementor-column-gap-no\">\n\t\t\t\t\t<div class=\"elementor-column elementor-col-100 elementor-inner-column elementor-element elementor-element-b147213\" data-id=\"b147213\" data-element_type=\"column\">\n\t\t\t<div class=\"elementor-widget-wrap elementor-element-populated\">\n\t\t\t\t\t\t<div class=\"elementor-element elementor-element-35220c5 elementor-widget elementor-widget-heading\" data-id=\"35220c5\" data-element_type=\"widget\" data-widget_type=\"heading.default\">\n\t\t\t\t<div class=\"elementor-widget-container\">\n\t\t\t\t\t<h2 class=\"elementor-heading-title elementor-size-default\">Deklar\u0101cijas<\/h2>\t\t\t\t<\/div>\n\t\t\t\t<\/div>\n\t\t\t\t\t<\/div>\n\t\t<\/div>\n\t\t\t\t\t<\/div>\n\t\t<\/section>\n\t\t\t\t<section class=\"elementor-section elementor-inner-section elementor-element elementor-element-d61bb81 qode_elementor_container_inner elementor-section-boxed elementor-section-height-default elementor-section-height-default parallax_section_no\" data-id=\"d61bb81\" data-element_type=\"section\">\n\t\t\t\t\t\t<div class=\"elementor-container elementor-column-gap-default\">\n\t\t\t\t\t<div class=\"elementor-column elementor-col-25 elementor-inner-column elementor-element elementor-element-698ef149\" data-id=\"698ef149\" data-element_type=\"column\">\n\t\t\t<div class=\"elementor-widget-wrap elementor-element-populated\">\n\t\t\t\t\t\t<div class=\"elementor-element elementor-element-a22bac5 elementor-widget__width-initial elementor-invisible elementor-widget elementor-widget-bridge_service_table\" data-id=\"a22bac5\" data-element_type=\"widget\" data-settings=\"{&quot;_animation&quot;:&quot;zoomIn&quot;}\" data-widget_type=\"bridge_service_table.default\">\n\t\t\t\t<div class=\"elementor-widget-container\">\n\t\t\t\t\t<div class='service_table_holder'><ul class='service_table_inner'><li class='service_table_title_holder ' style=''><div class='service_table_title_inner'><div class='service_table_title_inner2'><h3 class='service_title' style=''>CD profili<\/h3><i class=\"qode_icon_font_awesome fa fa-download fa-3x\" style=\"\" ><\/i><\/div><\/div><\/li><li class='service_table_content' style=''><ul><li><span style=\"color: #005f9c;\"><strong><span style=\"color: #005f9c;\"><a style=\"color: #005f9c;\" href=\"https:\/\/dexoprofile.eu\/wp-content\/uploads\/2024\/04\/EKSPLOATACINIU-SAVYBIU-DEKLARACIJA_Gpk_profiliai_CD_v2.pdf\">Deklar\u0101cija_CD_profiles.pdf<\/a><\/span><\/strong><\/span><\/li><li><span style=\"color: #808080;\">Stiepes iztur\u012bba <\/span><br \/><span style=\"color: #808080;\">&gt;250 n\/mm2<\/span><\/li><li><span style=\"color: #808080;\">Ugunsiztur\u012bba - A1<\/span><\/li><li><span style=\"color: #808080;\">Neapstr\u0101d\u0101ts - DX51D + Z100<\/span><\/li><\/ul><\/li><\/ul><\/div>\t\t\t\t<\/div>\n\t\t\t\t<\/div>\n\t\t\t\t\t<\/div>\n\t\t<\/div>\n\t\t\t\t<div class=\"elementor-column elementor-col-25 elementor-inner-column elementor-element elementor-element-8fcbe83\" data-id=\"8fcbe83\" data-element_type=\"column\">\n\t\t\t<div class=\"elementor-widget-wrap elementor-element-populated\">\n\t\t\t\t\t\t<div class=\"elementor-element elementor-element-a52f3d9 elementor-widget__width-initial elementor-invisible elementor-widget elementor-widget-bridge_service_table\" data-id=\"a52f3d9\" data-element_type=\"widget\" data-settings=\"{&quot;_animation&quot;:&quot;zoomIn&quot;}\" data-widget_type=\"bridge_service_table.default\">\n\t\t\t\t<div class=\"elementor-widget-container\">\n\t\t\t\t\t<div class='service_table_holder'><ul class='service_table_inner'><li class='service_table_title_holder ' style=''><div class='service_table_title_inner'><div class='service_table_title_inner2'><h3 class='service_title' style=''>ud profili<\/h3><i class=\"qode_icon_font_awesome fa fa-download fa-3x\" style=\"\" ><\/i><\/div><\/div><\/li><li class='service_table_content' style=''><ul><li><span style=\"color: #005f9c;\"><strong><a style=\"color: #005f9c;\" href=\"https:\/\/dexoprofile.eu\/wp-content\/uploads\/2024\/04\/EKSPLOATACINIU-SAVYBIU-DEKLARACIJA_Gpk_profiliai_UD_v2.pdf\">Deklar\u0101cija_UD_pofiliai.pdf<\/a><\/strong><\/span><\/li><li>Stiepes iztur\u012bba <br \/>&gt;250 n\/mm2<\/li><li>Ugunsiztur\u012bba - A1<\/li><li>Neapstr\u0101d\u0101ts - DX51D + Z100<\/li><\/ul><\/li><\/ul><\/div>\t\t\t\t<\/div>\n\t\t\t\t<\/div>\n\t\t\t\t\t<\/div>\n\t\t<\/div>\n\t\t\t\t<div class=\"elementor-column elementor-col-25 elementor-inner-column elementor-element elementor-element-6fe09bf\" data-id=\"6fe09bf\" data-element_type=\"column\">\n\t\t\t<div class=\"elementor-widget-wrap elementor-element-populated\">\n\t\t\t\t\t\t<div class=\"elementor-element elementor-element-393c130 elementor-widget__width-initial elementor-invisible elementor-widget elementor-widget-bridge_service_table\" data-id=\"393c130\" data-element_type=\"widget\" data-settings=\"{&quot;_animation&quot;:&quot;zoomIn&quot;}\" data-widget_type=\"bridge_service_table.default\">\n\t\t\t\t<div class=\"elementor-widget-container\">\n\t\t\t\t\t<div class='service_table_holder'><ul class='service_table_inner'><li class='service_table_title_holder ' style=''><div class='service_table_title_inner'><div class='service_table_title_inner2'><h3 class='service_title' style=''>cw profili<\/h3><i class=\"qode_icon_font_awesome fa fa-download fa-3x\" style=\"\" ><\/i><\/div><\/div><\/li><li class='service_table_content' style=''><ul><li><span style=\"color: #005f9c;\"><strong><a style=\"color: #005f9c;\" href=\"https:\/\/dexoprofile.eu\/wp-content\/uploads\/2024\/04\/EKSPLOATACINIU-SAVYBIU-DEKLARACIJA_Gpk_profiliai_CW_v2.pdf\">Deklar\u0101cija_CW_profiles.pdf<\/a><\/strong><\/span><\/li><li>Stiepes iztur\u012bba <br \/>&gt;250 n\/mm2<\/li><li>Ugunsiztur\u012bba - A1<\/li><li>Neapstr\u0101d\u0101ts - DX51D + Z100<\/li><\/ul><\/li><\/ul><\/div>\t\t\t\t<\/div>\n\t\t\t\t<\/div>\n\t\t\t\t\t<\/div>\n\t\t<\/div>\n\t\t\t\t<div class=\"elementor-column elementor-col-25 elementor-inner-column elementor-element elementor-element-7072e89\" data-id=\"7072e89\" data-element_type=\"column\">\n\t\t\t<div class=\"elementor-widget-wrap elementor-element-populated\">\n\t\t\t\t\t\t<div class=\"elementor-element elementor-element-abeb015 elementor-widget__width-initial elementor-invisible elementor-widget elementor-widget-bridge_service_table\" data-id=\"abeb015\" data-element_type=\"widget\" data-settings=\"{&quot;_animation&quot;:&quot;zoomIn&quot;}\" data-widget_type=\"bridge_service_table.default\">\n\t\t\t\t<div class=\"elementor-widget-container\">\n\t\t\t\t\t<div class='service_table_holder'><ul class='service_table_inner'><li class='service_table_title_holder ' style=''><div class='service_table_title_inner'><div class='service_table_title_inner2'><h3 class='service_title' style=''>UW profili<\/h3><i class=\"qode_icon_font_awesome fa fa-download fa-3x\" style=\"\" ><\/i><\/div><\/div><\/li><li class='service_table_content' style=''><ul><li><span style=\"color: #005f9c;\"><strong><a style=\"color: #005f9c;\" href=\"https:\/\/dexoprofile.eu\/wp-content\/uploads\/2024\/04\/EKSPLOATACINIU-SAVYBIU-DEKLARACIJA_Gpk_profiliai_UW_v2.pdf\">Deklar\u0101cija_UW_profiles.pdf<\/a><\/strong><\/span><\/li><li>Stiepes iztur\u012bba <br \/>&gt;250 n\/mm2<\/li><li>Ugunsiztur\u012bba - A1<\/li><li>Neapstr\u0101d\u0101ts - DX51D + Z100<\/li><\/ul><\/li><\/ul><\/div>\t\t\t\t<\/div>\n\t\t\t\t<\/div>\n\t\t\t\t\t<\/div>\n\t\t<\/div>\n\t\t\t\t\t<\/div>\n\t\t<\/section>\n\t\t\t\t\t<\/div>\n\t\t<\/div>\n\t\t\t\t\t<\/div>\n\t\t<\/section>\n\t\t<div class=\"elementor-element elementor-element-ff6a7f7 e-flex e-con-boxed parallax_section_no qode_elementor_container_no e-con e-parent\" data-id=\"ff6a7f7\" data-element_type=\"container\">\n\t\t\t\t\t<div class=\"e-con-inner\">\n\t\t\t\t\t<\/div>\n\t\t\t\t<\/div>\n\t\t\t\t<\/div>\n\t\t","protected":false},"excerpt":{"rendered":"<p>Kvalit\u0101te ik uz so\u013ca M\u016bsu uz\u0146\u0113mums ir sertific\u0113ts ISO 9001:2015 &#8211; glob\u0101ls standarts, kas apliecina Joldija ap\u0146em\u0161anos nodro\u0161in\u0101t augstas kvalit\u0101tes produktus un pakalpojumus. \u0160is sertifik\u0101ts nodro\u0161ina, ka m\u016bsu vad\u012bbas sist\u0113ma atbilst starptautiski atz\u012btai kvalit\u0101tes praksei un aptver visus aspektus, s\u0101kot no m\u0113be\u013cu furnit\u016bras ra\u017eo\u0161anas un&#8230;<\/p>\n","protected":false},"author":1,"featured_media":0,"parent":0,"menu_order":0,"comment_status":"open","ping_status":"open","template":"full_width.php","meta":{"om_disable_all_campaigns":false,"_monsterinsights_skip_tracking":false,"_monsterinsights_sitenote_active":false,"_monsterinsights_sitenote_note":"","_monsterinsights_sitenote_category":0,"_uf_show_specific_survey":0,"_uf_disable_surveys":false,"footnotes":""},"class_list":["post-21626","page","type-page","status-publish","hentry"],"aioseo_notices":[],"yoast_head":"<!-- This site is optimized with the Yoast SEO plugin v22.3 - https:\/\/yoast.com\/wordpress\/plugins\/seo\/ -->\n<title>Augstas kvalit\u0101tes \u0123ip\u0161a profili - Dexoprofile.eu<\/title>\n<meta name=\"description\" content=\"\u0122ip\u0161kartona profili UD, CD, CW, UW. L\u012bdz 6 m garum\u0101. Pieejami nestandarta garumi. Ra\u017eots Lietuv\u0101. Biezums l\u012bdz 6 mm.\" \/>\n<meta name=\"robots\" content=\"index, follow, max-snippet:-1, max-image-preview:large, max-video-preview:-1\" \/>\n<link rel=\"canonical\" href=\"https:\/\/dexoprofile.eu\/lv\/kvalitate\/\" \/>\n<meta property=\"og:locale\" content=\"lv_LV\" \/>\n<meta property=\"og:type\" content=\"article\" \/>\n<meta property=\"og:title\" content=\"Augstas kvalit\u0101tes \u0123ip\u0161a profili - Dexoprofile.eu\" \/>\n<meta property=\"og:description\" content=\"\u0122ip\u0161kartona profili UD, CD, CW, UW. L\u012bdz 6 m garum\u0101. Pieejami nestandarta garumi. Ra\u017eots Lietuv\u0101. Biezums l\u012bdz 6 mm.\" \/>\n<meta property=\"og:url\" content=\"https:\/\/dexoprofile.eu\/lv\/kvalitate\/\" \/>\n<meta property=\"og:site_name\" content=\"Dexoprofile\" \/>\n<meta property=\"article:modified_time\" content=\"2025-04-18T07:51:57+00:00\" \/>\n<meta name=\"twitter:card\" content=\"summary_large_image\" \/>\n<meta name=\"twitter:label1\" content=\"Est. reading time\" \/>\n\t<meta name=\"twitter:data1\" content=\"2 minutes\" \/>\n<script type=\"application\/ld+json\" class=\"yoast-schema-graph\">{\"@context\":\"https:\/\/schema.org\",\"@graph\":[{\"@type\":\"WebPage\",\"@id\":\"https:\/\/dexoprofile.eu\/lv\/kvalitate\/\",\"url\":\"https:\/\/dexoprofile.eu\/lv\/kvalitate\/\",\"name\":\"Augstas kvalit\u0101tes \u0123ip\u0161a profili - Dexoprofile.eu\",\"isPartOf\":{\"@id\":\"https:\/\/dexoprofile.eu\/lv\/#website\"},\"datePublished\":\"2014-03-28T11:27:19+00:00\",\"dateModified\":\"2025-04-18T07:51:57+00:00\",\"description\":\"\u0122ip\u0161kartona profili UD, CD, CW, UW. L\u012bdz 6 m garum\u0101. Pieejami nestandarta garumi. Ra\u017eots Lietuv\u0101. Biezums l\u012bdz 6 mm.\",\"breadcrumb\":{\"@id\":\"https:\/\/dexoprofile.eu\/lv\/kvalitate\/#breadcrumb\"},\"inLanguage\":\"lv-LV\",\"potentialAction\":[{\"@type\":\"ReadAction\",\"target\":[\"https:\/\/dexoprofile.eu\/lv\/kvalitate\/\"]}]},{\"@type\":\"BreadcrumbList\",\"@id\":\"https:\/\/dexoprofile.eu\/lv\/kvalitate\/#breadcrumb\",\"itemListElement\":[{\"@type\":\"ListItem\",\"position\":1,\"name\":\"Home\",\"item\":\"https:\/\/dexoprofile.eu\/lv\/\"},{\"@type\":\"ListItem\",\"position\":2,\"name\":\"Kvalit\u0101te\"}]},{\"@type\":\"WebSite\",\"@id\":\"https:\/\/dexoprofile.eu\/lv\/#website\",\"url\":\"https:\/\/dexoprofile.eu\/lv\/\",\"name\":\"Dexoprofile\",\"description\":\"DEXO PROFILE - standartini\u0173 ir nestandartini\u0173 matmen\u0173 GK profiliai pagaminti Lietuvoje. CD, UD, CW, UW gipso kartono montavimo profiliai, kuriuos galite u\u017esisakyti tiesiai i\u0161 gamyklos sand\u0117lio. Gaminame standartini\u0173 ir nestandartini\u0173 matmen\u0173 profilius. Vykdome projektinius u\u017esakymus.\",\"publisher\":{\"@id\":\"https:\/\/dexoprofile.eu\/lv\/#organization\"},\"potentialAction\":[{\"@type\":\"SearchAction\",\"target\":{\"@type\":\"EntryPoint\",\"urlTemplate\":\"https:\/\/dexoprofile.eu\/lv\/?s={search_term_string}\"},\"query-input\":\"required name=search_term_string\"}],\"inLanguage\":\"lv-LV\"},{\"@type\":\"Organization\",\"@id\":\"https:\/\/dexoprofile.eu\/lv\/#organization\",\"name\":\"Dexoprofile\",\"url\":\"https:\/\/dexoprofile.eu\/lv\/\",\"logo\":{\"@type\":\"ImageObject\",\"inLanguage\":\"lv-LV\",\"@id\":\"https:\/\/dexoprofile.eu\/lv\/#\/schema\/logo\/image\/\",\"url\":\"https:\/\/dexoprofile.eu\/wp-content\/uploads\/2024\/03\/lll.png\",\"contentUrl\":\"https:\/\/dexoprofile.eu\/wp-content\/uploads\/2024\/03\/lll.png\",\"width\":1080,\"height\":1080,\"caption\":\"Dexoprofile\"},\"image\":{\"@id\":\"https:\/\/dexoprofile.eu\/lv\/#\/schema\/logo\/image\/\"}}]}<\/script>\n<!-- \/ Yoast SEO plugin. -->","yoast_head_json":{"title":"Augstas kvalit\u0101tes \u0123ip\u0161a profili - Dexoprofile.eu","description":"\u0122ip\u0161kartona profili UD, CD, CW, UW. L\u012bdz 6 m garum\u0101. Pieejami nestandarta garumi. Ra\u017eots Lietuv\u0101. Biezums l\u012bdz 6 mm.","robots":{"index":"index","follow":"follow","max-snippet":"max-snippet:-1","max-image-preview":"max-image-preview:large","max-video-preview":"max-video-preview:-1"},"canonical":"https:\/\/dexoprofile.eu\/lv\/kvalitate\/","og_locale":"lv_LV","og_type":"article","og_title":"Augstas kvalit\u0101tes \u0123ip\u0161a profili - Dexoprofile.eu","og_description":"\u0122ip\u0161kartona profili UD, CD, CW, UW. L\u012bdz 6 m garum\u0101. Pieejami nestandarta garumi. Ra\u017eots Lietuv\u0101. Biezums l\u012bdz 6 mm.","og_url":"https:\/\/dexoprofile.eu\/lv\/kvalitate\/","og_site_name":"Dexoprofile","article_modified_time":"2025-04-18T07:51:57+00:00","twitter_card":"summary_large_image","twitter_misc":{"Est. reading time":"2 minutes"},"schema":{"@context":"https:\/\/schema.org","@graph":[{"@type":"WebPage","@id":"https:\/\/dexoprofile.eu\/lv\/kvalitate\/","url":"https:\/\/dexoprofile.eu\/lv\/kvalitate\/","name":"Augstas kvalit\u0101tes \u0123ip\u0161a profili - Dexoprofile.eu","isPartOf":{"@id":"https:\/\/dexoprofile.eu\/lv\/#website"},"datePublished":"2014-03-28T11:27:19+00:00","dateModified":"2025-04-18T07:51:57+00:00","description":"\u0122ip\u0161kartona profili UD, CD, CW, UW. L\u012bdz 6 m garum\u0101. Pieejami nestandarta garumi. Ra\u017eots Lietuv\u0101. Biezums l\u012bdz 6 mm.","breadcrumb":{"@id":"https:\/\/dexoprofile.eu\/lv\/kvalitate\/#breadcrumb"},"inLanguage":"lv-LV","potentialAction":[{"@type":"ReadAction","target":["https:\/\/dexoprofile.eu\/lv\/kvalitate\/"]}]},{"@type":"BreadcrumbList","@id":"https:\/\/dexoprofile.eu\/lv\/kvalitate\/#breadcrumb","itemListElement":[{"@type":"ListItem","position":1,"name":"Home","item":"https:\/\/dexoprofile.eu\/lv\/"},{"@type":"ListItem","position":2,"name":"Kvalit\u0101te"}]},{"@type":"WebSite","@id":"https:\/\/dexoprofile.eu\/lv\/#website","url":"https:\/\/dexoprofile.eu\/lv\/","name":"Dexoprofile","description":"DEXO PROFILE - standartini\u0173 ir nestandartini\u0173 matmen\u0173 GK profiliai pagaminti Lietuvoje. CD, UD, CW, UW gipso kartono montavimo profiliai, kuriuos galite u\u017esisakyti tiesiai i\u0161 gamyklos sand\u0117lio. Gaminame standartini\u0173 ir nestandartini\u0173 matmen\u0173 profilius. Vykdome projektinius u\u017esakymus.","publisher":{"@id":"https:\/\/dexoprofile.eu\/lv\/#organization"},"potentialAction":[{"@type":"SearchAction","target":{"@type":"EntryPoint","urlTemplate":"https:\/\/dexoprofile.eu\/lv\/?s={search_term_string}"},"query-input":"required name=search_term_string"}],"inLanguage":"lv-LV"},{"@type":"Organization","@id":"https:\/\/dexoprofile.eu\/lv\/#organization","name":"Dexoprofile","url":"https:\/\/dexoprofile.eu\/lv\/","logo":{"@type":"ImageObject","inLanguage":"lv-LV","@id":"https:\/\/dexoprofile.eu\/lv\/#\/schema\/logo\/image\/","url":"https:\/\/dexoprofile.eu\/wp-content\/uploads\/2024\/03\/lll.png","contentUrl":"https:\/\/dexoprofile.eu\/wp-content\/uploads\/2024\/03\/lll.png","width":1080,"height":1080,"caption":"Dexoprofile"},"image":{"@id":"https:\/\/dexoprofile.eu\/lv\/#\/schema\/logo\/image\/"}}]}},"_links":{"self":[{"href":"https:\/\/dexoprofile.eu\/lv\/wp-json\/wp\/v2\/pages\/21626","targetHints":{"allow":["GET"]}}],"collection":[{"href":"https:\/\/dexoprofile.eu\/lv\/wp-json\/wp\/v2\/pages"}],"about":[{"href":"https:\/\/dexoprofile.eu\/lv\/wp-json\/wp\/v2\/types\/page"}],"author":[{"embeddable":true,"href":"https:\/\/dexoprofile.eu\/lv\/wp-json\/wp\/v2\/users\/1"}],"replies":[{"embeddable":true,"href":"https:\/\/dexoprofile.eu\/lv\/wp-json\/wp\/v2\/comments?post=21626"}],"version-history":[{"count":37,"href":"https:\/\/dexoprofile.eu\/lv\/wp-json\/wp\/v2\/pages\/21626\/revisions"}],"predecessor-version":[{"id":24513,"href":"https:\/\/dexoprofile.eu\/lv\/wp-json\/wp\/v2\/pages\/21626\/revisions\/24513"}],"wp:attachment":[{"href":"https:\/\/dexoprofile.eu\/lv\/wp-json\/wp\/v2\/media?parent=21626"}],"curies":[{"name":"wp","href":"https:\/\/api.w.org\/{rel}","templated":true}]}}