{"id":25316,"date":"2025-04-14T07:31:12","date_gmt":"2025-04-14T07:31:12","guid":{"rendered":"https:\/\/dexoprofile.eu\/gkp-pec-pielietojuma\/"},"modified":"2025-04-14T07:31:12","modified_gmt":"2025-04-14T07:31:12","slug":"gkp-pec-pielietojuma","status":"publish","type":"page","link":"https:\/\/dexoprofile.eu\/lv\/gkp-pec-pielietojuma\/","title":{"rendered":"GKP p\u0113c pielietojuma"},"content":{"rendered":"","protected":false},"excerpt":{"rendered":"","protected":false},"author":2,"featured_media":0,"parent":0,"menu_order":0,"comment_status":"closed","ping_status":"closed","template":"","meta":{"om_disable_all_campaigns":false,"_monsterinsights_skip_tracking":false,"_monsterinsights_sitenote_active":false,"_monsterinsights_sitenote_note":"","_monsterinsights_sitenote_category":0,"_uf_show_specific_survey":0,"_uf_disable_surveys":false,"footnotes":""},"class_list":["post-25316","page","type-page","status-publish","hentry"],"aioseo_notices":[],"yoast_head":"<!-- This site is optimized with the Yoast SEO plugin v22.3 - https:\/\/yoast.com\/wordpress\/plugins\/seo\/ -->\n<title>GKP p\u0113c mont\u0101\u017eas pielietojuma (UD, CD, UW, CW) - Dexoprofile.eu<\/title>\n<meta name=\"description\" content=\"DEXO PROFILE augstas kvalit\u0101tes \u0123ip\u0161a profili p\u0113c mont\u0101\u017eas pielietojuma. Profilu biezums 4-6 mm, iesp\u0113jami nestandarta garumi.\" \/>\n<meta name=\"robots\" content=\"index, follow, max-snippet:-1, max-image-preview:large, max-video-preview:-1\" \/>\n<link rel=\"canonical\" href=\"https:\/\/dexoprofile.eu\/lv\/gkp-pec-pielietojuma\/\" \/>\n<meta property=\"og:locale\" content=\"lv_LV\" \/>\n<meta property=\"og:type\" content=\"article\" \/>\n<meta property=\"og:title\" content=\"GKP p\u0113c mont\u0101\u017eas pielietojuma (UD, CD, UW, CW) - Dexoprofile.eu\" \/>\n<meta property=\"og:description\" content=\"DEXO PROFILE augstas kvalit\u0101tes \u0123ip\u0161a profili p\u0113c mont\u0101\u017eas pielietojuma. Profilu biezums 4-6 mm, iesp\u0113jami nestandarta garumi.\" \/>\n<meta property=\"og:url\" content=\"https:\/\/dexoprofile.eu\/lv\/gkp-pec-pielietojuma\/\" \/>\n<meta property=\"og:site_name\" content=\"Dexoprofile\" \/>\n<meta name=\"twitter:card\" content=\"summary_large_image\" \/>\n<script type=\"application\/ld+json\" class=\"yoast-schema-graph\">{\"@context\":\"https:\/\/schema.org\",\"@graph\":[{\"@type\":\"WebPage\",\"@id\":\"https:\/\/dexoprofile.eu\/lv\/gkp-pec-pielietojuma\/\",\"url\":\"https:\/\/dexoprofile.eu\/lv\/gkp-pec-pielietojuma\/\",\"name\":\"GKP p\u0113c mont\u0101\u017eas pielietojuma (UD, CD, UW, CW) - Dexoprofile.eu\",\"isPartOf\":{\"@id\":\"https:\/\/dexoprofile.eu\/lv\/#website\"},\"datePublished\":\"2025-04-14T07:31:12+00:00\",\"dateModified\":\"2025-04-14T07:31:12+00:00\",\"description\":\"DEXO PROFILE augstas kvalit\u0101tes \u0123ip\u0161a profili p\u0113c mont\u0101\u017eas pielietojuma. Profilu biezums 4-6 mm, iesp\u0113jami nestandarta garumi.\",\"breadcrumb\":{\"@id\":\"https:\/\/dexoprofile.eu\/lv\/gkp-pec-pielietojuma\/#breadcrumb\"},\"inLanguage\":\"lv-LV\",\"potentialAction\":[{\"@type\":\"ReadAction\",\"target\":[\"https:\/\/dexoprofile.eu\/lv\/gkp-pec-pielietojuma\/\"]}]},{\"@type\":\"BreadcrumbList\",\"@id\":\"https:\/\/dexoprofile.eu\/lv\/gkp-pec-pielietojuma\/#breadcrumb\",\"itemListElement\":[{\"@type\":\"ListItem\",\"position\":1,\"name\":\"Home\",\"item\":\"https:\/\/dexoprofile.eu\/lv\/\"},{\"@type\":\"ListItem\",\"position\":2,\"name\":\"GKP p\u0113c pielietojuma\"}]},{\"@type\":\"WebSite\",\"@id\":\"https:\/\/dexoprofile.eu\/lv\/#website\",\"url\":\"https:\/\/dexoprofile.eu\/lv\/\",\"name\":\"Dexoprofile\",\"description\":\"DEXO PROFILE - standartini\u0173 ir nestandartini\u0173 matmen\u0173 GK profiliai pagaminti Lietuvoje. CD, UD, CW, UW gipso kartono montavimo profiliai, kuriuos galite u\u017esisakyti tiesiai i\u0161 gamyklos sand\u0117lio. Gaminame standartini\u0173 ir nestandartini\u0173 matmen\u0173 profilius. Vykdome projektinius u\u017esakymus.\",\"publisher\":{\"@id\":\"https:\/\/dexoprofile.eu\/lv\/#organization\"},\"potentialAction\":[{\"@type\":\"SearchAction\",\"target\":{\"@type\":\"EntryPoint\",\"urlTemplate\":\"https:\/\/dexoprofile.eu\/lv\/?s={search_term_string}\"},\"query-input\":\"required name=search_term_string\"}],\"inLanguage\":\"lv-LV\"},{\"@type\":\"Organization\",\"@id\":\"https:\/\/dexoprofile.eu\/lv\/#organization\",\"name\":\"Dexoprofile\",\"url\":\"https:\/\/dexoprofile.eu\/lv\/\",\"logo\":{\"@type\":\"ImageObject\",\"inLanguage\":\"lv-LV\",\"@id\":\"https:\/\/dexoprofile.eu\/lv\/#\/schema\/logo\/image\/\",\"url\":\"https:\/\/dexoprofile.eu\/wp-content\/uploads\/2024\/03\/lll.png\",\"contentUrl\":\"https:\/\/dexoprofile.eu\/wp-content\/uploads\/2024\/03\/lll.png\",\"width\":1080,\"height\":1080,\"caption\":\"Dexoprofile\"},\"image\":{\"@id\":\"https:\/\/dexoprofile.eu\/lv\/#\/schema\/logo\/image\/\"}}]}<\/script>\n<!-- \/ Yoast SEO plugin. -->","yoast_head_json":{"title":"GKP p\u0113c mont\u0101\u017eas pielietojuma (UD, CD, UW, CW) - Dexoprofile.eu","description":"DEXO PROFILE augstas kvalit\u0101tes \u0123ip\u0161a profili p\u0113c mont\u0101\u017eas pielietojuma. Profilu biezums 4-6 mm, iesp\u0113jami nestandarta garumi.","robots":{"index":"index","follow":"follow","max-snippet":"max-snippet:-1","max-image-preview":"max-image-preview:large","max-video-preview":"max-video-preview:-1"},"canonical":"https:\/\/dexoprofile.eu\/lv\/gkp-pec-pielietojuma\/","og_locale":"lv_LV","og_type":"article","og_title":"GKP p\u0113c mont\u0101\u017eas pielietojuma (UD, CD, UW, CW) - Dexoprofile.eu","og_description":"DEXO PROFILE augstas kvalit\u0101tes \u0123ip\u0161a profili p\u0113c mont\u0101\u017eas pielietojuma. Profilu biezums 4-6 mm, iesp\u0113jami nestandarta garumi.","og_url":"https:\/\/dexoprofile.eu\/lv\/gkp-pec-pielietojuma\/","og_site_name":"Dexoprofile","twitter_card":"summary_large_image","schema":{"@context":"https:\/\/schema.org","@graph":[{"@type":"WebPage","@id":"https:\/\/dexoprofile.eu\/lv\/gkp-pec-pielietojuma\/","url":"https:\/\/dexoprofile.eu\/lv\/gkp-pec-pielietojuma\/","name":"GKP p\u0113c mont\u0101\u017eas pielietojuma (UD, CD, UW, CW) - Dexoprofile.eu","isPartOf":{"@id":"https:\/\/dexoprofile.eu\/lv\/#website"},"datePublished":"2025-04-14T07:31:12+00:00","dateModified":"2025-04-14T07:31:12+00:00","description":"DEXO PROFILE augstas kvalit\u0101tes \u0123ip\u0161a profili p\u0113c mont\u0101\u017eas pielietojuma. Profilu biezums 4-6 mm, iesp\u0113jami nestandarta garumi.","breadcrumb":{"@id":"https:\/\/dexoprofile.eu\/lv\/gkp-pec-pielietojuma\/#breadcrumb"},"inLanguage":"lv-LV","potentialAction":[{"@type":"ReadAction","target":["https:\/\/dexoprofile.eu\/lv\/gkp-pec-pielietojuma\/"]}]},{"@type":"BreadcrumbList","@id":"https:\/\/dexoprofile.eu\/lv\/gkp-pec-pielietojuma\/#breadcrumb","itemListElement":[{"@type":"ListItem","position":1,"name":"Home","item":"https:\/\/dexoprofile.eu\/lv\/"},{"@type":"ListItem","position":2,"name":"GKP p\u0113c pielietojuma"}]},{"@type":"WebSite","@id":"https:\/\/dexoprofile.eu\/lv\/#website","url":"https:\/\/dexoprofile.eu\/lv\/","name":"Dexoprofile","description":"DEXO PROFILE - standartini\u0173 ir nestandartini\u0173 matmen\u0173 GK profiliai pagaminti Lietuvoje. CD, UD, CW, UW gipso kartono montavimo profiliai, kuriuos galite u\u017esisakyti tiesiai i\u0161 gamyklos sand\u0117lio. Gaminame standartini\u0173 ir nestandartini\u0173 matmen\u0173 profilius. Vykdome projektinius u\u017esakymus.","publisher":{"@id":"https:\/\/dexoprofile.eu\/lv\/#organization"},"potentialAction":[{"@type":"SearchAction","target":{"@type":"EntryPoint","urlTemplate":"https:\/\/dexoprofile.eu\/lv\/?s={search_term_string}"},"query-input":"required name=search_term_string"}],"inLanguage":"lv-LV"},{"@type":"Organization","@id":"https:\/\/dexoprofile.eu\/lv\/#organization","name":"Dexoprofile","url":"https:\/\/dexoprofile.eu\/lv\/","logo":{"@type":"ImageObject","inLanguage":"lv-LV","@id":"https:\/\/dexoprofile.eu\/lv\/#\/schema\/logo\/image\/","url":"https:\/\/dexoprofile.eu\/wp-content\/uploads\/2024\/03\/lll.png","contentUrl":"https:\/\/dexoprofile.eu\/wp-content\/uploads\/2024\/03\/lll.png","width":1080,"height":1080,"caption":"Dexoprofile"},"image":{"@id":"https:\/\/dexoprofile.eu\/lv\/#\/schema\/logo\/image\/"}}]}},"_links":{"self":[{"href":"https:\/\/dexoprofile.eu\/lv\/wp-json\/wp\/v2\/pages\/25316","targetHints":{"allow":["GET"]}}],"collection":[{"href":"https:\/\/dexoprofile.eu\/lv\/wp-json\/wp\/v2\/pages"}],"about":[{"href":"https:\/\/dexoprofile.eu\/lv\/wp-json\/wp\/v2\/types\/page"}],"author":[{"embeddable":true,"href":"https:\/\/dexoprofile.eu\/lv\/wp-json\/wp\/v2\/users\/2"}],"replies":[{"embeddable":true,"href":"https:\/\/dexoprofile.eu\/lv\/wp-json\/wp\/v2\/comments?post=25316"}],"version-history":[{"count":0,"href":"https:\/\/dexoprofile.eu\/lv\/wp-json\/wp\/v2\/pages\/25316\/revisions"}],"wp:attachment":[{"href":"https:\/\/dexoprofile.eu\/lv\/wp-json\/wp\/v2\/media?parent=25316"}],"curies":[{"name":"wp","href":"https:\/\/api.w.org\/{rel}","templated":true}]}}