{"id":19856,"date":"2014-03-28T11:27:19","date_gmt":"2014-03-28T11:27:19","guid":{"rendered":"https:\/\/dexoprofile.eu\/quality\/"},"modified":"2025-04-17T14:00:10","modified_gmt":"2025-04-17T14:00:10","slug":"jakosc","status":"publish","type":"page","link":"https:\/\/dexoprofile.eu\/pl\/jakosc\/","title":{"rendered":"JAKO\u015a\u0106"},"content":{"rendered":"\t\t<div data-elementor-type=\"wp-page\" data-elementor-id=\"19856\" class=\"elementor elementor-19856 elementor-14495\">\n\t\t\t\t<div class=\"elementor-element elementor-element-56071ab e-flex e-con-boxed parallax_section_no qode_elementor_container_no e-con e-parent\" data-id=\"56071ab\" data-element_type=\"container\">\n\t\t\t\t\t<div class=\"e-con-inner\">\n\t\t<div class=\"elementor-element elementor-element-b4e037e e-flex e-con-boxed parallax_section_no qode_elementor_container_no e-con e-child\" data-id=\"b4e037e\" data-element_type=\"container\" data-settings=\"{&quot;background_background&quot;:&quot;classic&quot;}\">\n\t\t\t\t\t<div class=\"e-con-inner\">\n\t\t\t\t\t<\/div>\n\t\t\t\t<\/div>\n\t\t\t\t\t<\/div>\n\t\t\t\t<\/div>\n\t\t<div class=\"elementor-element elementor-element-77acb64 e-flex e-con-boxed parallax_section_no qode_elementor_container_no e-con e-parent\" data-id=\"77acb64\" data-element_type=\"container\" data-settings=\"{&quot;background_background&quot;:&quot;classic&quot;}\">\n\t\t\t\t\t<div class=\"e-con-inner\">\n\t\t\t\t<div class=\"elementor-element elementor-element-3e5c000 elementor-widget__width-initial elementor-widget elementor-widget-heading\" data-id=\"3e5c000\" data-element_type=\"widget\" data-widget_type=\"heading.default\">\n\t\t\t\t<div class=\"elementor-widget-container\">\n\t\t\t\t\t<h2 class=\"elementor-heading-title elementor-size-default\">Jako\u015b\u0107 na wszystkich etapach<\/h2>\t\t\t\t<\/div>\n\t\t\t\t<\/div>\n\t\t\t\t\t<\/div>\n\t\t\t\t<\/div>\n\t\t<div class=\"elementor-element elementor-element-e5f8819 e-flex e-con-boxed parallax_section_no qode_elementor_container_no e-con e-parent\" data-id=\"e5f8819\" data-element_type=\"container\">\n\t\t\t\t\t<div class=\"e-con-inner\">\n\t\t\t\t<div class=\"elementor-element elementor-element-1efb09c elementor-widget elementor-widget-text-editor\" data-id=\"1efb09c\" data-element_type=\"widget\" data-widget_type=\"text-editor.default\">\n\t\t\t\t<div class=\"elementor-widget-container\">\n\t\t\t\t\t\t\t\t\t<p style=\"text-align: left;\">Nasza organizacja posiada certyfikat ISO 9001, co oznacza, \u017ce \u200b\u200bwykazali\u015bmy zdolno\u015b\u0107 do konsekwentnego dostarczania produkt\u00f3w i us\u0142ug spe\u0142niaj\u0105cych wymagania klient\u00f3w i przepis\u00f3w. Oznacza to r\u00f3wnie\u017c, \u017ce w naszej organizacji wdro\u017cono procesy ci\u0105g\u0142ego doskonalenia systemu zarz\u0105dzania jako\u015bci\u0105.<\/p>\t\t\t\t\t\t\t\t<\/div>\n\t\t\t\t<\/div>\n\t\t\t\t\t<\/div>\n\t\t\t\t<\/div>\n\t\t\t\t<section class=\"elementor-section elementor-inner-section elementor-element elementor-element-921d531 elementor-section-boxed elementor-section-height-default elementor-section-height-default parallax_section_no qode_elementor_container_no\" data-id=\"921d531\" data-element_type=\"section\">\n\t\t\t\t\t\t<div class=\"elementor-container elementor-column-gap-no\">\n\t\t\t\t\t<div class=\"elementor-column elementor-col-100 elementor-inner-column elementor-element elementor-element-3a2770b\" data-id=\"3a2770b\" data-element_type=\"column\">\n\t\t\t<div class=\"elementor-widget-wrap elementor-element-populated\">\n\t\t\t\t\t\t<div class=\"elementor-element elementor-element-d9f7b2e elementor-invisible elementor-widget elementor-widget-bridge_circles\" data-id=\"d9f7b2e\" data-element_type=\"widget\" data-settings=\"{&quot;_animation&quot;:&quot;fadeIn&quot;}\" data-widget_type=\"bridge_circles.default\">\n\t\t\t\t<div class=\"elementor-widget-container\">\n\t\t\t\t\t\n        <ul class=\"q_circles_holder five_columns no_line\" >\n\n            <li class=\"q_circle_outer\"><span class=\"q_circle_inner\"><span class=\"q_circle_inner2\" style=\"\"><i class=\"fa fa-check fa-3x\" style=\"\"><\/i><\/span><\/span><div class=\"q_circle_text_holder\"><h3 class=\"q_circle_title\" style=\"\">KONTROLA WST\u0118PNA<\/h3><p class=\"q_circle_text\" style=\"\">Obejmuje to sprawdzanie surowc\u00f3w po ich otrzymaniu od dostawc\u00f3w, aby upewni\u0107 si\u0119, \u017ce spe\u0142niaj\u0105 one standardy jako\u015bci i specyfikacje.<\/p><\/div><\/li><li class=\"q_circle_outer\"><span class=\"q_circle_inner\"><span class=\"q_circle_inner2\" style=\"\"><i class=\"fa fa-cogs fa-3x\" style=\"\"><\/i><\/span><\/span><div class=\"q_circle_text_holder\"><h3 class=\"q_circle_title\" style=\"\">KONTROLA W TRAKCIE PROCESU<\/h3><p class=\"q_circle_text\" style=\"\">Kontrole te przeprowadzane s\u0105 na r\u00f3\u017cnych etapach procesu produkcyjnego w celu zapewnienia, \u017ce produkty spe\u0142niaj\u0105 okre\u015blone standardy jako\u015bci i wymagania przed przej\u015bciem do nast\u0119pnego etapu.<\/p><\/div><\/li><li class=\"q_circle_outer\"><span class=\"q_circle_inner\"><span class=\"q_circle_inner2\" style=\"\"><i class=\"fa fa-check-square-o fa-3x\" style=\"\"><\/i><\/span><\/span><div class=\"q_circle_text_holder\"><h3 class=\"q_circle_title\" style=\"\">KO\u0143COWA KONTROLA JAKO\u015aCI<\/h3><p class=\"q_circle_text\" style=\"\">Ko\u0144cowa kontrola jako\u015bci jest kluczowym etapem procesu produkcyjnego, w kt\u00f3rym produkty s\u0105 dok\u0142adnie sprawdzane przed przekazaniem ich klientom.<\/p><\/div><\/li><li class=\"q_circle_outer\"><span class=\"q_circle_inner\"><span class=\"q_circle_inner2\" style=\"\"><i class=\"fa fa-file-o fa-3x\" style=\"\"><\/i><\/span><\/span><div class=\"q_circle_text_holder\"><h3 class=\"q_circle_title\" style=\"\">DOKUMENTACJA<\/h3><p class=\"q_circle_text\" style=\"\">Dokumentacja jest kluczowym potwierdzeniem, \u017ce produkty opuszczaj\u0105ce fabryk\u0119 spe\u0142niaj\u0105 wymagane standardy i specyfikacje.<\/p><\/div><\/li><li class=\"q_circle_outer\"><span class=\"q_circle_inner\"><span class=\"q_circle_inner2\" style=\"\"><i class=\"fa fa-commenting-o fa-3x\" style=\"\"><\/i><\/span><\/span><div class=\"q_circle_text_holder\"><h3 class=\"q_circle_title\" style=\"\">INFORMACJA ZWROTNA<\/h3><p class=\"q_circle_text\" style=\"\">Informacje zwrotne s\u0105 cennym \u017ar\u00f3d\u0142em wiedzy, kt\u00f3ra mo\u017ce przyczyni\u0107 si\u0119 do ci\u0105g\u0142ego doskonalenia i poprawy og\u00f3lnej jako\u015bci produktu.<\/p><\/div><\/li>\n        <\/ul>\n\n        \t\t\t\t<\/div>\n\t\t\t\t<\/div>\n\t\t\t\t\t<\/div>\n\t\t<\/div>\n\t\t\t\t\t<\/div>\n\t\t<\/section>\n\t\t\t\t<section class=\"elementor-section elementor-top-section elementor-element elementor-element-5cdb2a7 elementor-section-boxed elementor-section-height-default elementor-section-height-default parallax_section_no qode_elementor_container_no\" data-id=\"5cdb2a7\" data-element_type=\"section\" data-settings=\"{&quot;background_background&quot;:&quot;classic&quot;}\">\n\t\t\t\t\t\t<div class=\"elementor-container elementor-column-gap-default\">\n\t\t\t\t\t<div class=\"elementor-column elementor-col-100 elementor-top-column elementor-element elementor-element-6ed5612f\" data-id=\"6ed5612f\" data-element_type=\"column\">\n\t\t\t<div class=\"elementor-widget-wrap elementor-element-populated\">\n\t\t\t\t\t\t<section class=\"elementor-section elementor-inner-section elementor-element elementor-element-13703c2 qode_elementor_container_inner elementor-section-boxed elementor-section-height-default elementor-section-height-default parallax_section_no\" data-id=\"13703c2\" data-element_type=\"section\">\n\t\t\t\t\t\t<div class=\"elementor-container elementor-column-gap-no\">\n\t\t\t\t\t<div class=\"elementor-column elementor-col-100 elementor-inner-column elementor-element elementor-element-b147213\" data-id=\"b147213\" data-element_type=\"column\">\n\t\t\t<div class=\"elementor-widget-wrap elementor-element-populated\">\n\t\t\t\t\t\t<div class=\"elementor-element elementor-element-2acd68dc elementor-widget elementor-widget-text-editor\" data-id=\"2acd68dc\" data-element_type=\"widget\" data-widget_type=\"text-editor.default\">\n\t\t\t\t<div class=\"elementor-widget-container\">\n\t\t\t\t\t\t\t\t\t<h2 style=\"text-align: center;\"><span style=\"color: #ffffff;\">deklaracje<\/span><\/h2>\t\t\t\t\t\t\t\t<\/div>\n\t\t\t\t<\/div>\n\t\t\t\t\t<\/div>\n\t\t<\/div>\n\t\t\t\t\t<\/div>\n\t\t<\/section>\n\t\t\t\t<section class=\"elementor-section elementor-inner-section elementor-element elementor-element-d61bb81 qode_elementor_container_inner elementor-section-boxed elementor-section-height-default elementor-section-height-default parallax_section_no\" data-id=\"d61bb81\" data-element_type=\"section\">\n\t\t\t\t\t\t<div class=\"elementor-container elementor-column-gap-default\">\n\t\t\t\t\t<div class=\"elementor-column elementor-col-25 elementor-inner-column elementor-element elementor-element-698ef149\" data-id=\"698ef149\" data-element_type=\"column\">\n\t\t\t<div class=\"elementor-widget-wrap elementor-element-populated\">\n\t\t\t\t\t\t<div class=\"elementor-element elementor-element-a22bac5 elementor-invisible elementor-widget elementor-widget-bridge_service_table\" data-id=\"a22bac5\" data-element_type=\"widget\" data-settings=\"{&quot;_animation&quot;:&quot;zoomIn&quot;}\" data-widget_type=\"bridge_service_table.default\">\n\t\t\t\t<div class=\"elementor-widget-container\">\n\t\t\t\t\t<div class='service_table_holder'><ul class='service_table_inner'><li class='service_table_title_holder ' style=''><div class='service_table_title_inner'><div class='service_table_title_inner2'><h3 class='service_title' style=''>CD profile<\/h3><i class=\"qode_icon_font_awesome fa fa-download fa-3x\" style=\"\" ><\/i><\/div><\/div><\/li><li class='service_table_content' style=''><ul><li><span style=\"color: #005f9c;\"><strong><a style=\"color: #005f9c;\" href=\"https:\/\/dexoprofile.eu\/wp-content\/uploads\/2024\/04\/DECLARATION-OF-PERFORMANCE_Gypsum-Board-Metal-Profiles_CD_EN_v2.pdf\">Deklaracja_CD_profile.pdf<\/a><\/strong><\/span><\/li><li>Wytrzyma\u0142o\u015b\u0107 na rozci\u0105ganie - 250 n\/mm2<\/li><li>Odporno\u015b\u0107 ogniowa - A1<\/li><li>Surowiec - DX51D + Z100<\/li><\/ul><\/li><\/ul><\/div>\t\t\t\t<\/div>\n\t\t\t\t<\/div>\n\t\t\t\t\t<\/div>\n\t\t<\/div>\n\t\t\t\t<div class=\"elementor-column elementor-col-25 elementor-inner-column elementor-element elementor-element-8fcbe83\" data-id=\"8fcbe83\" data-element_type=\"column\">\n\t\t\t<div class=\"elementor-widget-wrap elementor-element-populated\">\n\t\t\t\t\t\t<div class=\"elementor-element elementor-element-a52f3d9 elementor-invisible elementor-widget elementor-widget-bridge_service_table\" data-id=\"a52f3d9\" data-element_type=\"widget\" data-settings=\"{&quot;_animation&quot;:&quot;zoomIn&quot;}\" data-widget_type=\"bridge_service_table.default\">\n\t\t\t\t<div class=\"elementor-widget-container\">\n\t\t\t\t\t<div class='service_table_holder'><ul class='service_table_inner'><li class='service_table_title_holder ' style=''><div class='service_table_title_inner'><div class='service_table_title_inner2'><h3 class='service_title' style=''>ud profile<\/h3><i class=\"qode_icon_font_awesome fa fa-download fa-3x\" style=\"\" ><\/i><\/div><\/div><\/li><li class='service_table_content' style=''><ul><li><span style=\"color: #005f9c;\"><strong><a style=\"color: #005f9c;\" href=\"https:\/\/dexoprofile.eu\/wp-content\/uploads\/2024\/04\/DECLARATION-OF-PERFORMANCE_Gypsum-Board-Metal-Profiles_UD_EN_v2.pdf\">Deklaracja_UD_profile.pdf<\/a><\/strong><\/span><\/li><li>Wytrzyma\u0142o\u015b\u0107 na rozci\u0105ganie - 250 n\/mm2<\/li><li>Odporno\u015b\u0107 ogniowa - A1<\/li><li>Surowiec - DX51D + Z100<\/li><\/ul><\/li><\/ul><\/div>\t\t\t\t<\/div>\n\t\t\t\t<\/div>\n\t\t\t\t\t<\/div>\n\t\t<\/div>\n\t\t\t\t<div class=\"elementor-column elementor-col-25 elementor-inner-column elementor-element elementor-element-6fe09bf\" data-id=\"6fe09bf\" data-element_type=\"column\">\n\t\t\t<div class=\"elementor-widget-wrap elementor-element-populated\">\n\t\t\t\t\t\t<div class=\"elementor-element elementor-element-393c130 elementor-invisible elementor-widget elementor-widget-bridge_service_table\" data-id=\"393c130\" data-element_type=\"widget\" data-settings=\"{&quot;_animation&quot;:&quot;zoomIn&quot;}\" data-widget_type=\"bridge_service_table.default\">\n\t\t\t\t<div class=\"elementor-widget-container\">\n\t\t\t\t\t<div class='service_table_holder'><ul class='service_table_inner'><li class='service_table_title_holder ' style=''><div class='service_table_title_inner'><div class='service_table_title_inner2'><h3 class='service_title' style=''>cw profile<\/h3><i class=\"qode_icon_font_awesome fa fa-download fa-3x\" style=\"\" ><\/i><\/div><\/div><\/li><li class='service_table_content' style=''><ul><li><span style=\"color: #005f9c;\"><strong><a style=\"color: #005f9c;\" href=\"https:\/\/dexoprofile.eu\/wp-content\/uploads\/2024\/04\/DECLARATION-OF-PERFORMANCE_Gypsum-Board-Metal-Profiles_CW_EN_v2.pdf\">Deklaracja_CW_profile.pdf<\/a><\/strong><\/span><\/li><li>Wytrzyma\u0142o\u015b\u0107 na rozci\u0105ganie - 250 n\/mm2<\/li><li>Odporno\u015b\u0107 ogniowa - A1<\/li><li>Surowiec - DX51D + Z100<\/li><\/ul><\/li><\/ul><\/div>\t\t\t\t<\/div>\n\t\t\t\t<\/div>\n\t\t\t\t\t<\/div>\n\t\t<\/div>\n\t\t\t\t<div class=\"elementor-column elementor-col-25 elementor-inner-column elementor-element elementor-element-7072e89\" data-id=\"7072e89\" data-element_type=\"column\">\n\t\t\t<div class=\"elementor-widget-wrap elementor-element-populated\">\n\t\t\t\t\t\t<div class=\"elementor-element elementor-element-abeb015 elementor-invisible elementor-widget elementor-widget-bridge_service_table\" data-id=\"abeb015\" data-element_type=\"widget\" data-settings=\"{&quot;_animation&quot;:&quot;zoomIn&quot;}\" data-widget_type=\"bridge_service_table.default\">\n\t\t\t\t<div class=\"elementor-widget-container\">\n\t\t\t\t\t<div class='service_table_holder'><ul class='service_table_inner'><li class='service_table_title_holder ' style=''><div class='service_table_title_inner'><div class='service_table_title_inner2'><h3 class='service_title' style=''>uw profile<\/h3><i class=\"qode_icon_font_awesome fa fa-download fa-3x\" style=\"\" ><\/i><\/div><\/div><\/li><li class='service_table_content' style=''><ul><li><span style=\"color: #005f9c;\"><strong><a style=\"color: #005f9c;\" href=\"https:\/\/dexoprofile.eu\/wp-content\/uploads\/2024\/04\/DECLARATION-OF-PERFORMANCE_Gypsum-Board-Metal-Profiles_UW_EN_v2.pdf\">Deklaracja_UW_profile.pdf<\/a><\/strong><\/span><\/li><li>Wytrzyma\u0142o\u015b\u0107 na rozci\u0105ganie - 250 n\/mm2<\/li><li>Odporno\u015b\u0107 ogniowa - A1<\/li><li>Surowiec - DX51D + Z100<\/li><\/ul><\/li><\/ul><\/div>\t\t\t\t<\/div>\n\t\t\t\t<\/div>\n\t\t\t\t\t<\/div>\n\t\t<\/div>\n\t\t\t\t\t<\/div>\n\t\t<\/section>\n\t\t\t\t\t<\/div>\n\t\t<\/div>\n\t\t\t\t\t<\/div>\n\t\t<\/section>\n\t\t<div class=\"elementor-element elementor-element-ec928b1 e-flex e-con-boxed parallax_section_no qode_elementor_container_no e-con e-parent\" data-id=\"ec928b1\" data-element_type=\"container\">\n\t\t\t\t\t<div class=\"e-con-inner\">\n\t\t\t\t\t<\/div>\n\t\t\t\t<\/div>\n\t\t\t\t<\/div>\n\t\t","protected":false},"excerpt":{"rendered":"<p>Jako\u015b\u0107 na wszystkich etapach Nasza organizacja posiada certyfikat ISO 9001, co oznacza, \u017ce \u200b\u200bwykazali\u015bmy zdolno\u015b\u0107 do konsekwentnego dostarczania produkt\u00f3w i us\u0142ug spe\u0142niaj\u0105cych wymagania klient\u00f3w i przepis\u00f3w. Oznacza to r\u00f3wnie\u017c, \u017ce w naszej organizacji wdro\u017cono procesy ci\u0105g\u0142ego doskonalenia systemu zarz\u0105dzania jako\u015bci\u0105. KONTROLA WST\u0118PNA Obejmuje to sprawdzanie&#8230;<\/p>\n","protected":false},"author":1,"featured_media":0,"parent":0,"menu_order":0,"comment_status":"open","ping_status":"open","template":"full_width.php","meta":{"om_disable_all_campaigns":false,"_monsterinsights_skip_tracking":false,"_monsterinsights_sitenote_active":false,"_monsterinsights_sitenote_note":"","_monsterinsights_sitenote_category":0,"_uf_show_specific_survey":0,"_uf_disable_surveys":false,"footnotes":""},"class_list":["post-19856","page","type-page","status-publish","hentry"],"aioseo_notices":[],"yoast_head":"<!-- This site is optimized with the Yoast SEO plugin v22.3 - https:\/\/yoast.com\/wordpress\/plugins\/seo\/ -->\n<title>JAKO\u015a\u0106 - Dexoprofile<\/title>\n<meta name=\"robots\" content=\"index, follow, max-snippet:-1, max-image-preview:large, max-video-preview:-1\" \/>\n<link rel=\"canonical\" href=\"https:\/\/dexoprofile.eu\/pl\/jakosc\/\" \/>\n<meta property=\"og:locale\" content=\"pl_PL\" \/>\n<meta property=\"og:type\" content=\"article\" \/>\n<meta property=\"og:title\" content=\"JAKO\u015a\u0106 - Dexoprofile\" \/>\n<meta property=\"og:description\" content=\"Jako\u015b\u0107 na wszystkich etapach Nasza organizacja posiada certyfikat ISO 9001, co oznacza, \u017ce \u200b\u200bwykazali\u015bmy zdolno\u015b\u0107 do konsekwentnego dostarczania produkt\u00f3w i us\u0142ug spe\u0142niaj\u0105cych wymagania klient\u00f3w i przepis\u00f3w. Oznacza to r\u00f3wnie\u017c, \u017ce w naszej organizacji wdro\u017cono procesy ci\u0105g\u0142ego doskonalenia systemu zarz\u0105dzania jako\u015bci\u0105. KONTROLA WST\u0118PNA Obejmuje to sprawdzanie...\" \/>\n<meta property=\"og:url\" content=\"https:\/\/dexoprofile.eu\/pl\/jakosc\/\" \/>\n<meta property=\"og:site_name\" content=\"Dexoprofile\" \/>\n<meta property=\"article:modified_time\" content=\"2025-04-17T14:00:10+00:00\" \/>\n<meta name=\"twitter:card\" content=\"summary_large_image\" \/>\n<meta name=\"twitter:label1\" content=\"Szacowany czas czytania\" \/>\n\t<meta name=\"twitter:data1\" content=\"2 minuty\" \/>\n<script type=\"application\/ld+json\" class=\"yoast-schema-graph\">{\"@context\":\"https:\/\/schema.org\",\"@graph\":[{\"@type\":\"WebPage\",\"@id\":\"https:\/\/dexoprofile.eu\/pl\/jakosc\/\",\"url\":\"https:\/\/dexoprofile.eu\/pl\/jakosc\/\",\"name\":\"JAKO\u015a\u0106 - Dexoprofile\",\"isPartOf\":{\"@id\":\"https:\/\/dexoprofile.eu\/pl\/#website\"},\"datePublished\":\"2014-03-28T11:27:19+00:00\",\"dateModified\":\"2025-04-17T14:00:10+00:00\",\"breadcrumb\":{\"@id\":\"https:\/\/dexoprofile.eu\/pl\/jakosc\/#breadcrumb\"},\"inLanguage\":\"pl-PL\",\"potentialAction\":[{\"@type\":\"ReadAction\",\"target\":[\"https:\/\/dexoprofile.eu\/pl\/jakosc\/\"]}]},{\"@type\":\"BreadcrumbList\",\"@id\":\"https:\/\/dexoprofile.eu\/pl\/jakosc\/#breadcrumb\",\"itemListElement\":[{\"@type\":\"ListItem\",\"position\":1,\"name\":\"Home\",\"item\":\"https:\/\/dexoprofile.eu\/pl\/\"},{\"@type\":\"ListItem\",\"position\":2,\"name\":\"JAKO\u015a\u0106\"}]},{\"@type\":\"WebSite\",\"@id\":\"https:\/\/dexoprofile.eu\/pl\/#website\",\"url\":\"https:\/\/dexoprofile.eu\/pl\/\",\"name\":\"Dexoprofile\",\"description\":\"DEXO PROFILE - standartini\u0173 ir nestandartini\u0173 matmen\u0173 GK profiliai pagaminti Lietuvoje. CD, UD, CW, UW gipso kartono montavimo profiliai, kuriuos galite u\u017esisakyti tiesiai i\u0161 gamyklos sand\u0117lio. Gaminame standartini\u0173 ir nestandartini\u0173 matmen\u0173 profilius. Vykdome projektinius u\u017esakymus.\",\"publisher\":{\"@id\":\"https:\/\/dexoprofile.eu\/pl\/#organization\"},\"potentialAction\":[{\"@type\":\"SearchAction\",\"target\":{\"@type\":\"EntryPoint\",\"urlTemplate\":\"https:\/\/dexoprofile.eu\/pl\/?s={search_term_string}\"},\"query-input\":\"required name=search_term_string\"}],\"inLanguage\":\"pl-PL\"},{\"@type\":\"Organization\",\"@id\":\"https:\/\/dexoprofile.eu\/pl\/#organization\",\"name\":\"Dexoprofile\",\"url\":\"https:\/\/dexoprofile.eu\/pl\/\",\"logo\":{\"@type\":\"ImageObject\",\"inLanguage\":\"pl-PL\",\"@id\":\"https:\/\/dexoprofile.eu\/pl\/#\/schema\/logo\/image\/\",\"url\":\"https:\/\/dexoprofile.eu\/wp-content\/uploads\/2024\/03\/lll.png\",\"contentUrl\":\"https:\/\/dexoprofile.eu\/wp-content\/uploads\/2024\/03\/lll.png\",\"width\":1080,\"height\":1080,\"caption\":\"Dexoprofile\"},\"image\":{\"@id\":\"https:\/\/dexoprofile.eu\/pl\/#\/schema\/logo\/image\/\"}}]}<\/script>\n<!-- \/ Yoast SEO plugin. -->","yoast_head_json":{"title":"JAKO\u015a\u0106 - Dexoprofile","robots":{"index":"index","follow":"follow","max-snippet":"max-snippet:-1","max-image-preview":"max-image-preview:large","max-video-preview":"max-video-preview:-1"},"canonical":"https:\/\/dexoprofile.eu\/pl\/jakosc\/","og_locale":"pl_PL","og_type":"article","og_title":"JAKO\u015a\u0106 - Dexoprofile","og_description":"Jako\u015b\u0107 na wszystkich etapach Nasza organizacja posiada certyfikat ISO 9001, co oznacza, \u017ce \u200b\u200bwykazali\u015bmy zdolno\u015b\u0107 do konsekwentnego dostarczania produkt\u00f3w i us\u0142ug spe\u0142niaj\u0105cych wymagania klient\u00f3w i przepis\u00f3w. Oznacza to r\u00f3wnie\u017c, \u017ce w naszej organizacji wdro\u017cono procesy ci\u0105g\u0142ego doskonalenia systemu zarz\u0105dzania jako\u015bci\u0105. KONTROLA WST\u0118PNA Obejmuje to sprawdzanie...","og_url":"https:\/\/dexoprofile.eu\/pl\/jakosc\/","og_site_name":"Dexoprofile","article_modified_time":"2025-04-17T14:00:10+00:00","twitter_card":"summary_large_image","twitter_misc":{"Szacowany czas czytania":"2 minuty"},"schema":{"@context":"https:\/\/schema.org","@graph":[{"@type":"WebPage","@id":"https:\/\/dexoprofile.eu\/pl\/jakosc\/","url":"https:\/\/dexoprofile.eu\/pl\/jakosc\/","name":"JAKO\u015a\u0106 - Dexoprofile","isPartOf":{"@id":"https:\/\/dexoprofile.eu\/pl\/#website"},"datePublished":"2014-03-28T11:27:19+00:00","dateModified":"2025-04-17T14:00:10+00:00","breadcrumb":{"@id":"https:\/\/dexoprofile.eu\/pl\/jakosc\/#breadcrumb"},"inLanguage":"pl-PL","potentialAction":[{"@type":"ReadAction","target":["https:\/\/dexoprofile.eu\/pl\/jakosc\/"]}]},{"@type":"BreadcrumbList","@id":"https:\/\/dexoprofile.eu\/pl\/jakosc\/#breadcrumb","itemListElement":[{"@type":"ListItem","position":1,"name":"Home","item":"https:\/\/dexoprofile.eu\/pl\/"},{"@type":"ListItem","position":2,"name":"JAKO\u015a\u0106"}]},{"@type":"WebSite","@id":"https:\/\/dexoprofile.eu\/pl\/#website","url":"https:\/\/dexoprofile.eu\/pl\/","name":"Dexoprofile","description":"DEXO PROFILE - standartini\u0173 ir nestandartini\u0173 matmen\u0173 GK profiliai pagaminti Lietuvoje. CD, UD, CW, UW gipso kartono montavimo profiliai, kuriuos galite u\u017esisakyti tiesiai i\u0161 gamyklos sand\u0117lio. Gaminame standartini\u0173 ir nestandartini\u0173 matmen\u0173 profilius. Vykdome projektinius u\u017esakymus.","publisher":{"@id":"https:\/\/dexoprofile.eu\/pl\/#organization"},"potentialAction":[{"@type":"SearchAction","target":{"@type":"EntryPoint","urlTemplate":"https:\/\/dexoprofile.eu\/pl\/?s={search_term_string}"},"query-input":"required name=search_term_string"}],"inLanguage":"pl-PL"},{"@type":"Organization","@id":"https:\/\/dexoprofile.eu\/pl\/#organization","name":"Dexoprofile","url":"https:\/\/dexoprofile.eu\/pl\/","logo":{"@type":"ImageObject","inLanguage":"pl-PL","@id":"https:\/\/dexoprofile.eu\/pl\/#\/schema\/logo\/image\/","url":"https:\/\/dexoprofile.eu\/wp-content\/uploads\/2024\/03\/lll.png","contentUrl":"https:\/\/dexoprofile.eu\/wp-content\/uploads\/2024\/03\/lll.png","width":1080,"height":1080,"caption":"Dexoprofile"},"image":{"@id":"https:\/\/dexoprofile.eu\/pl\/#\/schema\/logo\/image\/"}}]}},"_links":{"self":[{"href":"https:\/\/dexoprofile.eu\/pl\/wp-json\/wp\/v2\/pages\/19856","targetHints":{"allow":["GET"]}}],"collection":[{"href":"https:\/\/dexoprofile.eu\/pl\/wp-json\/wp\/v2\/pages"}],"about":[{"href":"https:\/\/dexoprofile.eu\/pl\/wp-json\/wp\/v2\/types\/page"}],"author":[{"embeddable":true,"href":"https:\/\/dexoprofile.eu\/pl\/wp-json\/wp\/v2\/users\/1"}],"replies":[{"embeddable":true,"href":"https:\/\/dexoprofile.eu\/pl\/wp-json\/wp\/v2\/comments?post=19856"}],"version-history":[{"count":41,"href":"https:\/\/dexoprofile.eu\/pl\/wp-json\/wp\/v2\/pages\/19856\/revisions"}],"predecessor-version":[{"id":24505,"href":"https:\/\/dexoprofile.eu\/pl\/wp-json\/wp\/v2\/pages\/19856\/revisions\/24505"}],"wp:attachment":[{"href":"https:\/\/dexoprofile.eu\/pl\/wp-json\/wp\/v2\/media?parent=19856"}],"curies":[{"name":"wp","href":"https:\/\/api.w.org\/{rel}","templated":true}]}}