{"id":25321,"date":"2025-04-14T07:31:12","date_gmt":"2025-04-14T07:31:12","guid":{"rendered":"https:\/\/dexoprofile.eu\/profile-g-k-wedlug-przeznaczenia\/"},"modified":"2025-04-14T07:31:12","modified_gmt":"2025-04-14T07:31:12","slug":"profile-g-k-wedlug-przeznaczenia","status":"publish","type":"page","link":"https:\/\/dexoprofile.eu\/pl\/profile-g-k-wedlug-przeznaczenia\/","title":{"rendered":"Profile G-K wed\u0142ug przeznaczenia"},"content":{"rendered":"","protected":false},"excerpt":{"rendered":"","protected":false},"author":2,"featured_media":0,"parent":0,"menu_order":0,"comment_status":"closed","ping_status":"closed","template":"","meta":{"om_disable_all_campaigns":false,"_monsterinsights_skip_tracking":false,"_monsterinsights_sitenote_active":false,"_monsterinsights_sitenote_note":"","_monsterinsights_sitenote_category":0,"_uf_show_specific_survey":0,"_uf_disable_surveys":false,"footnotes":""},"class_list":["post-25321","page","type-page","status-publish","hentry"],"aioseo_notices":[],"yoast_head":"<!-- This site is optimized with the Yoast SEO plugin v22.3 - https:\/\/yoast.com\/wordpress\/plugins\/seo\/ -->\n<title>Profile G-K wed\u0142ug przeznaczenia monta\u017cowego (UD, CD, UW, CW) - Dexoprofile.eu<\/title>\n<meta name=\"description\" content=\"DEXO PROFILE wysokiej jako\u015bci profile gipsowe wed\u0142ug przeznaczenia monta\u017cowego. Grubo\u015b\u0107 profili 4-6 mm, dost\u0119pne s\u0105 niestandardowe d\u0142ugo\u015bci.\" \/>\n<meta name=\"robots\" content=\"index, follow, max-snippet:-1, max-image-preview:large, max-video-preview:-1\" \/>\n<link rel=\"canonical\" href=\"https:\/\/dexoprofile.eu\/pl\/profile-g-k-wedlug-przeznaczenia\/\" \/>\n<meta property=\"og:locale\" content=\"pl_PL\" \/>\n<meta property=\"og:type\" content=\"article\" \/>\n<meta property=\"og:title\" content=\"Profile G-K wed\u0142ug przeznaczenia monta\u017cowego (UD, CD, UW, CW) - Dexoprofile.eu\" \/>\n<meta property=\"og:description\" content=\"DEXO PROFILE wysokiej jako\u015bci profile gipsowe wed\u0142ug przeznaczenia monta\u017cowego. Grubo\u015b\u0107 profili 4-6 mm, dost\u0119pne s\u0105 niestandardowe d\u0142ugo\u015bci.\" \/>\n<meta property=\"og:url\" content=\"https:\/\/dexoprofile.eu\/pl\/profile-g-k-wedlug-przeznaczenia\/\" \/>\n<meta property=\"og:site_name\" content=\"Dexoprofile\" \/>\n<meta name=\"twitter:card\" content=\"summary_large_image\" \/>\n<script type=\"application\/ld+json\" class=\"yoast-schema-graph\">{\"@context\":\"https:\/\/schema.org\",\"@graph\":[{\"@type\":\"WebPage\",\"@id\":\"https:\/\/dexoprofile.eu\/pl\/profile-g-k-wedlug-przeznaczenia\/\",\"url\":\"https:\/\/dexoprofile.eu\/pl\/profile-g-k-wedlug-przeznaczenia\/\",\"name\":\"Profile G-K wed\u0142ug przeznaczenia monta\u017cowego (UD, CD, UW, CW) - Dexoprofile.eu\",\"isPartOf\":{\"@id\":\"https:\/\/dexoprofile.eu\/pl\/#website\"},\"datePublished\":\"2025-04-14T07:31:12+00:00\",\"dateModified\":\"2025-04-14T07:31:12+00:00\",\"description\":\"DEXO PROFILE wysokiej jako\u015bci profile gipsowe wed\u0142ug przeznaczenia monta\u017cowego. Grubo\u015b\u0107 profili 4-6 mm, dost\u0119pne s\u0105 niestandardowe d\u0142ugo\u015bci.\",\"breadcrumb\":{\"@id\":\"https:\/\/dexoprofile.eu\/pl\/profile-g-k-wedlug-przeznaczenia\/#breadcrumb\"},\"inLanguage\":\"pl-PL\",\"potentialAction\":[{\"@type\":\"ReadAction\",\"target\":[\"https:\/\/dexoprofile.eu\/pl\/profile-g-k-wedlug-przeznaczenia\/\"]}]},{\"@type\":\"BreadcrumbList\",\"@id\":\"https:\/\/dexoprofile.eu\/pl\/profile-g-k-wedlug-przeznaczenia\/#breadcrumb\",\"itemListElement\":[{\"@type\":\"ListItem\",\"position\":1,\"name\":\"Home\",\"item\":\"https:\/\/dexoprofile.eu\/pl\/\"},{\"@type\":\"ListItem\",\"position\":2,\"name\":\"Profile G-K wed\u0142ug przeznaczenia\"}]},{\"@type\":\"WebSite\",\"@id\":\"https:\/\/dexoprofile.eu\/pl\/#website\",\"url\":\"https:\/\/dexoprofile.eu\/pl\/\",\"name\":\"Dexoprofile\",\"description\":\"DEXO PROFILE - standartini\u0173 ir nestandartini\u0173 matmen\u0173 GK profiliai pagaminti Lietuvoje. CD, UD, CW, UW gipso kartono montavimo profiliai, kuriuos galite u\u017esisakyti tiesiai i\u0161 gamyklos sand\u0117lio. Gaminame standartini\u0173 ir nestandartini\u0173 matmen\u0173 profilius. Vykdome projektinius u\u017esakymus.\",\"publisher\":{\"@id\":\"https:\/\/dexoprofile.eu\/pl\/#organization\"},\"potentialAction\":[{\"@type\":\"SearchAction\",\"target\":{\"@type\":\"EntryPoint\",\"urlTemplate\":\"https:\/\/dexoprofile.eu\/pl\/?s={search_term_string}\"},\"query-input\":\"required name=search_term_string\"}],\"inLanguage\":\"pl-PL\"},{\"@type\":\"Organization\",\"@id\":\"https:\/\/dexoprofile.eu\/pl\/#organization\",\"name\":\"Dexoprofile\",\"url\":\"https:\/\/dexoprofile.eu\/pl\/\",\"logo\":{\"@type\":\"ImageObject\",\"inLanguage\":\"pl-PL\",\"@id\":\"https:\/\/dexoprofile.eu\/pl\/#\/schema\/logo\/image\/\",\"url\":\"https:\/\/dexoprofile.eu\/wp-content\/uploads\/2024\/03\/lll.png\",\"contentUrl\":\"https:\/\/dexoprofile.eu\/wp-content\/uploads\/2024\/03\/lll.png\",\"width\":1080,\"height\":1080,\"caption\":\"Dexoprofile\"},\"image\":{\"@id\":\"https:\/\/dexoprofile.eu\/pl\/#\/schema\/logo\/image\/\"}}]}<\/script>\n<!-- \/ Yoast SEO plugin. -->","yoast_head_json":{"title":"Profile G-K wed\u0142ug przeznaczenia monta\u017cowego (UD, CD, UW, CW) - Dexoprofile.eu","description":"DEXO PROFILE wysokiej jako\u015bci profile gipsowe wed\u0142ug przeznaczenia monta\u017cowego. Grubo\u015b\u0107 profili 4-6 mm, dost\u0119pne s\u0105 niestandardowe d\u0142ugo\u015bci.","robots":{"index":"index","follow":"follow","max-snippet":"max-snippet:-1","max-image-preview":"max-image-preview:large","max-video-preview":"max-video-preview:-1"},"canonical":"https:\/\/dexoprofile.eu\/pl\/profile-g-k-wedlug-przeznaczenia\/","og_locale":"pl_PL","og_type":"article","og_title":"Profile G-K wed\u0142ug przeznaczenia monta\u017cowego (UD, CD, UW, CW) - Dexoprofile.eu","og_description":"DEXO PROFILE wysokiej jako\u015bci profile gipsowe wed\u0142ug przeznaczenia monta\u017cowego. Grubo\u015b\u0107 profili 4-6 mm, dost\u0119pne s\u0105 niestandardowe d\u0142ugo\u015bci.","og_url":"https:\/\/dexoprofile.eu\/pl\/profile-g-k-wedlug-przeznaczenia\/","og_site_name":"Dexoprofile","twitter_card":"summary_large_image","schema":{"@context":"https:\/\/schema.org","@graph":[{"@type":"WebPage","@id":"https:\/\/dexoprofile.eu\/pl\/profile-g-k-wedlug-przeznaczenia\/","url":"https:\/\/dexoprofile.eu\/pl\/profile-g-k-wedlug-przeznaczenia\/","name":"Profile G-K wed\u0142ug przeznaczenia monta\u017cowego (UD, CD, UW, CW) - Dexoprofile.eu","isPartOf":{"@id":"https:\/\/dexoprofile.eu\/pl\/#website"},"datePublished":"2025-04-14T07:31:12+00:00","dateModified":"2025-04-14T07:31:12+00:00","description":"DEXO PROFILE wysokiej jako\u015bci profile gipsowe wed\u0142ug przeznaczenia monta\u017cowego. Grubo\u015b\u0107 profili 4-6 mm, dost\u0119pne s\u0105 niestandardowe d\u0142ugo\u015bci.","breadcrumb":{"@id":"https:\/\/dexoprofile.eu\/pl\/profile-g-k-wedlug-przeznaczenia\/#breadcrumb"},"inLanguage":"pl-PL","potentialAction":[{"@type":"ReadAction","target":["https:\/\/dexoprofile.eu\/pl\/profile-g-k-wedlug-przeznaczenia\/"]}]},{"@type":"BreadcrumbList","@id":"https:\/\/dexoprofile.eu\/pl\/profile-g-k-wedlug-przeznaczenia\/#breadcrumb","itemListElement":[{"@type":"ListItem","position":1,"name":"Home","item":"https:\/\/dexoprofile.eu\/pl\/"},{"@type":"ListItem","position":2,"name":"Profile G-K wed\u0142ug przeznaczenia"}]},{"@type":"WebSite","@id":"https:\/\/dexoprofile.eu\/pl\/#website","url":"https:\/\/dexoprofile.eu\/pl\/","name":"Dexoprofile","description":"DEXO PROFILE - standartini\u0173 ir nestandartini\u0173 matmen\u0173 GK profiliai pagaminti Lietuvoje. CD, UD, CW, UW gipso kartono montavimo profiliai, kuriuos galite u\u017esisakyti tiesiai i\u0161 gamyklos sand\u0117lio. Gaminame standartini\u0173 ir nestandartini\u0173 matmen\u0173 profilius. Vykdome projektinius u\u017esakymus.","publisher":{"@id":"https:\/\/dexoprofile.eu\/pl\/#organization"},"potentialAction":[{"@type":"SearchAction","target":{"@type":"EntryPoint","urlTemplate":"https:\/\/dexoprofile.eu\/pl\/?s={search_term_string}"},"query-input":"required name=search_term_string"}],"inLanguage":"pl-PL"},{"@type":"Organization","@id":"https:\/\/dexoprofile.eu\/pl\/#organization","name":"Dexoprofile","url":"https:\/\/dexoprofile.eu\/pl\/","logo":{"@type":"ImageObject","inLanguage":"pl-PL","@id":"https:\/\/dexoprofile.eu\/pl\/#\/schema\/logo\/image\/","url":"https:\/\/dexoprofile.eu\/wp-content\/uploads\/2024\/03\/lll.png","contentUrl":"https:\/\/dexoprofile.eu\/wp-content\/uploads\/2024\/03\/lll.png","width":1080,"height":1080,"caption":"Dexoprofile"},"image":{"@id":"https:\/\/dexoprofile.eu\/pl\/#\/schema\/logo\/image\/"}}]}},"_links":{"self":[{"href":"https:\/\/dexoprofile.eu\/pl\/wp-json\/wp\/v2\/pages\/25321","targetHints":{"allow":["GET"]}}],"collection":[{"href":"https:\/\/dexoprofile.eu\/pl\/wp-json\/wp\/v2\/pages"}],"about":[{"href":"https:\/\/dexoprofile.eu\/pl\/wp-json\/wp\/v2\/types\/page"}],"author":[{"embeddable":true,"href":"https:\/\/dexoprofile.eu\/pl\/wp-json\/wp\/v2\/users\/2"}],"replies":[{"embeddable":true,"href":"https:\/\/dexoprofile.eu\/pl\/wp-json\/wp\/v2\/comments?post=25321"}],"version-history":[{"count":0,"href":"https:\/\/dexoprofile.eu\/pl\/wp-json\/wp\/v2\/pages\/25321\/revisions"}],"wp:attachment":[{"href":"https:\/\/dexoprofile.eu\/pl\/wp-json\/wp\/v2\/media?parent=25321"}],"curies":[{"name":"wp","href":"https:\/\/api.w.org\/{rel}","templated":true}]}}