{"id":25206,"date":"2013-10-16T12:05:38","date_gmt":"2013-10-16T12:05:38","guid":{"rendered":"https:\/\/dexoprofile.eu\/%d0%b7%d0%b2%d1%8f%d0%b6%d1%96%d1%82%d1%8c%d1%81%d1%8f-%d0%b7-%d0%bd%d0%b0%d0%bc%d0%b8\/"},"modified":"2026-04-29T08:15:47","modified_gmt":"2026-04-29T08:15:47","slug":"%d0%b7%d0%b2%d1%8f%d0%b6%d1%96%d1%82%d1%8c%d1%81%d1%8f-%d0%b7-%d0%bd%d0%b0%d0%bc%d0%b8","status":"publish","type":"page","link":"https:\/\/dexoprofile.eu\/uk\/%d0%b7%d0%b2%d1%8f%d0%b6%d1%96%d1%82%d1%8c%d1%81%d1%8f-%d0%b7-%d0%bd%d0%b0%d0%bc%d0%b8\/","title":{"rendered":"\u0417\u0432&#8217;\u044f\u0436\u0456\u0442\u044c\u0441\u044f \u0437 \u043d\u0430\u043c\u0438"},"content":{"rendered":"\t\t<div data-elementor-type=\"wp-page\" data-elementor-id=\"25206\" class=\"elementor elementor-25206 elementor-19397\">\n\t\t\t\t<div class=\"elementor-element elementor-element-ecbf8de e-flex e-con-boxed parallax_section_no qode_elementor_container_no e-con e-parent\" data-id=\"ecbf8de\" data-element_type=\"container\">\n\t\t\t\t\t<div class=\"e-con-inner\">\n\t\t\t\t\t<\/div>\n\t\t\t\t<\/div>\n\t\t<div class=\"elementor-element elementor-element-45b7b885 e-con-full e-flex parallax_section_no qode_elementor_container_no e-con e-parent\" data-id=\"45b7b885\" data-element_type=\"container\">\n\t\t<div class=\"elementor-element elementor-element-6817040f e-con-full e-flex parallax_section_no qode_elementor_container_no e-con e-child\" data-id=\"6817040f\" data-element_type=\"container\">\n\t\t\t\t<div class=\"elementor-element elementor-element-30aa5de0 elementor-widget elementor-widget-text-editor\" data-id=\"30aa5de0\" data-element_type=\"widget\" data-widget_type=\"text-editor.default\">\n\t\t\t\t<div class=\"elementor-widget-container\">\n\t\t\t\t\t\t\t\t\t<h3>\u0417\u0430\u043f\u0440\u043e\u0448\u0443\u0454\u043c\u043e \u0437\u0432&#8217;\u044f\u0437\u0430\u0442\u0438\u0441\u044f \u0437 \u043d\u0430\u043c\u0438 \u0437 \u0443\u0441\u0456\u0445 \u043f\u0438\u0442\u0430\u043d\u044c, \u0449\u043e \u0412\u0430\u0441 \u0446\u0456\u043a\u0430\u0432\u043b\u044f\u0442\u044c<br>\u0449\u043e\u0434\u043e \u0432\u0438\u0440\u043e\u0431\u043d\u0438\u0446\u0442\u0432\u0430 \u0442\u0430 \u0437\u0430\u043c\u043e\u0432\u043b\u0435\u043d\u043d\u044f \u043f\u0440\u043e\u0444\u0456\u043b\u0456\u0432!<\/h3>\t\t\t\t\t\t\t\t<\/div>\n\t\t\t\t<\/div>\n\t\t\t\t<div class=\"elementor-element elementor-element-31f4e154 elementor-widget elementor-widget-text-editor\" data-id=\"31f4e154\" data-element_type=\"widget\" data-widget_type=\"text-editor.default\">\n\t\t\t\t<div class=\"elementor-widget-container\">\n\t\t\t\t\t\t\t\t\t<p><strong>\u0412\u0438\u0440\u043e\u0431\u043d\u0438\u043a \u0442\u0430 \u043f\u0440\u0435\u0434\u0441\u0442\u0430\u0432\u043d\u0438\u043a DEXO PROFILE:<\/strong><\/p><p>\u0417\u0410\u0422 \u00ab\u0419\u043e\u043b\u0434\u0456\u044f\u00bb<\/p><p>\u0432\u0443\u043b. \u0422\u0456\u043a\u0441\u043b\u043e\u0441, 10, \u041a\u0430\u0443\u043d\u0430\u0441\u044c\u043a\u0438\u0439 \u0440\u0430\u0439\u043e\u043d <\/p><p>LT-54311, \u041b\u0438\u0442\u0432\u0430<\/p><p>\u0415\u043b. \u043f\u043e\u0448\u0442\u0430: <span style=\"color: #005f9c;\"><a style=\"color: #005f9c;\" href=\"mailto:info@dexoprofile.eu\">info@dexoprofile.eu<\/a><\/span> <\/p><p>\u0422\u0435\u043b. \u2116: +370 612 58 263 <\/p>\t\t\t\t\t\t\t\t<\/div>\n\t\t\t\t<\/div>\n\t\t\t\t<div class=\"elementor-element elementor-element-6a84e27 elementor-widget__width-initial elementor-widget elementor-widget-google_maps\" data-id=\"6a84e27\" data-element_type=\"widget\" data-widget_type=\"google_maps.default\">\n\t\t\t\t<div class=\"elementor-widget-container\">\n\t\t\t\t\t\t\t<div class=\"elementor-custom-embed\">\n\t\t\t<iframe loading=\"lazy\"\n\t\t\t\t\tsrc=\"https:\/\/maps.google.com\/maps?q=Tikslo%20g.%2010&#038;t=m&#038;z=11&#038;output=embed&#038;iwloc=near\"\n\t\t\t\t\ttitle=\"Tikslo g. 10\"\n\t\t\t\t\taria-label=\"Tikslo g. 10\"\n\t\t\t><\/iframe>\n\t\t<\/div>\n\t\t\t\t\t\t<\/div>\n\t\t\t\t<\/div>\n\t\t\t\t<\/div>\n\t\t<div class=\"elementor-element elementor-element-a851e8b e-con-full e-flex parallax_section_no qode_elementor_container_no e-con e-child\" data-id=\"a851e8b\" data-element_type=\"container\">\n\t\t\t\t<div class=\"elementor-element elementor-element-6b343d66 elementor-widget elementor-widget-text-editor\" data-id=\"6b343d66\" data-element_type=\"widget\" data-widget_type=\"text-editor.default\">\n\t\t\t\t<div class=\"elementor-widget-container\">\n\t\t\t\t\t\t\t\t\t<h3>\u041c\u0438 \u0454 \u0432\u0438\u0440\u043e\u0431\u043d\u0438\u043a\u0430\u043c\u0438, \u0442\u043e\u043c\u0443 \u0412\u0438 \u043c\u043e\u0436\u0435\u0442\u0435 \u043f\u0440\u0438\u0434\u0431\u0430\u0442\u0438 \u043d\u0435\u043e\u0431\u0445\u0456\u0434\u043d\u0456 \u043f\u0440\u043e\u0444\u0456\u043b\u0456 \u0431\u0435\u0437 \u043f\u043e\u0441\u0435\u0440\u0435\u0434\u043d\u0438\u043a\u0456\u0432, \u0431\u0435\u0437\u043f\u043e\u0441\u0435\u0440\u0435\u0434\u043d\u044c\u043e \u0437 \u043d\u0430\u0448\u043e\u0433\u043e \u0437\u0430\u0432\u043e\u0434\u0443.<br><br>\u0417\u0432&#8217;\u044f\u0436\u0456\u0442\u044c\u0441\u044f \u0437 \u043d\u0430\u043c\u0438, \u0456 \u043c\u0438 \u0437\u0430\u043f\u0440\u043e\u043f\u043e\u043d\u0443\u0454\u043c\u043e \u0412\u0430\u043c \u0433\u043d\u0443\u0447\u043a\u0456 \u0440\u0456\u0448\u0435\u043d\u043d\u044f \u0434\u043b\u044f \u0432\u0438\u0440\u043e\u0431\u043d\u0438\u0446\u0442\u0432\u0430 \u0442\u0430 \u043f\u043e\u0441\u0442\u0430\u0447\u0430\u043d\u043d\u044f \u0441\u0442\u0430\u043d\u0434\u0430\u0440\u0442\u043d\u0438\u0445 \u0442\u0430 \u043d\u0435\u0441\u0442\u0430\u043d\u0434\u0430\u0440\u0442\u043d\u0438\u0445 \u043f\u0440\u043e\u0444\u0456\u043b\u0456\u0432 \u043d\u0430 \u0412\u0430\u0448\u0456 \u043e\u0431&#8217;\u0454\u043a\u0442\u0438.<\/h3>\t\t\t\t\t\t\t\t<\/div>\n\t\t\t\t<\/div>\n\t\t\t\t<div class=\"elementor-element elementor-element-77566e02 elementor-widget elementor-widget-qi_addons_for_elementor_contact_form_7\" data-id=\"77566e02\" data-element_type=\"widget\" data-widget_type=\"qi_addons_for_elementor_contact_form_7.default\">\n\t\t\t\t<div class=\"elementor-widget-container\">\n\t\t\t\t\t<div class=\"qodef-shortcode qodef-m  qodef-qi-contact-form-7 \">\n\t\n<div class=\"wpcf7 no-js\" id=\"wpcf7-f19622-o1\" lang=\"en-US\" dir=\"ltr\">\n<div class=\"screen-reader-response\"><p role=\"status\" aria-live=\"polite\" aria-atomic=\"true\"><\/p> <ul><\/ul><\/div>\n<form action=\"\/uk\/wp-json\/wp\/v2\/pages\/25206#wpcf7-f19622-o1\" method=\"post\" class=\"wpcf7-form init\" aria-label=\"Contact form\" novalidate=\"novalidate\" data-status=\"init\">\n<div style=\"display: none;\">\n<input type=\"hidden\" name=\"_wpcf7\" value=\"19622\" \/>\n<input type=\"hidden\" name=\"_wpcf7_version\" value=\"5.9.3\" \/>\n<input type=\"hidden\" name=\"_wpcf7_locale\" value=\"en_US\" \/>\n<input type=\"hidden\" name=\"_wpcf7_unit_tag\" value=\"wpcf7-f19622-o1\" \/>\n<input type=\"hidden\" name=\"_wpcf7_container_post\" value=\"0\" \/>\n<input type=\"hidden\" name=\"_wpcf7_posted_data_hash\" value=\"\" \/>\n<\/div>\n<label> Vardas\n    <span class=\"wpcf7-form-control-wrap\" data-name=\"first-name\"><input size=\"40\" class=\"wpcf7-form-control wpcf7-text wpcf7-validates-as-required\" autocomplete=\"first-name\" aria-required=\"true\" aria-invalid=\"false\" value=\"\" type=\"text\" name=\"first-name\" \/><\/span> <\/label>\n\n<label> Pavard\u0117\n    <span class=\"wpcf7-form-control-wrap\" data-name=\"last-name\"><input size=\"40\" class=\"wpcf7-form-control wpcf7-text wpcf7-validates-as-required\" autocomplete=\"last-name\" aria-required=\"true\" aria-invalid=\"false\" value=\"\" type=\"text\" name=\"last-name\" \/><\/span> <\/label>\n\n<label> El. pa\u0161tas\n    <span class=\"wpcf7-form-control-wrap\" data-name=\"email\"><input size=\"40\" class=\"wpcf7-form-control wpcf7-email wpcf7-validates-as-required wpcf7-text wpcf7-validates-as-email\" autocomplete=\"email\" aria-required=\"true\" aria-invalid=\"false\" value=\"\" type=\"email\" name=\"email\" \/><\/span> <\/label>\n\n<label> Telefonas\n    <span class=\"wpcf7-form-control-wrap\" data-name=\"Phone\"><input size=\"40\" class=\"wpcf7-form-control wpcf7-tel wpcf7-text wpcf7-validates-as-tel\" aria-invalid=\"false\" value=\"\" type=\"tel\" name=\"Phone\" \/><\/span> <\/label>\n\n<label> Prane\u0161imas\n    <span class=\"wpcf7-form-control-wrap\" data-name=\"message\"><textarea cols=\"40\" rows=\"10\" class=\"wpcf7-form-control wpcf7-textarea\" aria-invalid=\"false\" name=\"message\"><\/textarea><\/span> <\/label>\n\n<span class=\"wpcf7-form-control-wrap\" data-name=\"agree-policy\"><span class=\"wpcf7-form-control wpcf7-acceptance\"><span class=\"wpcf7-list-item\"><label><input type=\"checkbox\" name=\"agree-policy\" value=\"1\" aria-invalid=\"false\" \/><span class=\"wpcf7-list-item-label\">Susipa\u017einau su duomen\u0173 tvarkymo s\u0105lygomis ir <a href=\"\/privatumo-politika\">privatumo politika<\/a>.<\/span><\/label><\/span><\/span><\/span>\n\n<input class=\"wpcf7-form-control wpcf7-submit has-spinner\" type=\"submit\" value=\"Si\u0173sti\" \/><div class=\"wpcf7-response-output\" aria-hidden=\"true\"><\/div>\n<\/form>\n<\/div>\n<\/div>\n\t\t\t\t<\/div>\n\t\t\t\t<\/div>\n\t\t\t\t<\/div>\n\t\t\t\t<\/div>\n\t\t\t\t<\/div>\n\t\t","protected":false},"excerpt":{"rendered":"<p>\u0417\u0430\u043f\u0440\u043e\u0448\u0443\u0454\u043c\u043e \u0437\u0432&#8217;\u044f\u0437\u0430\u0442\u0438\u0441\u044f \u0437 \u043d\u0430\u043c\u0438 \u0437 \u0443\u0441\u0456\u0445 \u043f\u0438\u0442\u0430\u043d\u044c, \u0449\u043e \u0412\u0430\u0441 \u0446\u0456\u043a\u0430\u0432\u043b\u044f\u0442\u044c\u0449\u043e\u0434\u043e \u0432\u0438\u0440\u043e\u0431\u043d\u0438\u0446\u0442\u0432\u0430 \u0442\u0430 \u0437\u0430\u043c\u043e\u0432\u043b\u0435\u043d\u043d\u044f \u043f\u0440\u043e\u0444\u0456\u043b\u0456\u0432! \u0412\u0438\u0440\u043e\u0431\u043d\u0438\u043a \u0442\u0430 \u043f\u0440\u0435\u0434\u0441\u0442\u0430\u0432\u043d\u0438\u043a DEXO PROFILE: \u0417\u0410\u0422 \u00ab\u0419\u043e\u043b\u0434\u0456\u044f\u00bb \u0432\u0443\u043b. \u0422\u0456\u043a\u0441\u043b\u043e\u0441, 10, \u041a\u0430\u0443\u043d\u0430\u0441\u044c\u043a\u0438\u0439 \u0440\u0430\u0439\u043e\u043d LT-54311, \u041b\u0438\u0442\u0432\u0430 \u0415\u043b. \u043f\u043e\u0448\u0442\u0430: info@dexoprofile.eu \u0422\u0435\u043b. \u2116: +370 612 58 263 \u041c\u0438 \u0454 \u0432\u0438\u0440\u043e\u0431\u043d\u0438\u043a\u0430\u043c\u0438, \u0442\u043e\u043c\u0443 \u0412\u0438 \u043c\u043e\u0436\u0435\u0442\u0435 \u043f\u0440\u0438\u0434\u0431\u0430\u0442\u0438 \u043d\u0435\u043e\u0431\u0445\u0456\u0434\u043d\u0456&#8230;<\/p>\n","protected":false},"author":1,"featured_media":0,"parent":0,"menu_order":0,"comment_status":"open","ping_status":"open","template":"","meta":{"om_disable_all_campaigns":false,"_monsterinsights_skip_tracking":false,"_monsterinsights_sitenote_active":false,"_monsterinsights_sitenote_note":"","_monsterinsights_sitenote_category":0,"_uf_show_specific_survey":0,"_uf_disable_surveys":false,"footnotes":""},"class_list":["post-25206","page","type-page","status-publish","hentry"],"aioseo_notices":[],"yoast_head":"<!-- This site is optimized with the Yoast SEO plugin v22.3 - https:\/\/yoast.com\/wordpress\/plugins\/seo\/ -->\n<title>\u0417\u0432&#039;\u044f\u0436\u0456\u0442\u044c\u0441\u044f \u0437 \u043d\u0430\u043c\u0438 - Dexoprofile.eu<\/title>\n<meta name=\"description\" content=\"\u041f\u0440\u043e\u0444\u0456\u043b\u0456 \u0434\u043b\u044f \u0433\u0456\u043f\u0441\u043e\u043a\u0430\u0440\u0442\u043e\u043d\u0443 Dexo Profile \u0434\u043b\u044f \u0441\u0442\u0435\u043b\u044c \u0442\u0430 \u0441\u0442\u0456\u043d. \u0412\u0438\u0440\u043e\u0431\u043b\u044f\u0454\u0442\u044c\u0441\u044f \u0432 \u041b\u0438\u0442\u0432\u0456. \u041c\u043e\u0436\u043b\u0438\u0432\u0456 \u0456\u043d\u0434\u0438\u0432\u0456\u0434\u0443\u0430\u043b\u044c\u043d\u0456 \u0434\u043e\u0432\u0436\u0438\u043d\u0438, \u0442\u043e\u0432\u0449\u0438\u043d\u0438, \u043c\u0430\u0440\u043a\u0443\u0432\u0430\u043d\u043d\u044f.\" \/>\n<meta name=\"robots\" content=\"index, follow, max-snippet:-1, max-image-preview:large, max-video-preview:-1\" \/>\n<link rel=\"canonical\" href=\"https:\/\/dexoprofile.eu\/uk\/%d0%b7%d0%b2%d1%8f%d0%b6%d1%96%d1%82%d1%8c%d1%81%d1%8f-%d0%b7-%d0%bd%d0%b0%d0%bc%d0%b8\/\" \/>\n<meta property=\"og:locale\" content=\"uk_UA\" \/>\n<meta property=\"og:type\" content=\"article\" \/>\n<meta property=\"og:title\" content=\"\u0417\u0432&#039;\u044f\u0436\u0456\u0442\u044c\u0441\u044f \u0437 \u043d\u0430\u043c\u0438 - Dexoprofile.eu\" \/>\n<meta property=\"og:description\" content=\"\u041f\u0440\u043e\u0444\u0456\u043b\u0456 \u0434\u043b\u044f \u0433\u0456\u043f\u0441\u043e\u043a\u0430\u0440\u0442\u043e\u043d\u0443 Dexo Profile \u0434\u043b\u044f \u0441\u0442\u0435\u043b\u044c \u0442\u0430 \u0441\u0442\u0456\u043d. \u0412\u0438\u0440\u043e\u0431\u043b\u044f\u0454\u0442\u044c\u0441\u044f \u0432 \u041b\u0438\u0442\u0432\u0456. \u041c\u043e\u0436\u043b\u0438\u0432\u0456 \u0456\u043d\u0434\u0438\u0432\u0456\u0434\u0443\u0430\u043b\u044c\u043d\u0456 \u0434\u043e\u0432\u0436\u0438\u043d\u0438, \u0442\u043e\u0432\u0449\u0438\u043d\u0438, \u043c\u0430\u0440\u043a\u0443\u0432\u0430\u043d\u043d\u044f.\" \/>\n<meta property=\"og:url\" content=\"https:\/\/dexoprofile.eu\/uk\/%d0%b7%d0%b2%d1%8f%d0%b6%d1%96%d1%82%d1%8c%d1%81%d1%8f-%d0%b7-%d0%bd%d0%b0%d0%bc%d0%b8\/\" \/>\n<meta property=\"og:site_name\" content=\"Dexoprofile\" \/>\n<meta property=\"article:modified_time\" content=\"2026-04-29T08:15:47+00:00\" \/>\n<meta name=\"twitter:card\" content=\"summary_large_image\" \/>\n<script type=\"application\/ld+json\" class=\"yoast-schema-graph\">{\"@context\":\"https:\/\/schema.org\",\"@graph\":[{\"@type\":\"WebPage\",\"@id\":\"https:\/\/dexoprofile.eu\/uk\/%d0%b7%d0%b2%d1%8f%d0%b6%d1%96%d1%82%d1%8c%d1%81%d1%8f-%d0%b7-%d0%bd%d0%b0%d0%bc%d0%b8\/\",\"url\":\"https:\/\/dexoprofile.eu\/uk\/%d0%b7%d0%b2%d1%8f%d0%b6%d1%96%d1%82%d1%8c%d1%81%d1%8f-%d0%b7-%d0%bd%d0%b0%d0%bc%d0%b8\/\",\"name\":\"\u0417\u0432'\u044f\u0436\u0456\u0442\u044c\u0441\u044f \u0437 \u043d\u0430\u043c\u0438 - Dexoprofile.eu\",\"isPartOf\":{\"@id\":\"https:\/\/dexoprofile.eu\/uk\/#website\"},\"datePublished\":\"2013-10-16T12:05:38+00:00\",\"dateModified\":\"2026-04-29T08:15:47+00:00\",\"description\":\"\u041f\u0440\u043e\u0444\u0456\u043b\u0456 \u0434\u043b\u044f \u0433\u0456\u043f\u0441\u043e\u043a\u0430\u0440\u0442\u043e\u043d\u0443 Dexo Profile \u0434\u043b\u044f \u0441\u0442\u0435\u043b\u044c \u0442\u0430 \u0441\u0442\u0456\u043d. \u0412\u0438\u0440\u043e\u0431\u043b\u044f\u0454\u0442\u044c\u0441\u044f \u0432 \u041b\u0438\u0442\u0432\u0456. \u041c\u043e\u0436\u043b\u0438\u0432\u0456 \u0456\u043d\u0434\u0438\u0432\u0456\u0434\u0443\u0430\u043b\u044c\u043d\u0456 \u0434\u043e\u0432\u0436\u0438\u043d\u0438, \u0442\u043e\u0432\u0449\u0438\u043d\u0438, \u043c\u0430\u0440\u043a\u0443\u0432\u0430\u043d\u043d\u044f.\",\"breadcrumb\":{\"@id\":\"https:\/\/dexoprofile.eu\/uk\/%d0%b7%d0%b2%d1%8f%d0%b6%d1%96%d1%82%d1%8c%d1%81%d1%8f-%d0%b7-%d0%bd%d0%b0%d0%bc%d0%b8\/#breadcrumb\"},\"inLanguage\":\"uk\",\"potentialAction\":[{\"@type\":\"ReadAction\",\"target\":[\"https:\/\/dexoprofile.eu\/uk\/%d0%b7%d0%b2%d1%8f%d0%b6%d1%96%d1%82%d1%8c%d1%81%d1%8f-%d0%b7-%d0%bd%d0%b0%d0%bc%d0%b8\/\"]}]},{\"@type\":\"BreadcrumbList\",\"@id\":\"https:\/\/dexoprofile.eu\/uk\/%d0%b7%d0%b2%d1%8f%d0%b6%d1%96%d1%82%d1%8c%d1%81%d1%8f-%d0%b7-%d0%bd%d0%b0%d0%bc%d0%b8\/#breadcrumb\",\"itemListElement\":[{\"@type\":\"ListItem\",\"position\":1,\"name\":\"Home\",\"item\":\"https:\/\/dexoprofile.eu\/uk\/%d0%b3%d0%be%d0%bb%d0%be%d0%b2%d0%bd%d0%b0\/\"},{\"@type\":\"ListItem\",\"position\":2,\"name\":\"\u0417\u0432&#8217;\u044f\u0436\u0456\u0442\u044c\u0441\u044f \u0437 \u043d\u0430\u043c\u0438\"}]},{\"@type\":\"WebSite\",\"@id\":\"https:\/\/dexoprofile.eu\/uk\/#website\",\"url\":\"https:\/\/dexoprofile.eu\/uk\/\",\"name\":\"Dexoprofile\",\"description\":\"DEXO PROFILE - standartini\u0173 ir nestandartini\u0173 matmen\u0173 GK profiliai pagaminti Lietuvoje. CD, UD, CW, UW gipso kartono montavimo profiliai, kuriuos galite u\u017esisakyti tiesiai i\u0161 gamyklos sand\u0117lio. Gaminame standartini\u0173 ir nestandartini\u0173 matmen\u0173 profilius. Vykdome projektinius u\u017esakymus.\",\"publisher\":{\"@id\":\"https:\/\/dexoprofile.eu\/uk\/#organization\"},\"potentialAction\":[{\"@type\":\"SearchAction\",\"target\":{\"@type\":\"EntryPoint\",\"urlTemplate\":\"https:\/\/dexoprofile.eu\/uk\/?s={search_term_string}\"},\"query-input\":\"required name=search_term_string\"}],\"inLanguage\":\"uk\"},{\"@type\":\"Organization\",\"@id\":\"https:\/\/dexoprofile.eu\/uk\/#organization\",\"name\":\"Dexoprofile\",\"url\":\"https:\/\/dexoprofile.eu\/uk\/\",\"logo\":{\"@type\":\"ImageObject\",\"inLanguage\":\"uk\",\"@id\":\"https:\/\/dexoprofile.eu\/uk\/#\/schema\/logo\/image\/\",\"url\":\"https:\/\/dexoprofile.eu\/wp-content\/uploads\/2024\/03\/lll.png\",\"contentUrl\":\"https:\/\/dexoprofile.eu\/wp-content\/uploads\/2024\/03\/lll.png\",\"width\":1080,\"height\":1080,\"caption\":\"Dexoprofile\"},\"image\":{\"@id\":\"https:\/\/dexoprofile.eu\/uk\/#\/schema\/logo\/image\/\"}}]}<\/script>\n<!-- \/ Yoast SEO plugin. -->","yoast_head_json":{"title":"\u0417\u0432'\u044f\u0436\u0456\u0442\u044c\u0441\u044f \u0437 \u043d\u0430\u043c\u0438 - Dexoprofile.eu","description":"\u041f\u0440\u043e\u0444\u0456\u043b\u0456 \u0434\u043b\u044f \u0433\u0456\u043f\u0441\u043e\u043a\u0430\u0440\u0442\u043e\u043d\u0443 Dexo Profile \u0434\u043b\u044f \u0441\u0442\u0435\u043b\u044c \u0442\u0430 \u0441\u0442\u0456\u043d. \u0412\u0438\u0440\u043e\u0431\u043b\u044f\u0454\u0442\u044c\u0441\u044f \u0432 \u041b\u0438\u0442\u0432\u0456. \u041c\u043e\u0436\u043b\u0438\u0432\u0456 \u0456\u043d\u0434\u0438\u0432\u0456\u0434\u0443\u0430\u043b\u044c\u043d\u0456 \u0434\u043e\u0432\u0436\u0438\u043d\u0438, \u0442\u043e\u0432\u0449\u0438\u043d\u0438, \u043c\u0430\u0440\u043a\u0443\u0432\u0430\u043d\u043d\u044f.","robots":{"index":"index","follow":"follow","max-snippet":"max-snippet:-1","max-image-preview":"max-image-preview:large","max-video-preview":"max-video-preview:-1"},"canonical":"https:\/\/dexoprofile.eu\/uk\/%d0%b7%d0%b2%d1%8f%d0%b6%d1%96%d1%82%d1%8c%d1%81%d1%8f-%d0%b7-%d0%bd%d0%b0%d0%bc%d0%b8\/","og_locale":"uk_UA","og_type":"article","og_title":"\u0417\u0432'\u044f\u0436\u0456\u0442\u044c\u0441\u044f \u0437 \u043d\u0430\u043c\u0438 - Dexoprofile.eu","og_description":"\u041f\u0440\u043e\u0444\u0456\u043b\u0456 \u0434\u043b\u044f \u0433\u0456\u043f\u0441\u043e\u043a\u0430\u0440\u0442\u043e\u043d\u0443 Dexo Profile \u0434\u043b\u044f \u0441\u0442\u0435\u043b\u044c \u0442\u0430 \u0441\u0442\u0456\u043d. \u0412\u0438\u0440\u043e\u0431\u043b\u044f\u0454\u0442\u044c\u0441\u044f \u0432 \u041b\u0438\u0442\u0432\u0456. \u041c\u043e\u0436\u043b\u0438\u0432\u0456 \u0456\u043d\u0434\u0438\u0432\u0456\u0434\u0443\u0430\u043b\u044c\u043d\u0456 \u0434\u043e\u0432\u0436\u0438\u043d\u0438, \u0442\u043e\u0432\u0449\u0438\u043d\u0438, \u043c\u0430\u0440\u043a\u0443\u0432\u0430\u043d\u043d\u044f.","og_url":"https:\/\/dexoprofile.eu\/uk\/%d0%b7%d0%b2%d1%8f%d0%b6%d1%96%d1%82%d1%8c%d1%81%d1%8f-%d0%b7-%d0%bd%d0%b0%d0%bc%d0%b8\/","og_site_name":"Dexoprofile","article_modified_time":"2026-04-29T08:15:47+00:00","twitter_card":"summary_large_image","schema":{"@context":"https:\/\/schema.org","@graph":[{"@type":"WebPage","@id":"https:\/\/dexoprofile.eu\/uk\/%d0%b7%d0%b2%d1%8f%d0%b6%d1%96%d1%82%d1%8c%d1%81%d1%8f-%d0%b7-%d0%bd%d0%b0%d0%bc%d0%b8\/","url":"https:\/\/dexoprofile.eu\/uk\/%d0%b7%d0%b2%d1%8f%d0%b6%d1%96%d1%82%d1%8c%d1%81%d1%8f-%d0%b7-%d0%bd%d0%b0%d0%bc%d0%b8\/","name":"\u0417\u0432'\u044f\u0436\u0456\u0442\u044c\u0441\u044f \u0437 \u043d\u0430\u043c\u0438 - Dexoprofile.eu","isPartOf":{"@id":"https:\/\/dexoprofile.eu\/uk\/#website"},"datePublished":"2013-10-16T12:05:38+00:00","dateModified":"2026-04-29T08:15:47+00:00","description":"\u041f\u0440\u043e\u0444\u0456\u043b\u0456 \u0434\u043b\u044f \u0433\u0456\u043f\u0441\u043e\u043a\u0430\u0440\u0442\u043e\u043d\u0443 Dexo Profile \u0434\u043b\u044f \u0441\u0442\u0435\u043b\u044c \u0442\u0430 \u0441\u0442\u0456\u043d. \u0412\u0438\u0440\u043e\u0431\u043b\u044f\u0454\u0442\u044c\u0441\u044f \u0432 \u041b\u0438\u0442\u0432\u0456. \u041c\u043e\u0436\u043b\u0438\u0432\u0456 \u0456\u043d\u0434\u0438\u0432\u0456\u0434\u0443\u0430\u043b\u044c\u043d\u0456 \u0434\u043e\u0432\u0436\u0438\u043d\u0438, \u0442\u043e\u0432\u0449\u0438\u043d\u0438, \u043c\u0430\u0440\u043a\u0443\u0432\u0430\u043d\u043d\u044f.","breadcrumb":{"@id":"https:\/\/dexoprofile.eu\/uk\/%d0%b7%d0%b2%d1%8f%d0%b6%d1%96%d1%82%d1%8c%d1%81%d1%8f-%d0%b7-%d0%bd%d0%b0%d0%bc%d0%b8\/#breadcrumb"},"inLanguage":"uk","potentialAction":[{"@type":"ReadAction","target":["https:\/\/dexoprofile.eu\/uk\/%d0%b7%d0%b2%d1%8f%d0%b6%d1%96%d1%82%d1%8c%d1%81%d1%8f-%d0%b7-%d0%bd%d0%b0%d0%bc%d0%b8\/"]}]},{"@type":"BreadcrumbList","@id":"https:\/\/dexoprofile.eu\/uk\/%d0%b7%d0%b2%d1%8f%d0%b6%d1%96%d1%82%d1%8c%d1%81%d1%8f-%d0%b7-%d0%bd%d0%b0%d0%bc%d0%b8\/#breadcrumb","itemListElement":[{"@type":"ListItem","position":1,"name":"Home","item":"https:\/\/dexoprofile.eu\/uk\/%d0%b3%d0%be%d0%bb%d0%be%d0%b2%d0%bd%d0%b0\/"},{"@type":"ListItem","position":2,"name":"\u0417\u0432&#8217;\u044f\u0436\u0456\u0442\u044c\u0441\u044f \u0437 \u043d\u0430\u043c\u0438"}]},{"@type":"WebSite","@id":"https:\/\/dexoprofile.eu\/uk\/#website","url":"https:\/\/dexoprofile.eu\/uk\/","name":"Dexoprofile","description":"DEXO PROFILE - standartini\u0173 ir nestandartini\u0173 matmen\u0173 GK profiliai pagaminti Lietuvoje. CD, UD, CW, UW gipso kartono montavimo profiliai, kuriuos galite u\u017esisakyti tiesiai i\u0161 gamyklos sand\u0117lio. Gaminame standartini\u0173 ir nestandartini\u0173 matmen\u0173 profilius. Vykdome projektinius u\u017esakymus.","publisher":{"@id":"https:\/\/dexoprofile.eu\/uk\/#organization"},"potentialAction":[{"@type":"SearchAction","target":{"@type":"EntryPoint","urlTemplate":"https:\/\/dexoprofile.eu\/uk\/?s={search_term_string}"},"query-input":"required name=search_term_string"}],"inLanguage":"uk"},{"@type":"Organization","@id":"https:\/\/dexoprofile.eu\/uk\/#organization","name":"Dexoprofile","url":"https:\/\/dexoprofile.eu\/uk\/","logo":{"@type":"ImageObject","inLanguage":"uk","@id":"https:\/\/dexoprofile.eu\/uk\/#\/schema\/logo\/image\/","url":"https:\/\/dexoprofile.eu\/wp-content\/uploads\/2024\/03\/lll.png","contentUrl":"https:\/\/dexoprofile.eu\/wp-content\/uploads\/2024\/03\/lll.png","width":1080,"height":1080,"caption":"Dexoprofile"},"image":{"@id":"https:\/\/dexoprofile.eu\/uk\/#\/schema\/logo\/image\/"}}]}},"_links":{"self":[{"href":"https:\/\/dexoprofile.eu\/uk\/wp-json\/wp\/v2\/pages\/25206","targetHints":{"allow":["GET"]}}],"collection":[{"href":"https:\/\/dexoprofile.eu\/uk\/wp-json\/wp\/v2\/pages"}],"about":[{"href":"https:\/\/dexoprofile.eu\/uk\/wp-json\/wp\/v2\/types\/page"}],"author":[{"embeddable":true,"href":"https:\/\/dexoprofile.eu\/uk\/wp-json\/wp\/v2\/users\/1"}],"replies":[{"embeddable":true,"href":"https:\/\/dexoprofile.eu\/uk\/wp-json\/wp\/v2\/comments?post=25206"}],"version-history":[{"count":2,"href":"https:\/\/dexoprofile.eu\/uk\/wp-json\/wp\/v2\/pages\/25206\/revisions"}],"predecessor-version":[{"id":25299,"href":"https:\/\/dexoprofile.eu\/uk\/wp-json\/wp\/v2\/pages\/25206\/revisions\/25299"}],"wp:attachment":[{"href":"https:\/\/dexoprofile.eu\/uk\/wp-json\/wp\/v2\/media?parent=25206"}],"curies":[{"name":"wp","href":"https:\/\/api.w.org\/{rel}","templated":true}]}}