{"id":25315,"date":"2025-04-14T07:31:12","date_gmt":"2025-04-14T07:31:12","guid":{"rendered":"https:\/\/dexoprofile.eu\/%d0%b3%d0%ba%d0%bf-%d0%b7%d0%b0-%d0%bf%d1%80%d0%b8%d0%b7%d0%bd%d0%b0%d1%87%d0%b5%d0%bd%d0%bd%d1%8f%d0%bc\/"},"modified":"2025-04-14T07:31:12","modified_gmt":"2025-04-14T07:31:12","slug":"%d0%b3%d0%ba%d0%bf-%d0%b7%d0%b0-%d0%bf%d1%80%d0%b8%d0%b7%d0%bd%d0%b0%d1%87%d0%b5%d0%bd%d0%bd%d1%8f%d0%bc","status":"publish","type":"page","link":"https:\/\/dexoprofile.eu\/uk\/%d0%b3%d0%ba%d0%bf-%d0%b7%d0%b0-%d0%bf%d1%80%d0%b8%d0%b7%d0%bd%d0%b0%d1%87%d0%b5%d0%bd%d0%bd%d1%8f%d0%bc\/","title":{"rendered":"\u0413\u041a\u041f \u0437\u0430 \u043f\u0440\u0438\u0437\u043d\u0430\u0447\u0435\u043d\u043d\u044f\u043c"},"content":{"rendered":"","protected":false},"excerpt":{"rendered":"","protected":false},"author":2,"featured_media":0,"parent":0,"menu_order":0,"comment_status":"closed","ping_status":"closed","template":"","meta":{"om_disable_all_campaigns":false,"_monsterinsights_skip_tracking":false,"_monsterinsights_sitenote_active":false,"_monsterinsights_sitenote_note":"","_monsterinsights_sitenote_category":0,"_uf_show_specific_survey":0,"_uf_disable_surveys":false,"footnotes":""},"class_list":["post-25315","page","type-page","status-publish","hentry"],"aioseo_notices":[],"yoast_head":"<!-- This site is optimized with the Yoast SEO plugin v22.3 - https:\/\/yoast.com\/wordpress\/plugins\/seo\/ -->\n<title>\u0413\u041a\u041f \u0437\u0430 \u043f\u0440\u0438\u0437\u043d\u0430\u0447\u0435\u043d\u043d\u044f\u043c \u043c\u043e\u043d\u0442\u0430\u0436\u0443 (UD, CD, UW, CW) - Dexoprofile.eu<\/title>\n<meta name=\"description\" content=\"DEXO PROFILE \u2014 \u0432\u0438\u0441\u043e\u043a\u043e\u044f\u043a\u0456\u0441\u043d\u0456 \u043f\u0440\u043e\u0444\u0456\u043b\u0456 \u0434\u043b\u044f \u0433\u0456\u043f\u0441\u0443 \u0437\u0430 \u043f\u0440\u0438\u0437\u043d\u0430\u0447\u0435\u043d\u043d\u044f\u043c \u043c\u043e\u043d\u0442\u0430\u0436\u0443. \u0422\u043e\u0432\u0449\u0438\u043d\u0430 \u043f\u0440\u043e\u0444\u0456\u043b\u0456\u0432 4-6 \u043c\u043c, \u043c\u043e\u0436\u043b\u0438\u0432\u0456 \u043d\u0435\u0441\u0442\u0430\u043d\u0434\u0430\u0440\u0442\u043d\u0456 \u0434\u043e\u0432\u0436\u0438\u043d\u0438.\" \/>\n<meta name=\"robots\" content=\"index, follow, max-snippet:-1, max-image-preview:large, max-video-preview:-1\" \/>\n<link rel=\"canonical\" href=\"https:\/\/dexoprofile.eu\/uk\/%d0%b3%d0%ba%d0%bf-%d0%b7%d0%b0-%d0%bf%d1%80%d0%b8%d0%b7%d0%bd%d0%b0%d1%87%d0%b5%d0%bd%d0%bd%d1%8f%d0%bc\/\" \/>\n<meta property=\"og:locale\" content=\"uk_UA\" \/>\n<meta property=\"og:type\" content=\"article\" \/>\n<meta property=\"og:title\" content=\"\u0413\u041a\u041f \u0437\u0430 \u043f\u0440\u0438\u0437\u043d\u0430\u0447\u0435\u043d\u043d\u044f\u043c \u043c\u043e\u043d\u0442\u0430\u0436\u0443 (UD, CD, UW, CW) - Dexoprofile.eu\" \/>\n<meta property=\"og:description\" content=\"DEXO PROFILE \u2014 \u0432\u0438\u0441\u043e\u043a\u043e\u044f\u043a\u0456\u0441\u043d\u0456 \u043f\u0440\u043e\u0444\u0456\u043b\u0456 \u0434\u043b\u044f \u0433\u0456\u043f\u0441\u0443 \u0437\u0430 \u043f\u0440\u0438\u0437\u043d\u0430\u0447\u0435\u043d\u043d\u044f\u043c \u043c\u043e\u043d\u0442\u0430\u0436\u0443. \u0422\u043e\u0432\u0449\u0438\u043d\u0430 \u043f\u0440\u043e\u0444\u0456\u043b\u0456\u0432 4-6 \u043c\u043c, \u043c\u043e\u0436\u043b\u0438\u0432\u0456 \u043d\u0435\u0441\u0442\u0430\u043d\u0434\u0430\u0440\u0442\u043d\u0456 \u0434\u043e\u0432\u0436\u0438\u043d\u0438.\" \/>\n<meta property=\"og:url\" content=\"https:\/\/dexoprofile.eu\/uk\/%d0%b3%d0%ba%d0%bf-%d0%b7%d0%b0-%d0%bf%d1%80%d0%b8%d0%b7%d0%bd%d0%b0%d1%87%d0%b5%d0%bd%d0%bd%d1%8f%d0%bc\/\" \/>\n<meta property=\"og:site_name\" content=\"Dexoprofile\" \/>\n<meta name=\"twitter:card\" content=\"summary_large_image\" \/>\n<script type=\"application\/ld+json\" class=\"yoast-schema-graph\">{\"@context\":\"https:\/\/schema.org\",\"@graph\":[{\"@type\":\"WebPage\",\"@id\":\"https:\/\/dexoprofile.eu\/uk\/%d0%b3%d0%ba%d0%bf-%d0%b7%d0%b0-%d0%bf%d1%80%d0%b8%d0%b7%d0%bd%d0%b0%d1%87%d0%b5%d0%bd%d0%bd%d1%8f%d0%bc\/\",\"url\":\"https:\/\/dexoprofile.eu\/uk\/%d0%b3%d0%ba%d0%bf-%d0%b7%d0%b0-%d0%bf%d1%80%d0%b8%d0%b7%d0%bd%d0%b0%d1%87%d0%b5%d0%bd%d0%bd%d1%8f%d0%bc\/\",\"name\":\"\u0413\u041a\u041f \u0437\u0430 \u043f\u0440\u0438\u0437\u043d\u0430\u0447\u0435\u043d\u043d\u044f\u043c \u043c\u043e\u043d\u0442\u0430\u0436\u0443 (UD, CD, UW, CW) - Dexoprofile.eu\",\"isPartOf\":{\"@id\":\"https:\/\/dexoprofile.eu\/uk\/#website\"},\"datePublished\":\"2025-04-14T07:31:12+00:00\",\"dateModified\":\"2025-04-14T07:31:12+00:00\",\"description\":\"DEXO PROFILE \u2014 \u0432\u0438\u0441\u043e\u043a\u043e\u044f\u043a\u0456\u0441\u043d\u0456 \u043f\u0440\u043e\u0444\u0456\u043b\u0456 \u0434\u043b\u044f \u0433\u0456\u043f\u0441\u0443 \u0437\u0430 \u043f\u0440\u0438\u0437\u043d\u0430\u0447\u0435\u043d\u043d\u044f\u043c \u043c\u043e\u043d\u0442\u0430\u0436\u0443. \u0422\u043e\u0432\u0449\u0438\u043d\u0430 \u043f\u0440\u043e\u0444\u0456\u043b\u0456\u0432 4-6 \u043c\u043c, \u043c\u043e\u0436\u043b\u0438\u0432\u0456 \u043d\u0435\u0441\u0442\u0430\u043d\u0434\u0430\u0440\u0442\u043d\u0456 \u0434\u043e\u0432\u0436\u0438\u043d\u0438.\",\"breadcrumb\":{\"@id\":\"https:\/\/dexoprofile.eu\/uk\/%d0%b3%d0%ba%d0%bf-%d0%b7%d0%b0-%d0%bf%d1%80%d0%b8%d0%b7%d0%bd%d0%b0%d1%87%d0%b5%d0%bd%d0%bd%d1%8f%d0%bc\/#breadcrumb\"},\"inLanguage\":\"uk\",\"potentialAction\":[{\"@type\":\"ReadAction\",\"target\":[\"https:\/\/dexoprofile.eu\/uk\/%d0%b3%d0%ba%d0%bf-%d0%b7%d0%b0-%d0%bf%d1%80%d0%b8%d0%b7%d0%bd%d0%b0%d1%87%d0%b5%d0%bd%d0%bd%d1%8f%d0%bc\/\"]}]},{\"@type\":\"BreadcrumbList\",\"@id\":\"https:\/\/dexoprofile.eu\/uk\/%d0%b3%d0%ba%d0%bf-%d0%b7%d0%b0-%d0%bf%d1%80%d0%b8%d0%b7%d0%bd%d0%b0%d1%87%d0%b5%d0%bd%d0%bd%d1%8f%d0%bc\/#breadcrumb\",\"itemListElement\":[{\"@type\":\"ListItem\",\"position\":1,\"name\":\"Home\",\"item\":\"https:\/\/dexoprofile.eu\/uk\/%d0%b3%d0%be%d0%bb%d0%be%d0%b2%d0%bd%d0%b0\/\"},{\"@type\":\"ListItem\",\"position\":2,\"name\":\"\u0413\u041a\u041f \u0437\u0430 \u043f\u0440\u0438\u0437\u043d\u0430\u0447\u0435\u043d\u043d\u044f\u043c\"}]},{\"@type\":\"WebSite\",\"@id\":\"https:\/\/dexoprofile.eu\/uk\/#website\",\"url\":\"https:\/\/dexoprofile.eu\/uk\/\",\"name\":\"Dexoprofile\",\"description\":\"DEXO PROFILE - standartini\u0173 ir nestandartini\u0173 matmen\u0173 GK profiliai pagaminti Lietuvoje. CD, UD, CW, UW gipso kartono montavimo profiliai, kuriuos galite u\u017esisakyti tiesiai i\u0161 gamyklos sand\u0117lio. Gaminame standartini\u0173 ir nestandartini\u0173 matmen\u0173 profilius. Vykdome projektinius u\u017esakymus.\",\"publisher\":{\"@id\":\"https:\/\/dexoprofile.eu\/uk\/#organization\"},\"potentialAction\":[{\"@type\":\"SearchAction\",\"target\":{\"@type\":\"EntryPoint\",\"urlTemplate\":\"https:\/\/dexoprofile.eu\/uk\/?s={search_term_string}\"},\"query-input\":\"required name=search_term_string\"}],\"inLanguage\":\"uk\"},{\"@type\":\"Organization\",\"@id\":\"https:\/\/dexoprofile.eu\/uk\/#organization\",\"name\":\"Dexoprofile\",\"url\":\"https:\/\/dexoprofile.eu\/uk\/\",\"logo\":{\"@type\":\"ImageObject\",\"inLanguage\":\"uk\",\"@id\":\"https:\/\/dexoprofile.eu\/uk\/#\/schema\/logo\/image\/\",\"url\":\"https:\/\/dexoprofile.eu\/wp-content\/uploads\/2024\/03\/lll.png\",\"contentUrl\":\"https:\/\/dexoprofile.eu\/wp-content\/uploads\/2024\/03\/lll.png\",\"width\":1080,\"height\":1080,\"caption\":\"Dexoprofile\"},\"image\":{\"@id\":\"https:\/\/dexoprofile.eu\/uk\/#\/schema\/logo\/image\/\"}}]}<\/script>\n<!-- \/ Yoast SEO plugin. -->","yoast_head_json":{"title":"\u0413\u041a\u041f \u0437\u0430 \u043f\u0440\u0438\u0437\u043d\u0430\u0447\u0435\u043d\u043d\u044f\u043c \u043c\u043e\u043d\u0442\u0430\u0436\u0443 (UD, CD, UW, CW) - Dexoprofile.eu","description":"DEXO PROFILE \u2014 \u0432\u0438\u0441\u043e\u043a\u043e\u044f\u043a\u0456\u0441\u043d\u0456 \u043f\u0440\u043e\u0444\u0456\u043b\u0456 \u0434\u043b\u044f \u0433\u0456\u043f\u0441\u0443 \u0437\u0430 \u043f\u0440\u0438\u0437\u043d\u0430\u0447\u0435\u043d\u043d\u044f\u043c \u043c\u043e\u043d\u0442\u0430\u0436\u0443. \u0422\u043e\u0432\u0449\u0438\u043d\u0430 \u043f\u0440\u043e\u0444\u0456\u043b\u0456\u0432 4-6 \u043c\u043c, \u043c\u043e\u0436\u043b\u0438\u0432\u0456 \u043d\u0435\u0441\u0442\u0430\u043d\u0434\u0430\u0440\u0442\u043d\u0456 \u0434\u043e\u0432\u0436\u0438\u043d\u0438.","robots":{"index":"index","follow":"follow","max-snippet":"max-snippet:-1","max-image-preview":"max-image-preview:large","max-video-preview":"max-video-preview:-1"},"canonical":"https:\/\/dexoprofile.eu\/uk\/%d0%b3%d0%ba%d0%bf-%d0%b7%d0%b0-%d0%bf%d1%80%d0%b8%d0%b7%d0%bd%d0%b0%d1%87%d0%b5%d0%bd%d0%bd%d1%8f%d0%bc\/","og_locale":"uk_UA","og_type":"article","og_title":"\u0413\u041a\u041f \u0437\u0430 \u043f\u0440\u0438\u0437\u043d\u0430\u0447\u0435\u043d\u043d\u044f\u043c \u043c\u043e\u043d\u0442\u0430\u0436\u0443 (UD, CD, UW, CW) - Dexoprofile.eu","og_description":"DEXO PROFILE \u2014 \u0432\u0438\u0441\u043e\u043a\u043e\u044f\u043a\u0456\u0441\u043d\u0456 \u043f\u0440\u043e\u0444\u0456\u043b\u0456 \u0434\u043b\u044f \u0433\u0456\u043f\u0441\u0443 \u0437\u0430 \u043f\u0440\u0438\u0437\u043d\u0430\u0447\u0435\u043d\u043d\u044f\u043c \u043c\u043e\u043d\u0442\u0430\u0436\u0443. \u0422\u043e\u0432\u0449\u0438\u043d\u0430 \u043f\u0440\u043e\u0444\u0456\u043b\u0456\u0432 4-6 \u043c\u043c, \u043c\u043e\u0436\u043b\u0438\u0432\u0456 \u043d\u0435\u0441\u0442\u0430\u043d\u0434\u0430\u0440\u0442\u043d\u0456 \u0434\u043e\u0432\u0436\u0438\u043d\u0438.","og_url":"https:\/\/dexoprofile.eu\/uk\/%d0%b3%d0%ba%d0%bf-%d0%b7%d0%b0-%d0%bf%d1%80%d0%b8%d0%b7%d0%bd%d0%b0%d1%87%d0%b5%d0%bd%d0%bd%d1%8f%d0%bc\/","og_site_name":"Dexoprofile","twitter_card":"summary_large_image","schema":{"@context":"https:\/\/schema.org","@graph":[{"@type":"WebPage","@id":"https:\/\/dexoprofile.eu\/uk\/%d0%b3%d0%ba%d0%bf-%d0%b7%d0%b0-%d0%bf%d1%80%d0%b8%d0%b7%d0%bd%d0%b0%d1%87%d0%b5%d0%bd%d0%bd%d1%8f%d0%bc\/","url":"https:\/\/dexoprofile.eu\/uk\/%d0%b3%d0%ba%d0%bf-%d0%b7%d0%b0-%d0%bf%d1%80%d0%b8%d0%b7%d0%bd%d0%b0%d1%87%d0%b5%d0%bd%d0%bd%d1%8f%d0%bc\/","name":"\u0413\u041a\u041f \u0437\u0430 \u043f\u0440\u0438\u0437\u043d\u0430\u0447\u0435\u043d\u043d\u044f\u043c \u043c\u043e\u043d\u0442\u0430\u0436\u0443 (UD, CD, UW, CW) - Dexoprofile.eu","isPartOf":{"@id":"https:\/\/dexoprofile.eu\/uk\/#website"},"datePublished":"2025-04-14T07:31:12+00:00","dateModified":"2025-04-14T07:31:12+00:00","description":"DEXO PROFILE \u2014 \u0432\u0438\u0441\u043e\u043a\u043e\u044f\u043a\u0456\u0441\u043d\u0456 \u043f\u0440\u043e\u0444\u0456\u043b\u0456 \u0434\u043b\u044f \u0433\u0456\u043f\u0441\u0443 \u0437\u0430 \u043f\u0440\u0438\u0437\u043d\u0430\u0447\u0435\u043d\u043d\u044f\u043c \u043c\u043e\u043d\u0442\u0430\u0436\u0443. \u0422\u043e\u0432\u0449\u0438\u043d\u0430 \u043f\u0440\u043e\u0444\u0456\u043b\u0456\u0432 4-6 \u043c\u043c, \u043c\u043e\u0436\u043b\u0438\u0432\u0456 \u043d\u0435\u0441\u0442\u0430\u043d\u0434\u0430\u0440\u0442\u043d\u0456 \u0434\u043e\u0432\u0436\u0438\u043d\u0438.","breadcrumb":{"@id":"https:\/\/dexoprofile.eu\/uk\/%d0%b3%d0%ba%d0%bf-%d0%b7%d0%b0-%d0%bf%d1%80%d0%b8%d0%b7%d0%bd%d0%b0%d1%87%d0%b5%d0%bd%d0%bd%d1%8f%d0%bc\/#breadcrumb"},"inLanguage":"uk","potentialAction":[{"@type":"ReadAction","target":["https:\/\/dexoprofile.eu\/uk\/%d0%b3%d0%ba%d0%bf-%d0%b7%d0%b0-%d0%bf%d1%80%d0%b8%d0%b7%d0%bd%d0%b0%d1%87%d0%b5%d0%bd%d0%bd%d1%8f%d0%bc\/"]}]},{"@type":"BreadcrumbList","@id":"https:\/\/dexoprofile.eu\/uk\/%d0%b3%d0%ba%d0%bf-%d0%b7%d0%b0-%d0%bf%d1%80%d0%b8%d0%b7%d0%bd%d0%b0%d1%87%d0%b5%d0%bd%d0%bd%d1%8f%d0%bc\/#breadcrumb","itemListElement":[{"@type":"ListItem","position":1,"name":"Home","item":"https:\/\/dexoprofile.eu\/uk\/%d0%b3%d0%be%d0%bb%d0%be%d0%b2%d0%bd%d0%b0\/"},{"@type":"ListItem","position":2,"name":"\u0413\u041a\u041f \u0437\u0430 \u043f\u0440\u0438\u0437\u043d\u0430\u0447\u0435\u043d\u043d\u044f\u043c"}]},{"@type":"WebSite","@id":"https:\/\/dexoprofile.eu\/uk\/#website","url":"https:\/\/dexoprofile.eu\/uk\/","name":"Dexoprofile","description":"DEXO PROFILE - standartini\u0173 ir nestandartini\u0173 matmen\u0173 GK profiliai pagaminti Lietuvoje. CD, UD, CW, UW gipso kartono montavimo profiliai, kuriuos galite u\u017esisakyti tiesiai i\u0161 gamyklos sand\u0117lio. Gaminame standartini\u0173 ir nestandartini\u0173 matmen\u0173 profilius. Vykdome projektinius u\u017esakymus.","publisher":{"@id":"https:\/\/dexoprofile.eu\/uk\/#organization"},"potentialAction":[{"@type":"SearchAction","target":{"@type":"EntryPoint","urlTemplate":"https:\/\/dexoprofile.eu\/uk\/?s={search_term_string}"},"query-input":"required name=search_term_string"}],"inLanguage":"uk"},{"@type":"Organization","@id":"https:\/\/dexoprofile.eu\/uk\/#organization","name":"Dexoprofile","url":"https:\/\/dexoprofile.eu\/uk\/","logo":{"@type":"ImageObject","inLanguage":"uk","@id":"https:\/\/dexoprofile.eu\/uk\/#\/schema\/logo\/image\/","url":"https:\/\/dexoprofile.eu\/wp-content\/uploads\/2024\/03\/lll.png","contentUrl":"https:\/\/dexoprofile.eu\/wp-content\/uploads\/2024\/03\/lll.png","width":1080,"height":1080,"caption":"Dexoprofile"},"image":{"@id":"https:\/\/dexoprofile.eu\/uk\/#\/schema\/logo\/image\/"}}]}},"_links":{"self":[{"href":"https:\/\/dexoprofile.eu\/uk\/wp-json\/wp\/v2\/pages\/25315","targetHints":{"allow":["GET"]}}],"collection":[{"href":"https:\/\/dexoprofile.eu\/uk\/wp-json\/wp\/v2\/pages"}],"about":[{"href":"https:\/\/dexoprofile.eu\/uk\/wp-json\/wp\/v2\/types\/page"}],"author":[{"embeddable":true,"href":"https:\/\/dexoprofile.eu\/uk\/wp-json\/wp\/v2\/users\/2"}],"replies":[{"embeddable":true,"href":"https:\/\/dexoprofile.eu\/uk\/wp-json\/wp\/v2\/comments?post=25315"}],"version-history":[{"count":0,"href":"https:\/\/dexoprofile.eu\/uk\/wp-json\/wp\/v2\/pages\/25315\/revisions"}],"wp:attachment":[{"href":"https:\/\/dexoprofile.eu\/uk\/wp-json\/wp\/v2\/media?parent=25315"}],"curies":[{"name":"wp","href":"https:\/\/api.w.org\/{rel}","templated":true}]}}